{"id":27535,"date":"2025-03-29T17:14:34","date_gmt":"2025-03-29T16:14:34","guid":{"rendered":"https:\/\/dupescents.co\/products\/magic-perfume-remplacement-248m\/"},"modified":"2025-11-05T19:26:40","modified_gmt":"2025-11-05T18:26:40","slug":"magic-perfume-remplacement-248m","status":"publish","type":"product","link":"https:\/\/dupescents.co\/fr\/products\/magic-perfume-remplacement-248m\/","title":{"rendered":"MAGIC PERFUME REMPLACEMENT 248M"},"content":{"rendered":"<p>248M - Versace Eros Ersatz<br \/>\nEAU DE PARFUM NO 248M - VERSACE EROS ERSATZ<\/p>\n<p>DUFTNOTEN UNSERES ERSATZES:<\/p>\n<p>MADAGASKAR VANILLE<br \/>\nM\u00dcNZE<br \/>\nTONKA FR\u00dcCHTE<br \/>\nGR\u00dcNER APFEL<br \/>\nZITRONE<br \/>\nAMBROXAN<br \/>\nZEDERNWIRTSCHAFT VIRGINIEN<br \/>\nGERANIUM<br \/>\nVETERANIUM<br \/>\nEICHENMOOS<br \/>\nDUFTBESCHREIBUNG:<\/p>\n<p>Ein wahres Fest f\u00fcr die Sinne, perfekt f\u00fcr romantische Abende. Unser Pendant zum Duft Versace Eros ist eine Komposition voller Anziehungskraft und Leidenschaft, die mit ihrem unwiderstehlichen Charme verf\u00fchrt. Mit einer raffinierten Mischung aus holzigen Noten und Vanille mit erfrischenden Akkorden von Minze, gr\u00fcnem Apfel und Zitrone ist dieser Duft faszinierend und weckt Erinnerungen an leidenschaftliche Momente.<\/p>\n<p>EIGENSCHAFTEN DES \u00c4QUIVALENTS VON VERSACE EROS PARF\u00dcM:<br \/>\nDufttyp: aromatisch<br \/>\nF\u00fcr wen: m\u00e4nnlich<br \/>\nVolumen: 10 ml \/ 30 ml \/ 50 ml \/ 100 ml<br \/>\nProdukt-Code: 248M<br \/>\nDer Preis f\u00fcr dieses Parf\u00fcm h\u00e4ngt von der angegebenen Menge ab.<br \/>\nBitte geben Sie uns Ihr Feedback nach dem Kauf!<\/p>\n<p>Sehen Sie auch andere Versace Parfums und ihre Ersatzprodukte.<\/p>\n<p>Wie riecht das entsprechende Parf\u00fcm Versace Eros?<br \/>\nEs ist ein starker, maskuliner Duft mit ausgepr\u00e4gten Duftnoten, darunter Akkorde von Zedernholz, Eichenmoos, Zitrone, Minze oder Vanille. Das intensive Aroma unterstreicht perfekt den Charakter. Er kann zu verschiedenen Tageszeiten getragen werden und wird von jungen M\u00e4nnern bevorzugt, obwohl er f\u00fcr alle Altersgruppen geeignet ist.<\/p>\n<p>Ist das Versace Eros-\u00c4quivalent lang anhaltend?<br \/>\nDas Versace Eros-\u00c4quivalent hat einen Parf\u00fcmanteil von 19 %, so dass der Duft lange auf der Haut h\u00e4lt.<\/p>\n","protected":false},"excerpt":{"rendered":"<p class=\"product__text inline-richtext\">Inspiration : VERSACE EROS EDP<\/p>\n<p class=\"product__text inline-richtext\"><strong>\u2705 Eau de toilette 19-21% Parfum<\/strong><\/p>\n<p class=\"product__text inline-richtext\"><strong>\u2705 Le parfum dure une seconde journ\u00e9e<\/strong><\/p>\n<p class=\"product__text inline-richtext\"><strong>Achetez le parfum, pas la marque - \u00e9conomisez de l&rsquo;argent<\/strong><\/p>\n","protected":false},"featured_media":0,"comment_status":"open","ping_status":"closed","template":"","meta":{"_acf_changed":false},"product_brand":[],"product_cat":[201],"product_tag":[],"class_list":{"0":"post-27535","1":"product","2":"type-product","3":"status-publish","5":"product_cat-pour-les-hommes","7":"first","8":"instock","9":"shipping-taxable","10":"purchasable","11":"product-type-variable"},"acf":[],"aioseo_notices":[],"jetpack_sharing_enabled":true,"_links":{"self":[{"href":"https:\/\/dupescents.co\/fr\/wp-json\/wp\/v2\/product\/27535","targetHints":{"allow":["GET"]}}],"collection":[{"href":"https:\/\/dupescents.co\/fr\/wp-json\/wp\/v2\/product"}],"about":[{"href":"https:\/\/dupescents.co\/fr\/wp-json\/wp\/v2\/types\/product"}],"replies":[{"embeddable":true,"href":"https:\/\/dupescents.co\/fr\/wp-json\/wp\/v2\/comments?post=27535"}],"wp:attachment":[{"href":"https:\/\/dupescents.co\/fr\/wp-json\/wp\/v2\/media?parent=27535"}],"wp:term":[{"taxonomy":"product_brand","embeddable":true,"href":"https:\/\/dupescents.co\/fr\/wp-json\/wp\/v2\/product_brand?post=27535"},{"taxonomy":"product_cat","embeddable":true,"href":"https:\/\/dupescents.co\/fr\/wp-json\/wp\/v2\/product_cat?post=27535"},{"taxonomy":"product_tag","embeddable":true,"href":"https:\/\/dupescents.co\/fr\/wp-json\/wp\/v2\/product_tag?post=27535"}],"curies":[{"name":"wp","href":"https:\/\/api.w.org\/{rel}","templated":true}]}}