{"id":27526,"date":"2025-03-29T17:18:53","date_gmt":"2025-03-29T16:18:53","guid":{"rendered":"https:\/\/dupescents.co\/products\/sent-comme-noir-xs\/"},"modified":"2026-02-22T00:53:19","modified_gmt":"2026-02-21T23:53:19","slug":"sent-comme-noir-xs","status":"publish","type":"product","link":"https:\/\/dupescents.co\/fr\/products\/sent-comme-noir-xs\/","title":{"rendered":"Sent comme&#8230; Noir XS"},"content":{"rendered":"<p>249M - Remplacement pour Paco Rabanne Black XS<br \/>\nEAU DE PARFUM NO 249M - REMPLACEMENT POUR PACO RABANNE BLACK XS<\/p>\n<p>PARFUMS DE NOS SUBSTITUTS :<\/p>\n<p>PRALINE<br \/>\nCITRON<br \/>\nAGRUMES<br \/>\nCANNELLE<br \/>\nPACULA<br \/>\nBAUME TOLU<br \/>\nAMBRE NOIR<br \/>\nHEBAN<br \/>\nSAGE<br \/>\nMARIGOLD<br \/>\nCARDAMOME NOIRE<br \/>\nBOIS DE ROSE<br \/>\nDESCRIPTION DE LA FRAGRANCE :<\/p>\n<p>Un parfum tr\u00e8s intense et distinctif que tout individualiste appr\u00e9ciera. Notre Eau de Parfum n\u00b0 249M est l&rsquo;\u00e9quivalent de Paco Rabanne Black XS, qui se distingue par son \u00e9nergie et son rayonnement inextinguibles. Gr\u00e2ce \u00e0 son caract\u00e8re raffin\u00e9, oriental et bois\u00e9, il est parfait pour les occasions sp\u00e9ciales et les sorties en soir\u00e9e.  <\/p>\n<p>CARACTERISTIQUES DU PARFUM BLACK XS EQUIVALENT :<br \/>\nType de parfum : oriental, bois\u00e9<br \/>\nPour qui : masculin<br \/>\nContenu 30 ml \/ 50 ml \/ 100 ml<br \/>\nCode produit : 249M<br \/>\nLe prix de ce parfum d\u00e9pend de la quantit\u00e9 indiqu\u00e9e.<br \/>\nMerci de nous donner votre avis apr\u00e8s achat !<\/p>\n<p>Voir aussi les autres parfums Paco Rabanne et leurs produits de remplacement.<\/p>\n<p>Quelle est l&rsquo;odeur de l&rsquo;\u00e9quivalent du parfum Paco Rabanne Black XS ?<br \/>\nIl s&rsquo;agit en tout cas d&rsquo;un parfum int\u00e9ressant et plut\u00f4t attrayant, qui peut \u00eatre class\u00e9 comme bois\u00e9 et \u00e9galement oriental. Lorsque vous le sentez, vous pouvez percevoir des notes olfactives telles que la sauge, le citron, le patchouli, la cannelle, le bois de rose ou l&rsquo;\u00e9b\u00e8ne et la praline, entre autres. Comme vous pouvez le constater par le choix des accents, l&rsquo;ensemble de la composition a un ar\u00f4me sombre qui fonctionne bien en hiver ou en soir\u00e9e.  <\/p>\n","protected":false},"excerpt":{"rendered":"<p>Inspiration : Paco Rabanne Black XS EDT 100ML<\/p>\n<p class=\"product__text inline-richtext\"><strong>\u2705 Eau de toilette 19-21% Parfum<\/strong><\/p>\n<p class=\"product__text inline-richtext\"><strong>\u2705 Le parfum dure une seconde journ\u00e9e<\/strong><\/p>\n<p class=\"product__text inline-richtext\"><strong>Achetez le parfum, pas la marque - \u00e9conomisez de l&rsquo;argent<\/strong><\/p>\n","protected":false},"featured_media":35955,"comment_status":"open","ping_status":"closed","template":"","meta":{"_acf_changed":false},"product_brand":[],"product_cat":[201],"product_tag":[],"class_list":{"0":"post-27526","1":"product","2":"type-product","3":"status-publish","4":"has-post-thumbnail","6":"product_cat-pour-les-hommes","8":"first","9":"instock","10":"shipping-taxable","11":"purchasable","12":"product-type-variable"},"acf":[],"aioseo_notices":[],"jetpack_sharing_enabled":true,"_links":{"self":[{"href":"https:\/\/dupescents.co\/fr\/wp-json\/wp\/v2\/product\/27526","targetHints":{"allow":["GET"]}}],"collection":[{"href":"https:\/\/dupescents.co\/fr\/wp-json\/wp\/v2\/product"}],"about":[{"href":"https:\/\/dupescents.co\/fr\/wp-json\/wp\/v2\/types\/product"}],"replies":[{"embeddable":true,"href":"https:\/\/dupescents.co\/fr\/wp-json\/wp\/v2\/comments?post=27526"}],"wp:featuredmedia":[{"embeddable":true,"href":"https:\/\/dupescents.co\/fr\/wp-json\/wp\/v2\/media\/35955"}],"wp:attachment":[{"href":"https:\/\/dupescents.co\/fr\/wp-json\/wp\/v2\/media?parent=27526"}],"wp:term":[{"taxonomy":"product_brand","embeddable":true,"href":"https:\/\/dupescents.co\/fr\/wp-json\/wp\/v2\/product_brand?post=27526"},{"taxonomy":"product_cat","embeddable":true,"href":"https:\/\/dupescents.co\/fr\/wp-json\/wp\/v2\/product_cat?post=27526"},{"taxonomy":"product_tag","embeddable":true,"href":"https:\/\/dupescents.co\/fr\/wp-json\/wp\/v2\/product_tag?post=27526"}],"curies":[{"name":"wp","href":"https:\/\/api.w.org\/{rel}","templated":true}]}}