{"id":27474,"date":"2025-04-02T18:23:18","date_gmt":"2025-04-02T16:23:18","guid":{"rendered":"https:\/\/dupescents.co\/products\/sent-comme-leau-par-kenzo\/"},"modified":"2025-11-05T19:26:32","modified_gmt":"2025-11-05T18:26:32","slug":"sent-comme-leau-par-kenzo","status":"publish","type":"product","link":"https:\/\/dupescents.co\/fr\/products\/sent-comme-leau-par-kenzo\/","title":{"rendered":"Sent comme&#8230; L&rsquo;eau Par Kenzo"},"content":{"rendered":"<p>119W - Ersatz f\u00fcr Kenzo L&rsquo;eau Par Kenzo<br \/>\n119W EAU DE PAR KENZO - ERSATZ F\u00dcR KENZO L&rsquo;EAU PAR KENZO<\/p>\n<p>DUFTNOTEN UNSERES ERSATZES:<\/p>\n<p>WASSERLILIE<br \/>\nTRINKEN<br \/>\nM\u00dcNZE<br \/>\nGR\u00dcNE SAPS<br \/>\nPFEFFER<br \/>\nZEDER<br \/>\nMANDARINE<br \/>\nPINKENPFEFFER<br \/>\nFRUCHT<br \/>\nWEISSER PFIRSCH<br \/>\nWEISSER PFIRSCHEN<br \/>\nWORTHY<br \/>\nROSE<br \/>\nVANILLA<br \/>\nDUFTBESCHREIBUNG:<\/p>\n<p>Ein beruhigender, frischer Duft mit leichten aquatischen Noten. Unser Eau de Par Kenzo No. 119W ist ein Pendant zu Kenzo L&rsquo;Eau Par Kenzo, das durch seine Zeitlosigkeit besticht. Es ist perfekt f\u00fcr hei\u00dfe Sommertage und bringt einen leichten Hauch von Meereserfrischung. Er besticht durch seine Schlichtheit und unterstreicht die Weiblichkeit seiner Tr\u00e4gerin auf sinnliche, aber nicht aufdringliche Weise.<\/p>\n<p>EIGENSCHAFTEN DES \u00c4QUIVALENTS VON KENZO L&rsquo;EAU PAR KENZO PARFUM:<br \/>\nDufttyp: blumig, aquatisch<br \/>\nF\u00fcr wen: Frauen<br \/>\nVolumen: 30 ml \/ 50 ml \/ 100 ml<br \/>\nProdukt-Code: 119W<br \/>\nDer Preis f\u00fcr dieses Parf\u00fcm h\u00e4ngt von der angegebenen Menge ab.<br \/>\nBitte geben Sie uns Ihr Feedback nach dem Kauf!<\/p>\n<p>Sehen Sie auch andere Kenzo Parfums und deren Ersatzprodukte.<\/p>\n","protected":false},"excerpt":{"rendered":"<p>Inspiration : Kenzo L&rsquo;eau Par Kenzo EDT 50ML<\/p>\n<p class=\"product__text inline-richtext\"><strong>\u2705 Eau de toilette 19-21% Parfum<\/strong><\/p>\n<p class=\"product__text inline-richtext\"><strong>\u2705 Le parfum dure une seconde journ\u00e9e<\/strong><\/p>\n<p class=\"product__text inline-richtext\"><strong>Achetez le parfum, pas la marque - \u00e9conomisez de l&rsquo;argent<\/strong><\/p>\n","protected":false},"featured_media":0,"comment_status":"open","ping_status":"closed","template":"","meta":{"_acf_changed":false},"product_brand":[],"product_cat":[203],"product_tag":[],"class_list":{"0":"post-27474","1":"product","2":"type-product","3":"status-publish","5":"product_cat-pour-les-femmes","7":"first","8":"instock","9":"shipping-taxable","10":"purchasable","11":"product-type-variable"},"acf":[],"aioseo_notices":[],"jetpack_sharing_enabled":true,"_links":{"self":[{"href":"https:\/\/dupescents.co\/fr\/wp-json\/wp\/v2\/product\/27474","targetHints":{"allow":["GET"]}}],"collection":[{"href":"https:\/\/dupescents.co\/fr\/wp-json\/wp\/v2\/product"}],"about":[{"href":"https:\/\/dupescents.co\/fr\/wp-json\/wp\/v2\/types\/product"}],"replies":[{"embeddable":true,"href":"https:\/\/dupescents.co\/fr\/wp-json\/wp\/v2\/comments?post=27474"}],"wp:attachment":[{"href":"https:\/\/dupescents.co\/fr\/wp-json\/wp\/v2\/media?parent=27474"}],"wp:term":[{"taxonomy":"product_brand","embeddable":true,"href":"https:\/\/dupescents.co\/fr\/wp-json\/wp\/v2\/product_brand?post=27474"},{"taxonomy":"product_cat","embeddable":true,"href":"https:\/\/dupescents.co\/fr\/wp-json\/wp\/v2\/product_cat?post=27474"},{"taxonomy":"product_tag","embeddable":true,"href":"https:\/\/dupescents.co\/fr\/wp-json\/wp\/v2\/product_tag?post=27474"}],"curies":[{"name":"wp","href":"https:\/\/api.w.org\/{rel}","templated":true}]}}