{"id":27444,"date":"2025-04-02T18:33:51","date_gmt":"2025-04-02T16:33:51","guid":{"rendered":"https:\/\/dupescents.co\/products\/sent-comme-boss-intense\/"},"modified":"2026-02-21T23:42:22","modified_gmt":"2026-02-21T22:42:22","slug":"sent-comme-boss-intense","status":"publish","type":"product","link":"https:\/\/dupescents.co\/fr\/products\/sent-comme-boss-intense\/","title":{"rendered":"Sent comme&#8230; BOSS Intense"},"content":{"rendered":"<p>089W - Hugo Boss Boss Intense remplacement<br \/>\nEAU DE PARFUM NR. 089W - REMPLACEMENT POUR HUGO BOSS BOSS INTENSE<\/p>\n<p>LES PARFUMS DE NOTRE REMPLACEMENT :<\/p>\n<p>\u00c9PICES<br \/>\nBOIS DE SANTAL<br \/>\nVANILLE<br \/>\nFLEUR D&rsquo;ORANGER<br \/>\nBURSHINE<br \/>\nROSE<br \/>\nPACULA<br \/>\nDESCRIPTION DU PARFUM :<\/p>\n<p>Un parfum profond et chaleureux pour les femmes d\u00e9termin\u00e9es. Notre parfum poda n\u00b0 089W est le pendant de Hugo Boss Boss Intense, qui exhale l&rsquo;Orient. La merveilleuse composition d&rsquo;\u00e9pices expressives, de vanille et de fleurs : rose et patchouli assure une longue dur\u00e9e de vie. Ce parfum est parfait pour les occasions sp\u00e9ciales et les rendez-vous en soir\u00e9e.   <\/p>\n<p>CARACTERISTIQUES DE L&rsquo;EQUIVALENT DE BOSS INTENSE PERFUME :<br \/>\nType de parfum : oriental, bois\u00e9<br \/>\nPour qui : femme<br \/>\nContenu : 10ml \/ 30ml \/ 50ml \/ 100ml<br \/>\nCode produit : 089W<br \/>\nLe prix de ce parfum d\u00e9pend de la quantit\u00e9 indiqu\u00e9e.<br \/>\nMerci de nous donner votre avis apr\u00e8s l&rsquo;achat !<\/p>\n<p>Voir aussi les autres parfums Hugo Boss et leurs substituts.<\/p>\n","protected":false},"excerpt":{"rendered":"<p class=\"product__text inline-richtext\">Inspiration : Hugo Boss Boss Intense EDP 50ML<\/p>\n<p class=\"product__text inline-richtext\"><strong>\u2705 Eau de toilette 19-21% Parfum<\/strong><\/p>\n<p class=\"product__text inline-richtext\"><strong>\u2705 Le parfum dure une seconde journ\u00e9e<\/strong><\/p>\n<p class=\"product__text inline-richtext\"><strong>Achetez le parfum, pas la marque - \u00e9conomisez de l&rsquo;argent<\/strong><\/p>\n","protected":false},"featured_media":35885,"comment_status":"open","ping_status":"closed","template":"","meta":{"_acf_changed":false},"product_brand":[],"product_cat":[213,203],"product_tag":[],"class_list":{"0":"post-27444","1":"product","2":"type-product","3":"status-publish","4":"has-post-thumbnail","6":"product_cat-meilleures-ventes","7":"product_cat-pour-les-femmes","9":"first","10":"instock","11":"shipping-taxable","12":"purchasable","13":"product-type-variable"},"acf":[],"aioseo_notices":[],"jetpack_sharing_enabled":true,"_links":{"self":[{"href":"https:\/\/dupescents.co\/fr\/wp-json\/wp\/v2\/product\/27444","targetHints":{"allow":["GET"]}}],"collection":[{"href":"https:\/\/dupescents.co\/fr\/wp-json\/wp\/v2\/product"}],"about":[{"href":"https:\/\/dupescents.co\/fr\/wp-json\/wp\/v2\/types\/product"}],"replies":[{"embeddable":true,"href":"https:\/\/dupescents.co\/fr\/wp-json\/wp\/v2\/comments?post=27444"}],"wp:featuredmedia":[{"embeddable":true,"href":"https:\/\/dupescents.co\/fr\/wp-json\/wp\/v2\/media\/35885"}],"wp:attachment":[{"href":"https:\/\/dupescents.co\/fr\/wp-json\/wp\/v2\/media?parent=27444"}],"wp:term":[{"taxonomy":"product_brand","embeddable":true,"href":"https:\/\/dupescents.co\/fr\/wp-json\/wp\/v2\/product_brand?post=27444"},{"taxonomy":"product_cat","embeddable":true,"href":"https:\/\/dupescents.co\/fr\/wp-json\/wp\/v2\/product_cat?post=27444"},{"taxonomy":"product_tag","embeddable":true,"href":"https:\/\/dupescents.co\/fr\/wp-json\/wp\/v2\/product_tag?post=27444"}],"curies":[{"name":"wp","href":"https:\/\/api.w.org\/{rel}","templated":true}]}}