{"id":27412,"date":"2025-04-02T18:34:24","date_gmt":"2025-04-02T16:34:24","guid":{"rendered":"https:\/\/dupescents.co\/products\/sent-comme-xx\/"},"modified":"2025-11-05T19:26:27","modified_gmt":"2025-11-05T18:26:27","slug":"sent-comme-xx","status":"publish","type":"product","link":"https:\/\/dupescents.co\/fr\/products\/sent-comme-xx\/","title":{"rendered":"Sent comme&#8230; XX"},"content":{"rendered":"<p>091W - Hugo Boss XX Ersatz<br \/>\nEAU DE PARFUM NO 091W - HUGO BOSS XX ERSATZ<\/p>\n<p>DUFTNOTEN UNSERES ERSATZES:<\/p>\n<p>JASMINE<br \/>\nLICHI<br \/>\nBLACKCURRANT<br \/>\nMANDARINE<br \/>\nBASMATI-REIS<br \/>\nPI\u017bMO<br \/>\nROSE<br \/>\nSANDALWOOD<br \/>\nBURSHINE<br \/>\nDUFTBESCHREIBUNG:<\/p>\n<p>Eine sinnliche Begegnung zwischen zwei Menschen in einem Parf\u00fcmflakon verk\u00f6rpert. Unser Pendant zum Duft Hugo Boss XX ist ein Eau de Parfum f\u00fcr Frauen, die sich ihres Charmes bewusst sind, selbstbewusst und sinnlich. Es ist eine Harmonie der Gef\u00fchle, in der die Liebe die wichtigste Rolle spielt. Dr\u00fccken Sie Ihren Stil und Ihre Eleganz mit dieser reifen fruchtig-blumigen Komposition aus.<\/p>\n<p>EIGENSCHAFTEN DES HUGO BOSS XX COUNTERPART:<br \/>\nDufttyp: fruchtig, blumig<br \/>\nF\u00fcr wen: Frauen<br \/>\nInhalt: 10ml \/ 30ml \/ 50ml \/ 100ml<br \/>\nProdukt-Code: 091W<br \/>\nDer Preis f\u00fcr dieses Parf\u00fcm h\u00e4ngt von der angegebenen Menge ab.<br \/>\nBitte geben Sie uns Ihr Feedback nach dem Kauf!<\/p>\n<p>Sehen Sie auch andere Hugo Boss Parfums und ihre Substitute.<\/p>\n","protected":false},"excerpt":{"rendered":"<p class=\"product__text inline-richtext\">Inspiration : Hugo Boss XX EDT 100ML<\/p>\n<p class=\"product__text inline-richtext\"><strong>\u2705 Eau de toilette 19-21% Parfum<\/strong><\/p>\n<p class=\"product__text inline-richtext\"><strong>\u2705 Le parfum dure une seconde journ\u00e9e<\/strong><\/p>\n<p class=\"product__text inline-richtext\"><strong>Achetez le parfum, pas la marque - \u00e9conomisez de l&rsquo;argent<\/strong><\/p>\n","protected":false},"featured_media":0,"comment_status":"open","ping_status":"closed","template":"","meta":{"_acf_changed":false},"product_brand":[],"product_cat":[203],"product_tag":[],"class_list":{"0":"post-27412","1":"product","2":"type-product","3":"status-publish","5":"product_cat-pour-les-femmes","7":"first","8":"instock","9":"shipping-taxable","10":"purchasable","11":"product-type-variable"},"acf":[],"aioseo_notices":[],"jetpack_sharing_enabled":true,"_links":{"self":[{"href":"https:\/\/dupescents.co\/fr\/wp-json\/wp\/v2\/product\/27412","targetHints":{"allow":["GET"]}}],"collection":[{"href":"https:\/\/dupescents.co\/fr\/wp-json\/wp\/v2\/product"}],"about":[{"href":"https:\/\/dupescents.co\/fr\/wp-json\/wp\/v2\/types\/product"}],"replies":[{"embeddable":true,"href":"https:\/\/dupescents.co\/fr\/wp-json\/wp\/v2\/comments?post=27412"}],"wp:attachment":[{"href":"https:\/\/dupescents.co\/fr\/wp-json\/wp\/v2\/media?parent=27412"}],"wp:term":[{"taxonomy":"product_brand","embeddable":true,"href":"https:\/\/dupescents.co\/fr\/wp-json\/wp\/v2\/product_brand?post=27412"},{"taxonomy":"product_cat","embeddable":true,"href":"https:\/\/dupescents.co\/fr\/wp-json\/wp\/v2\/product_cat?post=27412"},{"taxonomy":"product_tag","embeddable":true,"href":"https:\/\/dupescents.co\/fr\/wp-json\/wp\/v2\/product_tag?post=27412"}],"curies":[{"name":"wp","href":"https:\/\/api.w.org\/{rel}","templated":true}]}}