{"id":27392,"date":"2025-04-02T18:35:28","date_gmt":"2025-04-02T16:35:28","guid":{"rendered":"https:\/\/dupescents.co\/products\/sent-comme-212-rose-vip\/"},"modified":"2026-02-21T19:59:46","modified_gmt":"2026-02-21T18:59:46","slug":"sent-comme-212-rose-vip","status":"publish","type":"product","link":"https:\/\/dupescents.co\/fr\/products\/sent-comme-212-rose-vip\/","title":{"rendered":"Sent comme&#8230; 212 Rose VIP"},"content":{"rendered":"<p>419W - Eau de Parfum correspond \u00e0 Carolina Herrera 212 VIP Ros\u00e9<br \/>\nEAU DE PARFUM NR. 419W - \u00c9QUIVALENT AU PARFUM CAROLINA HERRERA 212 VIP ROS\u00c9<\/p>\n<p>PARFUMS DE NOS SUBSTITUTS :<\/p>\n<p>ROSY SHAMPOO<br \/>\nROSES POIVR\u00c9ES<br \/>\nPEACH BLOSSOM<br \/>\nROSE<br \/>\nPOIVRE BLANC<br \/>\nNOTES BOIS\u00c9ES<br \/>\nDESCRIPTION DU PARFUM :<\/p>\n<p>Vous avez envie de danser toute la nuit dans une ville tr\u00e9pidante ? N&rsquo;oubliez pas l&rsquo;\u00e9l\u00e9gance ! Notre parfum inspir\u00e9 de Carolina Herrera 212 VIP Ros\u00e9 Parfum vous donne un style de f\u00eate combin\u00e9 \u00e0 la classe. Soulignez votre caract\u00e8re avec des notes de champagne rose, de fleur de p\u00eacher et de poivre, bris\u00e9es par des muscs sensuels et des notes bois\u00e9es.   <\/p>\n<p>CARACTERISTIQUES DE L&rsquo;EQUIVALENT DE CAROLINA HERRERA 212 VIP ROS\u00c9 PARFUM :<br \/>\nType de parfum : floral, fruit\u00e9<br \/>\nPour qui : femmes<br \/>\nVolume : 10 ml \/ 30 ml \/ 50 ml \/ 100 ml<br \/>\nCode produit : 419W<br \/>\nLe prix de ce parfum d\u00e9pend de la quantit\u00e9 indiqu\u00e9e.<br \/>\nVeuillez nous donner votre avis apr\u00e8s l&rsquo;achat !<\/p>\n<p>D\u00e9couvrez les autres parfums de Carolina Herrera.<\/p>\n","protected":false},"excerpt":{"rendered":"<p>Inspiration : Carolina Herrera 212 VIP Ros\u00e9 EDP 30M<\/p>\n<p class=\"product__text inline-richtext\"><strong>\u2705 Eau de toilette 19-21% Parfum<\/strong><\/p>\n<p class=\"product__text inline-richtext\"><strong>\u2705 Le parfum dure une seconde journ\u00e9e<\/strong><\/p>\n<p class=\"product__text inline-richtext\"><strong>Achetez le parfum, pas la marque - \u00e9conomisez de l&rsquo;argent<\/strong><\/p>\n","protected":false},"featured_media":35812,"comment_status":"open","ping_status":"closed","template":"","meta":{"_acf_changed":false},"product_brand":[],"product_cat":[213,203],"product_tag":[],"class_list":{"0":"post-27392","1":"product","2":"type-product","3":"status-publish","4":"has-post-thumbnail","6":"product_cat-meilleures-ventes","7":"product_cat-pour-les-femmes","9":"first","10":"instock","11":"shipping-taxable","12":"purchasable","13":"product-type-variable"},"acf":[],"aioseo_notices":[],"jetpack_sharing_enabled":true,"_links":{"self":[{"href":"https:\/\/dupescents.co\/fr\/wp-json\/wp\/v2\/product\/27392","targetHints":{"allow":["GET"]}}],"collection":[{"href":"https:\/\/dupescents.co\/fr\/wp-json\/wp\/v2\/product"}],"about":[{"href":"https:\/\/dupescents.co\/fr\/wp-json\/wp\/v2\/types\/product"}],"replies":[{"embeddable":true,"href":"https:\/\/dupescents.co\/fr\/wp-json\/wp\/v2\/comments?post=27392"}],"wp:featuredmedia":[{"embeddable":true,"href":"https:\/\/dupescents.co\/fr\/wp-json\/wp\/v2\/media\/35812"}],"wp:attachment":[{"href":"https:\/\/dupescents.co\/fr\/wp-json\/wp\/v2\/media?parent=27392"}],"wp:term":[{"taxonomy":"product_brand","embeddable":true,"href":"https:\/\/dupescents.co\/fr\/wp-json\/wp\/v2\/product_brand?post=27392"},{"taxonomy":"product_cat","embeddable":true,"href":"https:\/\/dupescents.co\/fr\/wp-json\/wp\/v2\/product_cat?post=27392"},{"taxonomy":"product_tag","embeddable":true,"href":"https:\/\/dupescents.co\/fr\/wp-json\/wp\/v2\/product_tag?post=27392"}],"curies":[{"name":"wp","href":"https:\/\/api.w.org\/{rel}","templated":true}]}}