{"id":27374,"date":"2025-04-02T18:44:20","date_gmt":"2025-04-02T16:44:20","guid":{"rendered":"https:\/\/dupescents.co\/products\/ca-sent-comme-ange-ou-demon\/"},"modified":"2026-02-21T12:20:21","modified_gmt":"2026-02-21T11:20:21","slug":"ca-sent-comme-ange-ou-demon","status":"publish","type":"product","link":"https:\/\/dupescents.co\/fr\/products\/ca-sent-comme-ange-ou-demon\/","title":{"rendered":"\u00c7a sent comme&#8230; Ange Ou Demon"},"content":{"rendered":"<p>142W - Ersatz f\u00fcr Givenchy Ange Ou Demon<br \/>\nEAU DE PARFUM NO 142W - ERSATZ F\u00dcR GIVENCHY ANGE OU DEMON<\/p>\n<p>DUFTNOTEN UNSERES ERSATZES:<\/p>\n<p>VANILLA<br \/>\nSAFFRON<br \/>\nLILIE<br \/>\nTONKA FASOL<br \/>\nTHIMAN<br \/>\nYLANG-YLANG<br \/>\nORCHIDEA<br \/>\nBRASILIANISCHES ROSENHOLZ<br \/>\nEICHENMOSS<br \/>\nMANDARINE<br \/>\nDUFTBESCHREIBUNG:<\/p>\n<p>Ein bezaubernder, leicht d\u00e4monischer Duft f\u00fcr Frauen, die wissen, was sie wollen. Als Pendant zum Givenchy-Duft Ange Ou Demon ist dieses hochwertige Eau de Parfum perfekt f\u00fcr jede Gelegenheit. Die Kombination von saftiger Mandarine mit verf\u00fchrerischen blumigen Noten erzielt eine sinnliche Wirkung, der man sich nur schwer entziehen kann.<\/p>\n<p>MERKMALE DES PARF\u00dcM-GEGENST\u00dcCKS GIVENCHY ANGE OU DEMON:<br \/>\nDufttyp: blumig<br \/>\nF\u00fcr wen: Frauen<br \/>\nVolumen: 10 ml \/ 30 ml \/ 50 ml \/ 100 ml<br \/>\nProdukt-Code: 142W<br \/>\nDer Preis f\u00fcr dieses Parf\u00fcm h\u00e4ngt von der angegebenen Menge ab.<br \/>\nBitte geben Sie uns nach dem Kauf Ihr Feedback!<\/p>\n<p>Sehen Sie auch andere Parfums von Givenchy und ihre Ersatzprodukte.<\/p>\n<p>Wie riecht das \u00c4quivalent des Parfums Givenchy Ange Ou Demon?<br \/>\nEs ist ein sch\u00f6ner und unverwechselbarer Duft, der als blumig wahrgenommen wird. Es hat Duftnoten von Orchideenbl\u00fcten, Safran, Vanille, Eichenmoos oder Lilie, unter anderem. Der Gesamtduft ist frisch und s\u00fc\u00df zugleich.<\/p>\n<p>F\u00fcr wen ist das Parf\u00fcm Givenchy Ange Ou Demon geeignet?<br \/>\nDieses Eau de Parfum f\u00fcr Frauen ist ideal f\u00fcr Frauen, die gerne neue Emotionen erkunden und keine Angst vor Zweideutigkeit und einem Hauch von Geheimnis haben. Die Komposition hat ein sehr sinnliches Aroma und verf\u00fchrt mit seinem Duft.<\/p>\n","protected":false},"excerpt":{"rendered":"<p>GIVENCHY ANGE OU D\u00c9MON<\/p>\n<p class=\"product__text inline-richtext\"><strong>\u2705 Eau de toilette 19-21% Parfum<\/strong><\/p>\n<p class=\"product__text inline-richtext\"><strong>\u2705 Le parfum dure une seconde journ\u00e9e<\/strong><\/p>\n<p class=\"product__text inline-richtext\"><strong>Achetez le parfum, pas la marque - \u00e9conomisez de l&rsquo;argent<\/strong><\/p>\n","protected":false},"featured_media":35685,"comment_status":"open","ping_status":"closed","template":"","meta":{"_acf_changed":false},"product_brand":[],"product_cat":[213,203],"product_tag":[],"class_list":{"0":"post-27374","1":"product","2":"type-product","3":"status-publish","4":"has-post-thumbnail","6":"product_cat-meilleures-ventes","7":"product_cat-pour-les-femmes","9":"first","10":"instock","11":"shipping-taxable","12":"purchasable","13":"product-type-variable"},"acf":[],"aioseo_notices":[],"jetpack_sharing_enabled":true,"_links":{"self":[{"href":"https:\/\/dupescents.co\/fr\/wp-json\/wp\/v2\/product\/27374","targetHints":{"allow":["GET"]}}],"collection":[{"href":"https:\/\/dupescents.co\/fr\/wp-json\/wp\/v2\/product"}],"about":[{"href":"https:\/\/dupescents.co\/fr\/wp-json\/wp\/v2\/types\/product"}],"replies":[{"embeddable":true,"href":"https:\/\/dupescents.co\/fr\/wp-json\/wp\/v2\/comments?post=27374"}],"wp:featuredmedia":[{"embeddable":true,"href":"https:\/\/dupescents.co\/fr\/wp-json\/wp\/v2\/media\/35685"}],"wp:attachment":[{"href":"https:\/\/dupescents.co\/fr\/wp-json\/wp\/v2\/media?parent=27374"}],"wp:term":[{"taxonomy":"product_brand","embeddable":true,"href":"https:\/\/dupescents.co\/fr\/wp-json\/wp\/v2\/product_brand?post=27374"},{"taxonomy":"product_cat","embeddable":true,"href":"https:\/\/dupescents.co\/fr\/wp-json\/wp\/v2\/product_cat?post=27374"},{"taxonomy":"product_tag","embeddable":true,"href":"https:\/\/dupescents.co\/fr\/wp-json\/wp\/v2\/product_tag?post=27374"}],"curies":[{"name":"wp","href":"https:\/\/api.w.org\/{rel}","templated":true}]}}