{"id":27365,"date":"2025-04-02T18:37:03","date_gmt":"2025-04-02T16:37:03","guid":{"rendered":"https:\/\/dupescents.co\/products\/magic-perfume-remplacement-015w\/"},"modified":"2025-11-05T19:26:21","modified_gmt":"2025-11-05T18:26:21","slug":"magic-perfume-remplacement-015w","status":"publish","type":"product","link":"https:\/\/dupescents.co\/fr\/products\/magic-perfume-remplacement-015w\/","title":{"rendered":"MAGIC PERFUME REMPLACEMENT 015W"},"content":{"rendered":"<p>015W - Ersatz f\u00fcr DKNY Women Energizing<br \/>\nPARF\u00dcMWASSER 015W - ERSATZ DKNY WOMEN ENERGIZING<\/p>\n<p>DUFTNOTEN UNSERES ERSATZES:<\/p>\n<p>TOMBER LEAF<br \/>\nORANGE<br \/>\nMANDARINE<br \/>\nSCHWARZE JOHANNISBEERE BLATT<br \/>\nWASSERLILIE<br \/>\nBLACKTHORN<br \/>\nGELBE NACHBARIN<br \/>\nAMBER<br \/>\nMORELA<br \/>\nSANDALWOOD<br \/>\nJASMINE<br \/>\nPACULA<br \/>\nHELIOTROP<br \/>\nYLANG-YLANG<br \/>\nROSE<br \/>\nORCHIDEA<br \/>\nBURSHINE<br \/>\nDUFTBESCHREIBUNG:<\/p>\n<p>Ein Parf\u00fcm f\u00fcr selbstbewusste Frauen, die ohne zu z\u00f6gern nach H\u00f6herem streben. Das ist unser Gegenst\u00fcck zum DKNY Women Energizing Duft, ein perfektes Spiegelbild des Originals. Dieser knackig-frische Duft motiviert Sie zum Handeln und ermutigt Sie, mehr zu erreichen. Ideal f\u00fcr den t\u00e4glichen Gebrauch.<\/p>\n<p>MERKMALE DES DKNY WOMEN GEGENST\u00dcCKS:<br \/>\nDufttyp: blumig, fruchtig, frisch<br \/>\nF\u00fcr wen: Frauen<br \/>\nInhalt: 10ml \/ 30ml \/ 50ml \/ 100ml<br \/>\nProdukt-Code: 015W<br \/>\nDer Preis f\u00fcr dieses Parf\u00fcm h\u00e4ngt von der angegebenen Menge ab.<br \/>\nBitte geben Sie uns nach dem Kauf Ihr Feedback!<\/p>\n<p>Siehe auch andere DKNY Parfums und deren Ersatzprodukte.<\/p>\n","protected":false},"excerpt":{"rendered":"<p class=\"product__text inline-richtext\">Inspiration : DKNY WOMEN ENERGIZING EDP<\/p>\n<p class=\"product__text inline-richtext\"><strong>\u2705 Eau de toilette 19-21% Parfum<\/strong><\/p>\n<p class=\"product__text inline-richtext\"><strong>\u2705 Le parfum dure une seconde journ\u00e9e<\/strong><\/p>\n<p class=\"product__text inline-richtext\"><strong>Achetez le parfum, pas la marque - \u00e9conomisez de l&rsquo;argent<\/strong><\/p>\n","protected":false},"featured_media":0,"comment_status":"open","ping_status":"closed","template":"","meta":{"_acf_changed":false},"product_brand":[],"product_cat":[203],"product_tag":[],"class_list":{"0":"post-27365","1":"product","2":"type-product","3":"status-publish","5":"product_cat-pour-les-femmes","7":"first","8":"instock","9":"shipping-taxable","10":"purchasable","11":"product-type-variable"},"acf":[],"aioseo_notices":[],"jetpack_sharing_enabled":true,"_links":{"self":[{"href":"https:\/\/dupescents.co\/fr\/wp-json\/wp\/v2\/product\/27365","targetHints":{"allow":["GET"]}}],"collection":[{"href":"https:\/\/dupescents.co\/fr\/wp-json\/wp\/v2\/product"}],"about":[{"href":"https:\/\/dupescents.co\/fr\/wp-json\/wp\/v2\/types\/product"}],"replies":[{"embeddable":true,"href":"https:\/\/dupescents.co\/fr\/wp-json\/wp\/v2\/comments?post=27365"}],"wp:attachment":[{"href":"https:\/\/dupescents.co\/fr\/wp-json\/wp\/v2\/media?parent=27365"}],"wp:term":[{"taxonomy":"product_brand","embeddable":true,"href":"https:\/\/dupescents.co\/fr\/wp-json\/wp\/v2\/product_brand?post=27365"},{"taxonomy":"product_cat","embeddable":true,"href":"https:\/\/dupescents.co\/fr\/wp-json\/wp\/v2\/product_cat?post=27365"},{"taxonomy":"product_tag","embeddable":true,"href":"https:\/\/dupescents.co\/fr\/wp-json\/wp\/v2\/product_tag?post=27365"}],"curies":[{"name":"wp","href":"https:\/\/api.w.org\/{rel}","templated":true}]}}