{"id":27338,"date":"2025-04-02T18:37:44","date_gmt":"2025-04-02T16:37:44","guid":{"rendered":"https:\/\/dupescents.co\/products\/sent-comme-mon\/"},"modified":"2026-02-20T19:57:42","modified_gmt":"2026-02-20T18:57:42","slug":"sent-comme-mon","status":"publish","type":"product","link":"https:\/\/dupescents.co\/fr\/products\/sent-comme-mon\/","title":{"rendered":"Sent comme&#8230; MON"},"content":{"rendered":"<p>187W - Ersatz f\u00fcr Guerlain MON<br \/>\nPARF\u00dcMWASSER NR. 187W - ERSATZ F\u00dcR GUERLAIN MON GUERLAIN<\/p>\n<p>DUFTNOTEN UNSERES ERSATZES:<\/p>\n<p>TAHITIANISCHE VANILLE<br \/>\nLAVENDER<br \/>\nKUMARIN<br \/>\nIRIS<br \/>\nAUSTRALISCHES SANDELHOLZ<br \/>\nGROSSBL\u00c4TTRIGER JASMIN<br \/>\nBERGAMOTTE<br \/>\nBENZOES<br \/>\nLUCRECIA<br \/>\nPACULA<br \/>\nROSE<br \/>\nDUFTBESCHREIBUNG:<\/p>\n<p>Ziehen Sie die Blicke der anderen auf sich und zeigen Sie Ihr wahres Gesicht! Unser Eau de Parfum No. 187W, das \u00c4quivalent zum Duft Guerlain Mon Guerlain, wird Ihnen dabei helfen. Diese Komposition wird vor allem romantische Frauen begeistern, die ein frisches und orientalisches Parf\u00fcm f\u00fcr den Alltag und besondere Anl\u00e4sse suchen.<\/p>\n","protected":false},"excerpt":{"rendered":"<p>Inspiration : Guerlain MON EDP 50ML<\/p>\n<p class=\"product__text inline-richtext\"><strong>\u2705 Eau de toilette 19-21% Parfum<\/strong><\/p>\n<p class=\"product__text inline-richtext\"><strong>\u2705 Le parfum dure une seconde journ\u00e9e<\/strong><\/p>\n<p class=\"product__text inline-richtext\"><strong>Achetez le parfum, pas la marque - \u00e9conomisez de l&rsquo;argent<\/strong><\/p>\n","protected":false},"featured_media":36100,"comment_status":"open","ping_status":"closed","template":"","meta":{"_acf_changed":false},"product_brand":[],"product_cat":[213,203],"product_tag":[],"class_list":{"0":"post-27338","1":"product","2":"type-product","3":"status-publish","4":"has-post-thumbnail","6":"product_cat-meilleures-ventes","7":"product_cat-pour-les-femmes","9":"first","10":"instock","11":"shipping-taxable","12":"purchasable","13":"product-type-variable"},"acf":[],"aioseo_notices":[],"jetpack_sharing_enabled":true,"_links":{"self":[{"href":"https:\/\/dupescents.co\/fr\/wp-json\/wp\/v2\/product\/27338","targetHints":{"allow":["GET"]}}],"collection":[{"href":"https:\/\/dupescents.co\/fr\/wp-json\/wp\/v2\/product"}],"about":[{"href":"https:\/\/dupescents.co\/fr\/wp-json\/wp\/v2\/types\/product"}],"replies":[{"embeddable":true,"href":"https:\/\/dupescents.co\/fr\/wp-json\/wp\/v2\/comments?post=27338"}],"wp:featuredmedia":[{"embeddable":true,"href":"https:\/\/dupescents.co\/fr\/wp-json\/wp\/v2\/media\/36100"}],"wp:attachment":[{"href":"https:\/\/dupescents.co\/fr\/wp-json\/wp\/v2\/media?parent=27338"}],"wp:term":[{"taxonomy":"product_brand","embeddable":true,"href":"https:\/\/dupescents.co\/fr\/wp-json\/wp\/v2\/product_brand?post=27338"},{"taxonomy":"product_cat","embeddable":true,"href":"https:\/\/dupescents.co\/fr\/wp-json\/wp\/v2\/product_cat?post=27338"},{"taxonomy":"product_tag","embeddable":true,"href":"https:\/\/dupescents.co\/fr\/wp-json\/wp\/v2\/product_tag?post=27338"}],"curies":[{"name":"wp","href":"https:\/\/api.w.org\/{rel}","templated":true}]}}