{"id":27290,"date":"2025-04-02T19:58:06","date_gmt":"2025-04-02T17:58:06","guid":{"rendered":"https:\/\/dupescents.co\/products\/sent-comme-dolce\/"},"modified":"2026-02-22T05:54:18","modified_gmt":"2026-02-22T04:54:18","slug":"sent-comme-dolce","status":"publish","type":"product","link":"https:\/\/dupescents.co\/fr\/products\/sent-comme-dolce\/","title":{"rendered":"Sent comme&#8230; Dolce"},"content":{"rendered":"<p>435W - Eau de Parfum<br \/>\nEAU PARFUM\u00c9E NR. 435W<\/p>\n<p>PARFUMS DE NOTRE REMPLACEMENT :<\/p>\n<p>N\u00c9ROLI<br \/>\nFLEUR DE PAPAYE<br \/>\nN\u00c9NUPHAR<br \/>\nNARCYZ<br \/>\nROSE<br \/>\nPI\u017bMO<br \/>\nBOIS DE CACHEMIRE<br \/>\nDESCRIPTION DE LA FRAGRANCE :<\/p>\n<p>Vous \u00eates \u00e0 la recherche d&rsquo;un parfum vraiment d\u00e9licat, a\u00e9rien et f\u00e9minin, qui ne vous submerge pas mais qui dure des heures ? Alors vous \u00eates au bon endroit ! \u00c0 l&rsquo;int\u00e9rieur du flacon se cache un m\u00e9lange de notes parfum\u00e9es de n\u00e9roli, de n\u00e9nuphar, de fleur de papaye, de musc et de bois de cachemire.  <\/p>\n<p>CARACTERISTIQUES DU PARFUM :<br \/>\nType de parfum : floral<br \/>\nPour qui : femme<br \/>\nContenu : 10 ml \/ 30 ml \/ 50 ml \/ 100 ml<br \/>\nCode produit : 435W<br \/>\nLe prix de ce parfum d\u00e9pend de la quantit\u00e9 indiqu\u00e9e.<br \/>\nMerci de nous donner votre avis apr\u00e8s l&rsquo;achat !<\/p>\n","protected":false},"excerpt":{"rendered":"<p class=\"product__text inline-richtext\">Inspiration : Dolce&amp;Gabbana Dolce EDP 50ML<\/p>\n<p class=\"product__text inline-richtext\"><strong>\u2705 Eau de toilette 19-21% Parfum<\/strong><\/p>\n<p class=\"product__text inline-richtext\"><strong>\u2705 Le parfum dure une seconde journ\u00e9e<\/strong><\/p>\n<p class=\"product__text inline-richtext\"><strong>Achetez le parfum, pas la marque - \u00e9conomisez de l&rsquo;argent<\/strong><\/p>\n","protected":false},"featured_media":35991,"comment_status":"open","ping_status":"closed","template":"","meta":{"_acf_changed":false},"product_brand":[],"product_cat":[213,203],"product_tag":[],"class_list":{"0":"post-27290","1":"product","2":"type-product","3":"status-publish","4":"has-post-thumbnail","6":"product_cat-meilleures-ventes","7":"product_cat-pour-les-femmes","9":"first","10":"instock","11":"shipping-taxable","12":"purchasable","13":"product-type-variable"},"acf":[],"aioseo_notices":[],"jetpack_sharing_enabled":true,"_links":{"self":[{"href":"https:\/\/dupescents.co\/fr\/wp-json\/wp\/v2\/product\/27290","targetHints":{"allow":["GET"]}}],"collection":[{"href":"https:\/\/dupescents.co\/fr\/wp-json\/wp\/v2\/product"}],"about":[{"href":"https:\/\/dupescents.co\/fr\/wp-json\/wp\/v2\/types\/product"}],"replies":[{"embeddable":true,"href":"https:\/\/dupescents.co\/fr\/wp-json\/wp\/v2\/comments?post=27290"}],"wp:featuredmedia":[{"embeddable":true,"href":"https:\/\/dupescents.co\/fr\/wp-json\/wp\/v2\/media\/35991"}],"wp:attachment":[{"href":"https:\/\/dupescents.co\/fr\/wp-json\/wp\/v2\/media?parent=27290"}],"wp:term":[{"taxonomy":"product_brand","embeddable":true,"href":"https:\/\/dupescents.co\/fr\/wp-json\/wp\/v2\/product_brand?post=27290"},{"taxonomy":"product_cat","embeddable":true,"href":"https:\/\/dupescents.co\/fr\/wp-json\/wp\/v2\/product_cat?post=27290"},{"taxonomy":"product_tag","embeddable":true,"href":"https:\/\/dupescents.co\/fr\/wp-json\/wp\/v2\/product_tag?post=27290"}],"curies":[{"name":"wp","href":"https:\/\/api.w.org\/{rel}","templated":true}]}}