{"id":27279,"date":"2025-04-02T19:06:15","date_gmt":"2025-04-02T17:06:15","guid":{"rendered":"https:\/\/dupescents.co\/products\/ca-sent-comme-bois-des-iles\/"},"modified":"2026-02-20T19:50:44","modified_gmt":"2026-02-20T18:50:44","slug":"ca-sent-comme-bois-des-iles","status":"publish","type":"product","link":"https:\/\/dupescents.co\/fr\/products\/ca-sent-comme-bois-des-iles\/","title":{"rendered":"Sent comme&#8230; Bois des Iles"},"content":{"rendered":"<p>459W - Ersatz f\u00fcr Chanel Bois des Iles<br \/>\nEAU DE PARFUM NR. 459W - ERSATZ F\u00dcR DAS PARF\u00dcM CHANEL BOIS DES ILES<\/p>\n<p>DUFTNOTEN UNSERES ERSATZES:<\/p>\n<p>ALDEHYDES<br \/>\nCOLLENDRA<br \/>\nNEROLI<br \/>\nBRUSSWIN<br \/>\nBERGAMOT<br \/>\nMANDARIN<br \/>\nYLANG-YLANG<br \/>\nIRYS<br \/>\nIRIS-WURZEL<br \/>\nJASMINE<br \/>\nROSE<br \/>\nFRISCHER<br \/>\nKONWALIA<br \/>\nSANDALWOOD<br \/>\nBURSHINE<br \/>\nBENZOES<br \/>\nTONKA FASOL<br \/>\nOPPONACS<br \/>\nVANILLA<br \/>\nPI\u017bMO<br \/>\nVETIVERIEN<br \/>\nDUFTBESCHREIBUNG:<\/p>\n<p>Das Gegenst\u00fcck zu Chanel Bois des Iles f\u00e4ngt die einzigartige Eleganz und Sinnlichkeit des Originals ein und bietet ein warmes, holzig-blumiges Aroma mit luxuri\u00f6sem Charakter. Der Duft verbindet auf harmonische Weise subtile Noten mit einem reichhaltigen, cremigen Abgang und ist damit eine ideale Komposition f\u00fcr besondere Anl\u00e4sse. F\u00fcr alle, die zeitlose Klasse und einen zarten, aber lang anhaltenden Duft sch\u00e4tzen!<\/p>\n","protected":false},"excerpt":{"rendered":"<p class=\"product__text inline-richtext\">Inspiration : Chanel Bois des Iles EDP 75ML<\/p>\n<p class=\"product__text inline-richtext\"><strong>\u2705 Eau de toilette 19-21% Parfum<\/strong><\/p>\n<p class=\"product__text inline-richtext\"><strong>\u2705 Le parfum dure une seconde journ\u00e9e<\/strong><\/p>\n<p class=\"product__text inline-richtext\"><strong>Achetez le parfum, pas la marque - \u00e9conomisez de l&rsquo;argent<\/strong><\/p>\n","protected":false},"featured_media":36408,"comment_status":"open","ping_status":"closed","template":"","meta":{"_acf_changed":false},"product_brand":[],"product_cat":[213,203],"product_tag":[],"class_list":{"0":"post-27279","1":"product","2":"type-product","3":"status-publish","4":"has-post-thumbnail","6":"product_cat-meilleures-ventes","7":"product_cat-pour-les-femmes","9":"first","10":"instock","11":"shipping-taxable","12":"purchasable","13":"product-type-variable"},"acf":[],"aioseo_notices":[],"jetpack_sharing_enabled":true,"_links":{"self":[{"href":"https:\/\/dupescents.co\/fr\/wp-json\/wp\/v2\/product\/27279","targetHints":{"allow":["GET"]}}],"collection":[{"href":"https:\/\/dupescents.co\/fr\/wp-json\/wp\/v2\/product"}],"about":[{"href":"https:\/\/dupescents.co\/fr\/wp-json\/wp\/v2\/types\/product"}],"replies":[{"embeddable":true,"href":"https:\/\/dupescents.co\/fr\/wp-json\/wp\/v2\/comments?post=27279"}],"wp:featuredmedia":[{"embeddable":true,"href":"https:\/\/dupescents.co\/fr\/wp-json\/wp\/v2\/media\/36408"}],"wp:attachment":[{"href":"https:\/\/dupescents.co\/fr\/wp-json\/wp\/v2\/media?parent=27279"}],"wp:term":[{"taxonomy":"product_brand","embeddable":true,"href":"https:\/\/dupescents.co\/fr\/wp-json\/wp\/v2\/product_brand?post=27279"},{"taxonomy":"product_cat","embeddable":true,"href":"https:\/\/dupescents.co\/fr\/wp-json\/wp\/v2\/product_cat?post=27279"},{"taxonomy":"product_tag","embeddable":true,"href":"https:\/\/dupescents.co\/fr\/wp-json\/wp\/v2\/product_tag?post=27279"}],"curies":[{"name":"wp","href":"https:\/\/api.w.org\/{rel}","templated":true}]}}