{"id":27246,"date":"2025-04-02T19:59:30","date_gmt":"2025-04-02T17:59:30","guid":{"rendered":"https:\/\/dupescents.co\/products\/sent-comme-glow\/"},"modified":"2026-02-21T23:23:11","modified_gmt":"2026-02-21T22:23:11","slug":"sent-comme-glow","status":"publish","type":"product","link":"https:\/\/dupescents.co\/fr\/products\/sent-comme-glow\/","title":{"rendered":"Sent comme&#8230; Glow"},"content":{"rendered":"<p>007W - Jennifer Lopez Glow remplacement<br \/>\nEAU DE PARFUM NO 007W - JENNIFER LOPEZ GLOW REMPLACEMENT<\/p>\n<p>PARFUMS DE NOTRE REMPLACEMENT :<\/p>\n<p>PI\u017bMO<br \/>\nJASMINE<br \/>\nROSE<br \/>\nNEROLI<br \/>\nORANGE BLOSSOM<br \/>\nGREYFRUIT<br \/>\nTUBEROSE<br \/>\nSANTAL<br \/>\nIRIS BARK<br \/>\nVANILLA<br \/>\nBURSHINE<br \/>\nDESCRIPTION DE LA FRAGRANCE :<\/p>\n<p>Un parfum f\u00e9minin sensuel, fruit\u00e9 et floral, auquel aucun homme ne peut r\u00e9sister. Nous avons cr\u00e9\u00e9 un pendant parfait au parfum Glow de Jennifer Lopez, qui s\u00e9duit par ses notes fra\u00eeches avec une touche de sex-appeal et de flirt torride. Cette essence addictive de la f\u00e9minit\u00e9 sera aim\u00e9e par la femme qui appr\u00e9cie beaucoup sa propre sensualit\u00e9.  <\/p>\n","protected":false},"excerpt":{"rendered":"<p>Inspiration : Jennifer Lopez Glow EDT 30ML<\/p>\n<p class=\"product__text inline-richtext\"><strong>\u2705 Eau de toilette 19-21% Parfum<\/strong><\/p>\n<p class=\"product__text inline-richtext\"><strong>\u2705 Le parfum dure une seconde journ\u00e9e<\/strong><\/p>\n<p class=\"product__text inline-richtext\"><strong>Achetez le parfum, pas la marque - \u00e9conomisez de l&rsquo;argent<\/strong><\/p>\n","protected":false},"featured_media":35847,"comment_status":"open","ping_status":"closed","template":"","meta":{"_acf_changed":false},"product_brand":[],"product_cat":[213,203],"product_tag":[],"class_list":{"0":"post-27246","1":"product","2":"type-product","3":"status-publish","4":"has-post-thumbnail","6":"product_cat-meilleures-ventes","7":"product_cat-pour-les-femmes","9":"first","10":"instock","11":"shipping-taxable","12":"purchasable","13":"product-type-variable"},"acf":[],"aioseo_notices":[],"jetpack_sharing_enabled":true,"_links":{"self":[{"href":"https:\/\/dupescents.co\/fr\/wp-json\/wp\/v2\/product\/27246","targetHints":{"allow":["GET"]}}],"collection":[{"href":"https:\/\/dupescents.co\/fr\/wp-json\/wp\/v2\/product"}],"about":[{"href":"https:\/\/dupescents.co\/fr\/wp-json\/wp\/v2\/types\/product"}],"replies":[{"embeddable":true,"href":"https:\/\/dupescents.co\/fr\/wp-json\/wp\/v2\/comments?post=27246"}],"wp:featuredmedia":[{"embeddable":true,"href":"https:\/\/dupescents.co\/fr\/wp-json\/wp\/v2\/media\/35847"}],"wp:attachment":[{"href":"https:\/\/dupescents.co\/fr\/wp-json\/wp\/v2\/media?parent=27246"}],"wp:term":[{"taxonomy":"product_brand","embeddable":true,"href":"https:\/\/dupescents.co\/fr\/wp-json\/wp\/v2\/product_brand?post=27246"},{"taxonomy":"product_cat","embeddable":true,"href":"https:\/\/dupescents.co\/fr\/wp-json\/wp\/v2\/product_cat?post=27246"},{"taxonomy":"product_tag","embeddable":true,"href":"https:\/\/dupescents.co\/fr\/wp-json\/wp\/v2\/product_tag?post=27246"}],"curies":[{"name":"wp","href":"https:\/\/api.w.org\/{rel}","templated":true}]}}