{"id":27212,"date":"2025-04-02T20:05:03","date_gmt":"2025-04-02T18:05:03","guid":{"rendered":"https:\/\/dupescents.co\/products\/sent-comme-euphoria-blossom\/"},"modified":"2026-02-21T23:41:30","modified_gmt":"2026-02-21T22:41:30","slug":"sent-comme-euphoria-blossom","status":"publish","type":"product","link":"https:\/\/dupescents.co\/fr\/products\/sent-comme-euphoria-blossom\/","title":{"rendered":"Sent comme&#8230; Euphoria Blossom"},"content":{"rendered":"<p>087W - Calvin Klein Euphoria Blossom remplacement<br \/>\nEAU DE PARFUM NO 087W - CALVIN KLEIN EUPHORIA BLOSSOM REMPLACEMENT<\/p>\n<p>PARFUMS DE NOS SUBSTITUTS :<\/p>\n<p>PIWONNE ROSE<br \/>\nGRENADES<br \/>\nORCHID\u00c9E<br \/>\nKUMQUAT<br \/>\nLOTOS<br \/>\nPIZMO<br \/>\nARBRES BLANCS<br \/>\nAMBRE BLANC<br \/>\nDESCRIPTION DE LA FRAGRANCE :<\/p>\n<p>Une Eau de Parfum exotique et orientale pour les femmes s\u00e9duisantes. Notre \u00e9quivalent du parfum Calvin Klein Euphoria Blossom est une essence sensuelle de pivoine rose, d&rsquo;orchid\u00e9e et de musc blanc, irr\u00e9sistible. Ce parfum est le compl\u00e9ment id\u00e9al d&rsquo;une chaude soir\u00e9e d&rsquo;\u00e9t\u00e9. Soulignez votre charme irr\u00e9sistible avec une composition pleine d&rsquo;assurance !   <\/p>\n","protected":false},"excerpt":{"rendered":"<p>Inspiration : Calvin Klein Euphoria Blossom EDT 30ML<\/p>\n<p class=\"product__text inline-richtext\"><strong>\u2705 Eau de toilette 19-21% Parfum<\/strong><\/p>\n<p class=\"product__text inline-richtext\"><strong>\u2705 Le parfum dure une seconde journ\u00e9e<\/strong><\/p>\n<p class=\"product__text inline-richtext\"><strong>Achetez le parfum, pas la marque - \u00e9conomisez de l&rsquo;argent<\/strong><\/p>\n","protected":false},"featured_media":35882,"comment_status":"open","ping_status":"closed","template":"","meta":{"_acf_changed":false},"product_brand":[],"product_cat":[213,203],"product_tag":[],"class_list":{"0":"post-27212","1":"product","2":"type-product","3":"status-publish","4":"has-post-thumbnail","6":"product_cat-meilleures-ventes","7":"product_cat-pour-les-femmes","9":"first","10":"instock","11":"shipping-taxable","12":"purchasable","13":"product-type-variable"},"acf":[],"aioseo_notices":[],"jetpack_sharing_enabled":true,"_links":{"self":[{"href":"https:\/\/dupescents.co\/fr\/wp-json\/wp\/v2\/product\/27212","targetHints":{"allow":["GET"]}}],"collection":[{"href":"https:\/\/dupescents.co\/fr\/wp-json\/wp\/v2\/product"}],"about":[{"href":"https:\/\/dupescents.co\/fr\/wp-json\/wp\/v2\/types\/product"}],"replies":[{"embeddable":true,"href":"https:\/\/dupescents.co\/fr\/wp-json\/wp\/v2\/comments?post=27212"}],"wp:featuredmedia":[{"embeddable":true,"href":"https:\/\/dupescents.co\/fr\/wp-json\/wp\/v2\/media\/35882"}],"wp:attachment":[{"href":"https:\/\/dupescents.co\/fr\/wp-json\/wp\/v2\/media?parent=27212"}],"wp:term":[{"taxonomy":"product_brand","embeddable":true,"href":"https:\/\/dupescents.co\/fr\/wp-json\/wp\/v2\/product_brand?post=27212"},{"taxonomy":"product_cat","embeddable":true,"href":"https:\/\/dupescents.co\/fr\/wp-json\/wp\/v2\/product_cat?post=27212"},{"taxonomy":"product_tag","embeddable":true,"href":"https:\/\/dupescents.co\/fr\/wp-json\/wp\/v2\/product_tag?post=27212"}],"curies":[{"name":"wp","href":"https:\/\/api.w.org\/{rel}","templated":true}]}}