{"id":27176,"date":"2025-04-02T20:08:52","date_gmt":"2025-04-02T18:08:52","guid":{"rendered":"https:\/\/dupescents.co\/products\/magic-perfume-remplacement-448w\/"},"modified":"2025-11-05T19:25:52","modified_gmt":"2025-11-05T18:25:52","slug":"magic-perfume-remplacement-448w","status":"publish","type":"product","link":"https:\/\/dupescents.co\/fr\/products\/magic-perfume-remplacement-448w\/","title":{"rendered":"MAGIC PERFUME REMPLACEMENT 448W"},"content":{"rendered":"<p>448W - \u00c4quivalent von LACOSTE POUR FEMME INTENSE<br \/>\nPERFUMED WATER NO 448W - \u00c4quivalent zu LACOSTE POUR FEMME INTENSE<\/p>\n<p>DIE DUFTNOTEN UNSERES ERSATZES:<\/p>\n<p>CARAMEL<br \/>\nBULGAR ROSE<br \/>\nPIZMO<br \/>\nSANDELHOLZ<br \/>\nZEDER<br \/>\nDUFTBESCHREIBUNG:<\/p>\n<p>Sie m\u00f6gen holzig-blumige, tiefgr\u00fcndige Kompositionen? Dann ist das Gegenst\u00fcck zu Lacoste Pour Femme Intense genau das Richtige f\u00fcr Sie! Es besteht aus Noten von Karamell, Rose, Moschus, Sandelholz und Zedernholz. Durch die einfache Komposition werden diese Aromen gut hervorgehoben und sind gut sp\u00fcrbar. Wenn Sie Eleganz und Luxus lieben, wird dieser Duft Sie sicher ansprechen!<\/p>\n<p>EIGENSCHAFTEN DES PARFUMS LACOSTE POUR FEMME INTENSE EQUIVALENT:<br \/>\nDufttyp: Karamell, holzig<br \/>\nF\u00fcr wen: Frauen<br \/>\nVolumen: 10 ml \/ 30 ml \/ 50 ml \/ 100 ml<br \/>\nProdukt-Code: 448W<br \/>\nDer Preis f\u00fcr dieses Parf\u00fcm h\u00e4ngt von der angegebenen Menge ab.<br \/>\nBitte geben Sie uns nach dem Kauf Ihr Feedback!<\/p>\n","protected":false},"excerpt":{"rendered":"<p class=\"product__text inline-richtext\">Inspiration : LACOSTE POUR FEMME INTENSE EDP<\/p>\n<p class=\"product__text inline-richtext\"><strong>\u2705 Eau de toilette 19-21% Parfum<\/strong><\/p>\n<p class=\"product__text inline-richtext\"><strong>\u2705 Le parfum dure une seconde journ\u00e9e<\/strong><\/p>\n<p class=\"product__text inline-richtext\"><strong>Achetez le parfum, pas la marque - \u00e9conomisez de l&rsquo;argent<\/strong><\/p>\n","protected":false},"featured_media":0,"comment_status":"open","ping_status":"closed","template":"","meta":{"_acf_changed":false},"product_brand":[],"product_cat":[203],"product_tag":[],"class_list":{"0":"post-27176","1":"product","2":"type-product","3":"status-publish","5":"product_cat-pour-les-femmes","7":"first","8":"instock","9":"shipping-taxable","10":"purchasable","11":"product-type-variable"},"acf":[],"aioseo_notices":[],"jetpack_sharing_enabled":true,"_links":{"self":[{"href":"https:\/\/dupescents.co\/fr\/wp-json\/wp\/v2\/product\/27176","targetHints":{"allow":["GET"]}}],"collection":[{"href":"https:\/\/dupescents.co\/fr\/wp-json\/wp\/v2\/product"}],"about":[{"href":"https:\/\/dupescents.co\/fr\/wp-json\/wp\/v2\/types\/product"}],"replies":[{"embeddable":true,"href":"https:\/\/dupescents.co\/fr\/wp-json\/wp\/v2\/comments?post=27176"}],"wp:attachment":[{"href":"https:\/\/dupescents.co\/fr\/wp-json\/wp\/v2\/media?parent=27176"}],"wp:term":[{"taxonomy":"product_brand","embeddable":true,"href":"https:\/\/dupescents.co\/fr\/wp-json\/wp\/v2\/product_brand?post=27176"},{"taxonomy":"product_cat","embeddable":true,"href":"https:\/\/dupescents.co\/fr\/wp-json\/wp\/v2\/product_cat?post=27176"},{"taxonomy":"product_tag","embeddable":true,"href":"https:\/\/dupescents.co\/fr\/wp-json\/wp\/v2\/product_tag?post=27176"}],"curies":[{"name":"wp","href":"https:\/\/api.w.org\/{rel}","templated":true}]}}