{"id":27168,"date":"2025-03-29T17:23:20","date_gmt":"2025-03-29T16:23:20","guid":{"rendered":"https:\/\/dupescents.co\/products\/sent-comme-hugo-now\/"},"modified":"2025-11-05T19:26:34","modified_gmt":"2025-11-05T18:26:34","slug":"sent-comme-hugo-now","status":"publish","type":"product","link":"https:\/\/dupescents.co\/fr\/products\/sent-comme-hugo-now\/","title":{"rendered":"Sent comme&#8230; HUGO NOW"},"content":{"rendered":"<p>300M - Hugo Boss Hugo NOW Ersatz<br \/>\nPARF\u00dcMWASSER 300M - HUGO BOSS HUGO NOW ERSATZ<\/p>\n<p>DUFTNOTEN UNSERES ERSATZES:<\/p>\n<p>KARDAMON<br \/>\nCTRY<br \/>\nLAVENDER<br \/>\nM\u00dcNZE<br \/>\nVETIVERIE<br \/>\nDUFTBESCHREIBUNG:<\/p>\n<p>Werde der Held deines Lebens! Handle k\u00fchn, ohne auch nur einen Moment zu z\u00f6gern. Zeigen Sie Vertrauen und \u00f6ffnen Sie sich f\u00fcr neue M\u00f6glichkeiten. Sie sind die Hauptrolle in dieser Geschichte!<\/p>\n<p>Der Duft 300M ist ein Eau de Parfum, inspiriert von Hugo Boss HUGO NOW. Die frischen, aromatischen Noten von Kardamom, verwoben mit Zitronenschale und Lavendel, sind die perfekte Kombination f\u00fcr rastlose Geister, die au\u00dfergew\u00f6hnliche Erfahrungen sammeln und sich jeder Herausforderung stellen k\u00f6nnen.<\/p>\n<p>EIGENSCHAFTEN DES HUGO NOW PARF\u00dcM GEGENST\u00dcCKS:<\/p>\n<p>Dufttyp: aromatisch, aquatisch<br \/>\nF\u00fcr wen: m\u00e4nnlich<br \/>\nInhalt: 10 ml \/ 30 ml \/ 50 ml \/ 100 ml<br \/>\nProdukt-Code: 300M<br \/>\nDer Preis f\u00fcr dieses Parf\u00fcm h\u00e4ngt von der angegebenen Menge ab.<br \/>\nBitte geben Sie uns Ihr Feedback nach dem Kauf!<\/p>\n<p>&nbsp;<\/p>\n<p>Sehen Sie auch andere Hugo Boss Parfums und ihre Ersatzprodukte.<\/p>\n","protected":false},"excerpt":{"rendered":"<p class=\"product__text inline-richtext\">Inspiration : Hugo Boss Hugo NOW EDT 75ML<\/p>\n<p class=\"product__text inline-richtext\"><strong>\u2705 Eau de toilette 19-21% Parfum<\/strong><\/p>\n<p class=\"product__text inline-richtext\"><strong>\u2705 Le parfum dure une seconde journ\u00e9e<\/strong><\/p>\n<p class=\"product__text inline-richtext\"><strong>Achetez le parfum, pas la marque - \u00e9conomisez de l&rsquo;argent<\/strong><\/p>\n","protected":false},"featured_media":36312,"comment_status":"open","ping_status":"closed","template":"","meta":{"_acf_changed":false},"product_brand":[],"product_cat":[201],"product_tag":[],"class_list":{"0":"post-27168","1":"product","2":"type-product","3":"status-publish","4":"has-post-thumbnail","6":"product_cat-pour-les-hommes","8":"first","9":"instock","10":"shipping-taxable","11":"purchasable","12":"product-type-variable"},"acf":[],"aioseo_notices":[],"jetpack_sharing_enabled":true,"_links":{"self":[{"href":"https:\/\/dupescents.co\/fr\/wp-json\/wp\/v2\/product\/27168","targetHints":{"allow":["GET"]}}],"collection":[{"href":"https:\/\/dupescents.co\/fr\/wp-json\/wp\/v2\/product"}],"about":[{"href":"https:\/\/dupescents.co\/fr\/wp-json\/wp\/v2\/types\/product"}],"replies":[{"embeddable":true,"href":"https:\/\/dupescents.co\/fr\/wp-json\/wp\/v2\/comments?post=27168"}],"wp:featuredmedia":[{"embeddable":true,"href":"https:\/\/dupescents.co\/fr\/wp-json\/wp\/v2\/media\/36312"}],"wp:attachment":[{"href":"https:\/\/dupescents.co\/fr\/wp-json\/wp\/v2\/media?parent=27168"}],"wp:term":[{"taxonomy":"product_brand","embeddable":true,"href":"https:\/\/dupescents.co\/fr\/wp-json\/wp\/v2\/product_brand?post=27168"},{"taxonomy":"product_cat","embeddable":true,"href":"https:\/\/dupescents.co\/fr\/wp-json\/wp\/v2\/product_cat?post=27168"},{"taxonomy":"product_tag","embeddable":true,"href":"https:\/\/dupescents.co\/fr\/wp-json\/wp\/v2\/product_tag?post=27168"}],"curies":[{"name":"wp","href":"https:\/\/api.w.org\/{rel}","templated":true}]}}