{"id":27158,"date":"2025-03-29T17:51:06","date_gmt":"2025-03-29T16:51:06","guid":{"rendered":"https:\/\/dupescents.co\/products\/magic-perfume-remplacement-324m\/"},"modified":"2025-11-05T19:25:36","modified_gmt":"2025-11-05T18:25:36","slug":"magic-perfume-remplacement-324m","status":"publish","type":"product","link":"https:\/\/dupescents.co\/fr\/products\/magic-perfume-remplacement-324m\/","title":{"rendered":"MAGIC PERFUME REMPLACEMENT 324M"},"content":{"rendered":"<p>324M - Creed Green Irish Tweed Ersatz<br \/>\nDUFTNOTEN UNSERES ERSATZES:<\/p>\n<p>ZITRONE VERBENA<br \/>\nIRIS<br \/>\nVIOLETTENBLATT<br \/>\nAMBRA<br \/>\nSANDELWOOD<br \/>\nDUFTBESCHREIBUNG:<\/p>\n<p>Irish Tweed ist ein frischer, holziger Duft, perfekt f\u00fcr den modernen Gentleman. Die klassische Komposition aus Eisenkraut, Iris, Veilchenblatt, Ambra und Sandelholz entf\u00fchrt Sie in ein gr\u00fcnes irisches Land oder&#8230; auf den roten Teppich! Sie entscheiden. Das \u00c4quivalent von Irish Tweed ist sowohl f\u00fcr den Alltag als auch f\u00fcr besondere Anl\u00e4sse geeignet.<\/p>\n<p>MERKMALE DES PARFUMS THE GREEN IRISH TWEED EQUIVALENT:<br \/>\nDufttyp: holzig, blumig, moschusartig<br \/>\nF\u00fcr wen: m\u00e4nnlich<br \/>\nInhalt: 10 ml \/ 30 ml \/ 50 ml \/ 100 ml<br \/>\nProdukt-Code: 324M<br \/>\nDer Preis f\u00fcr dieses Parf\u00fcm h\u00e4ngt von der angegebenen Menge ab.<br \/>\nBitte geben Sie uns nach dem Kauf Ihr Feedback!<\/p>\n<p>Schauen Sie sich auch andere Creed Parfums an.<\/p>\n","protected":false},"excerpt":{"rendered":"<p>Inspiration : CREED GREEN IRISH TWEED EDP<\/p>\n<p class=\"product__text inline-richtext\"><strong>\u2705 Eau de toilette 19-21% Parfum<\/strong><\/p>\n<p class=\"product__text inline-richtext\"><strong>\u2705 Le parfum dure une seconde journ\u00e9e<\/strong><\/p>\n<p class=\"product__text inline-richtext\"><strong>Achetez le parfum, pas la marque - \u00e9conomisez de l&rsquo;argent<\/strong><\/p>\n","protected":false},"featured_media":0,"comment_status":"open","ping_status":"closed","template":"","meta":{"_acf_changed":false},"product_brand":[],"product_cat":[201],"product_tag":[],"class_list":{"0":"post-27158","1":"product","2":"type-product","3":"status-publish","5":"product_cat-pour-les-hommes","7":"first","8":"instock","9":"shipping-taxable","10":"purchasable","11":"product-type-variable"},"acf":[],"aioseo_notices":[],"jetpack_sharing_enabled":true,"_links":{"self":[{"href":"https:\/\/dupescents.co\/fr\/wp-json\/wp\/v2\/product\/27158","targetHints":{"allow":["GET"]}}],"collection":[{"href":"https:\/\/dupescents.co\/fr\/wp-json\/wp\/v2\/product"}],"about":[{"href":"https:\/\/dupescents.co\/fr\/wp-json\/wp\/v2\/types\/product"}],"replies":[{"embeddable":true,"href":"https:\/\/dupescents.co\/fr\/wp-json\/wp\/v2\/comments?post=27158"}],"wp:attachment":[{"href":"https:\/\/dupescents.co\/fr\/wp-json\/wp\/v2\/media?parent=27158"}],"wp:term":[{"taxonomy":"product_brand","embeddable":true,"href":"https:\/\/dupescents.co\/fr\/wp-json\/wp\/v2\/product_brand?post=27158"},{"taxonomy":"product_cat","embeddable":true,"href":"https:\/\/dupescents.co\/fr\/wp-json\/wp\/v2\/product_cat?post=27158"},{"taxonomy":"product_tag","embeddable":true,"href":"https:\/\/dupescents.co\/fr\/wp-json\/wp\/v2\/product_tag?post=27158"}],"curies":[{"name":"wp","href":"https:\/\/api.w.org\/{rel}","templated":true}]}}