{"id":27139,"date":"2025-03-29T17:53:01","date_gmt":"2025-03-29T16:53:01","guid":{"rendered":"https:\/\/dupescents.co\/products\/sent-comme-gentlemen-only\/"},"modified":"2026-02-22T00:32:43","modified_gmt":"2026-02-21T23:32:43","slug":"sent-comme-gentlemen-only","status":"publish","type":"product","link":"https:\/\/dupescents.co\/fr\/products\/sent-comme-gentlemen-only\/","title":{"rendered":"Sent comme&#8230; Gentlemen Only"},"content":{"rendered":"<p>201M - Remplacement pour Givenchy Gentlemen ONLY<br \/>\nEAU PARFUM\u00c9E NR. 201M - REMPLACEMENT POUR GIVENCHY GENTLEMEN ONLY<\/p>\n<p>PARFUMS DE NOS SUBSTITUTS :<\/p>\n<p>VETIVERY<br \/>\nPOIVRE ROSE<br \/>\nMIEL<br \/>\nMANDARINE VERTE<br \/>\nFEUILLE DE BROSSE<br \/>\nPACULA<br \/>\nNUTMEG<br \/>\nC\u00c8DRE<br \/>\nPIZMO<br \/>\nFEUILLE DE SACRIL\u00c8GE<br \/>\nELEMI<br \/>\nBERGAMOTE<br \/>\nDESCRIPTION DE LA FRAGRANCE :<\/p>\n<p>Une composition luxueuse pour les hommes \u00e9l\u00e9gants. Notre Eau de Parfum 201M est le pendant du parfum Givenchy Gentleman Only, que les hommes aux go\u00fbts raffin\u00e9s appr\u00e9cieront. Le caract\u00e8re intense mais d\u00e9licat des notes bois\u00e9es, en harmonie avec le poivre rose et le v\u00e9tiver, refl\u00e8te parfaitement le caract\u00e8re du galant propri\u00e9taire du flacon de ce parfum.  <\/p>\n<p>CARACTERISTIQUES DE GIVENCHY GENTELMAN ONLY PARFUM OFFRE :<br \/>\nType de parfum : bois\u00e9<br \/>\nPour qui : masculin<br \/>\nVolume : 10 ml \/ 30 ml \/ 50 ml \/ 100 ml<br \/>\nCode produit : 201M<br \/>\nLe prix de ce parfum d\u00e9pend de la quantit\u00e9 indiqu\u00e9e.<br \/>\nMerci de nous donner votre avis apr\u00e8s l&rsquo;achat !<\/p>\n<p>Voir aussi les autres parfums Givenchy et leurs substituts.<\/p>\n","protected":false},"excerpt":{"rendered":"<p>Inspiration : Givenchy Gentlemen ONLY EDT 100ML<\/p>\n<p class=\"product__text inline-richtext\"><strong>\u2705 Eau de toilette 19-21% Parfum<\/strong><\/p>\n<p class=\"product__text inline-richtext\"><strong>\u2705 Le parfum dure une seconde journ\u00e9e<\/strong><\/p>\n<p class=\"product__text inline-richtext\"><strong>Achetez le parfum, pas la marque - \u00e9conomisez de l&rsquo;argent<\/strong><\/p>\n","protected":false},"featured_media":35922,"comment_status":"open","ping_status":"closed","template":"","meta":{"_acf_changed":false},"product_brand":[],"product_cat":[201],"product_tag":[],"class_list":{"0":"post-27139","1":"product","2":"type-product","3":"status-publish","4":"has-post-thumbnail","6":"product_cat-pour-les-hommes","8":"first","9":"instock","10":"shipping-taxable","11":"purchasable","12":"product-type-variable"},"acf":[],"aioseo_notices":[],"jetpack_sharing_enabled":true,"_links":{"self":[{"href":"https:\/\/dupescents.co\/fr\/wp-json\/wp\/v2\/product\/27139","targetHints":{"allow":["GET"]}}],"collection":[{"href":"https:\/\/dupescents.co\/fr\/wp-json\/wp\/v2\/product"}],"about":[{"href":"https:\/\/dupescents.co\/fr\/wp-json\/wp\/v2\/types\/product"}],"replies":[{"embeddable":true,"href":"https:\/\/dupescents.co\/fr\/wp-json\/wp\/v2\/comments?post=27139"}],"wp:featuredmedia":[{"embeddable":true,"href":"https:\/\/dupescents.co\/fr\/wp-json\/wp\/v2\/media\/35922"}],"wp:attachment":[{"href":"https:\/\/dupescents.co\/fr\/wp-json\/wp\/v2\/media?parent=27139"}],"wp:term":[{"taxonomy":"product_brand","embeddable":true,"href":"https:\/\/dupescents.co\/fr\/wp-json\/wp\/v2\/product_brand?post=27139"},{"taxonomy":"product_cat","embeddable":true,"href":"https:\/\/dupescents.co\/fr\/wp-json\/wp\/v2\/product_cat?post=27139"},{"taxonomy":"product_tag","embeddable":true,"href":"https:\/\/dupescents.co\/fr\/wp-json\/wp\/v2\/product_tag?post=27139"}],"curies":[{"name":"wp","href":"https:\/\/api.w.org\/{rel}","templated":true}]}}