{"id":27129,"date":"2025-03-29T17:26:27","date_gmt":"2025-03-29T16:26:27","guid":{"rendered":"https:\/\/dupescents.co\/products\/sent-comme-armani-code-absolu\/"},"modified":"2026-02-22T00:55:14","modified_gmt":"2026-02-21T23:55:14","slug":"sent-comme-armani-code-absolu","status":"publish","type":"product","link":"https:\/\/dupescents.co\/fr\/products\/sent-comme-armani-code-absolu\/","title":{"rendered":"Sent comme&#8230; Armani Code Absolu"},"content":{"rendered":"<p>261M - Remplacement pour Giorgio Armani Code ABSOLU<br \/>\nEAU DE PARFUM NR. 261M - REMPLACEMENT POUR GIORGIO ARMANI ARMANI CODE ABSOLU<\/p>\n<p>PARFUMS DE NOS SUBSTITUTS :<\/p>\n<p>TONKA FASOL<br \/>\nVANILLE<br \/>\nZAMSH<br \/>\nNUTMEG<br \/>\nNOTES BOIS\u00c9ES<br \/>\nFLEUR D&rsquo;ORANGER<br \/>\nMANDARINE VERTE<br \/>\nAGNEAU<br \/>\nGRAINES DE CAROTTE<br \/>\nDESCRIPTION DU PARFUM :<\/p>\n<p>Une Eau de Parfum intemporelle pour les hommes charismatiques au charme non dissimul\u00e9 et au rayonnement personnel. Notre \u00e9quivalent du Giorgio Armani Armani Code Absolu est une combinaison de notes orientales et bois\u00e9es qui produisent un effet durable et unique. Son caract\u00e8re s\u00e9duisant fait de ce parfum le choix id\u00e9al pour une soir\u00e9e sensuelle.  <\/p>\n<p>CARACTERISTIQUES DE L&rsquo;EQUIVALENT DE CODE ABSOLU PARFUM :<br \/>\nType de parfum : oriental, \u00e9pic\u00e9<br \/>\nPour qui : masculin<br \/>\nContenu 30 ml \/ 50 ml \/ 100 ml<br \/>\nCode produit : 261M<br \/>\nLe prix de ce parfum d\u00e9pend de la quantit\u00e9 indiqu\u00e9e.<br \/>\nMerci de nous donner votre avis apr\u00e8s achat !<\/p>\n<p>Voir aussi les autres parfums Giorgio Armani et leurs produits de remplacement.<\/p>\n","protected":false},"excerpt":{"rendered":"<p class=\"product__text inline-richtext\">Inspiration : Giorgio Armani Code ABSOLU EDP 60ML<\/p>\n<p class=\"product__text inline-richtext\"><strong>\u2705 Eau de toilette 19-21% Parfum<\/strong><\/p>\n<p class=\"product__text inline-richtext\"><strong>\u2705 Le parfum dure une seconde journ\u00e9e<\/strong><\/p>\n<p class=\"product__text inline-richtext\"><strong>Achetez le parfum, pas la marque - \u00e9conomisez de l&rsquo;argent<\/strong><\/p>\n","protected":false},"featured_media":35959,"comment_status":"open","ping_status":"closed","template":"","meta":{"_acf_changed":false},"product_brand":[],"product_cat":[201],"product_tag":[],"class_list":{"0":"post-27129","1":"product","2":"type-product","3":"status-publish","4":"has-post-thumbnail","6":"product_cat-pour-les-hommes","8":"first","9":"instock","10":"shipping-taxable","11":"purchasable","12":"product-type-variable"},"acf":[],"aioseo_notices":[],"jetpack_sharing_enabled":true,"_links":{"self":[{"href":"https:\/\/dupescents.co\/fr\/wp-json\/wp\/v2\/product\/27129","targetHints":{"allow":["GET"]}}],"collection":[{"href":"https:\/\/dupescents.co\/fr\/wp-json\/wp\/v2\/product"}],"about":[{"href":"https:\/\/dupescents.co\/fr\/wp-json\/wp\/v2\/types\/product"}],"replies":[{"embeddable":true,"href":"https:\/\/dupescents.co\/fr\/wp-json\/wp\/v2\/comments?post=27129"}],"wp:featuredmedia":[{"embeddable":true,"href":"https:\/\/dupescents.co\/fr\/wp-json\/wp\/v2\/media\/35959"}],"wp:attachment":[{"href":"https:\/\/dupescents.co\/fr\/wp-json\/wp\/v2\/media?parent=27129"}],"wp:term":[{"taxonomy":"product_brand","embeddable":true,"href":"https:\/\/dupescents.co\/fr\/wp-json\/wp\/v2\/product_brand?post=27129"},{"taxonomy":"product_cat","embeddable":true,"href":"https:\/\/dupescents.co\/fr\/wp-json\/wp\/v2\/product_cat?post=27129"},{"taxonomy":"product_tag","embeddable":true,"href":"https:\/\/dupescents.co\/fr\/wp-json\/wp\/v2\/product_tag?post=27129"}],"curies":[{"name":"wp","href":"https:\/\/api.w.org\/{rel}","templated":true}]}}