{"id":27119,"date":"2025-03-29T17:55:21","date_gmt":"2025-03-29T16:55:21","guid":{"rendered":"https:\/\/dupescents.co\/products\/sent-comme-eau-fraiche\/"},"modified":"2025-11-05T19:25:33","modified_gmt":"2025-11-05T18:25:33","slug":"sent-comme-eau-fraiche","status":"publish","type":"product","link":"https:\/\/dupescents.co\/fr\/products\/sent-comme-eau-fraiche\/","title":{"rendered":"Sent comme&#8230; Eau fra\u00eeche"},"content":{"rendered":"<p>200M - Ersatz f\u00fcr Davidoff Cool Water<br \/>\nPARF\u00dcMIERTES WASSER 200M - ERSATZ F\u00dcR DAVIDOFF COOL WATER<br \/>\nDIE DUFTNOTEN UNSERES ERSATZES:<\/p>\n<p>BURSHINE<br \/>\nCALONE<br \/>\nZEDER<br \/>\nSANDELWOOD<br \/>\nGERANIUM<br \/>\nJASMINE<br \/>\nCOLLENDRA<br \/>\nLAVENDER<br \/>\nEICHENMOSS<br \/>\nM\u00dcNZE<br \/>\nNEROLI<br \/>\nGR\u00dcNE N\u00dcSSE<br \/>\nPI\u017bMO<br \/>\nROSEMARIE<br \/>\nTOBACCO<br \/>\nWASSER DES MEERES<br \/>\nDUFTBESCHREIBUNG:<\/p>\n<p>Dieser Duft hat eine Frische, die man anderswo vergeblich sucht. Noten von Minze und Rosmarin geben Energie f\u00fcr den Tag. Moschus, Tabak und holzige Aromen schlie\u00dfen die Komposition sinnlich ab und machen dieses Parf\u00fcm perfekt f\u00fcr jede Gelegenheit. Egal, ob Sie zur Arbeit oder zu einem romantischen Abendessen mit Ihrem Liebsten gehen.<\/p>\n<p>Das Gegenst\u00fcck DAVIDOFF COOL WATER - 200M ist von dem meistverkauften Luxusparf\u00fcm inspiriert, f\u00fcr das sich Millionen von M\u00e4nnern in aller Welt entschieden haben. Vielleicht k\u00f6nnen auch Sie sich ihnen anschlie\u00dfen?<\/p>\n","protected":false},"excerpt":{"rendered":"<p>Inspiration : Davidoff Cool Water EDT 75ML<\/p>\n<p class=\"product__text inline-richtext\"><strong>\u2705 Eau de toilette 19-21% Parfum<\/strong><\/p>\n<p class=\"product__text inline-richtext\"><strong>\u2705 Le parfum dure une seconde journ\u00e9e<\/strong><\/p>\n<p class=\"product__text inline-richtext\"><strong>Achetez le parfum, pas la marque - \u00e9conomisez de l&rsquo;argent<\/strong><\/p>\n","protected":false},"featured_media":36304,"comment_status":"open","ping_status":"closed","template":"","meta":{"_acf_changed":false},"product_brand":[],"product_cat":[201],"product_tag":[],"class_list":{"0":"post-27119","1":"product","2":"type-product","3":"status-publish","4":"has-post-thumbnail","6":"product_cat-pour-les-hommes","8":"first","9":"instock","10":"shipping-taxable","11":"purchasable","12":"product-type-variable"},"acf":[],"aioseo_notices":[],"jetpack_sharing_enabled":true,"_links":{"self":[{"href":"https:\/\/dupescents.co\/fr\/wp-json\/wp\/v2\/product\/27119","targetHints":{"allow":["GET"]}}],"collection":[{"href":"https:\/\/dupescents.co\/fr\/wp-json\/wp\/v2\/product"}],"about":[{"href":"https:\/\/dupescents.co\/fr\/wp-json\/wp\/v2\/types\/product"}],"replies":[{"embeddable":true,"href":"https:\/\/dupescents.co\/fr\/wp-json\/wp\/v2\/comments?post=27119"}],"wp:featuredmedia":[{"embeddable":true,"href":"https:\/\/dupescents.co\/fr\/wp-json\/wp\/v2\/media\/36304"}],"wp:attachment":[{"href":"https:\/\/dupescents.co\/fr\/wp-json\/wp\/v2\/media?parent=27119"}],"wp:term":[{"taxonomy":"product_brand","embeddable":true,"href":"https:\/\/dupescents.co\/fr\/wp-json\/wp\/v2\/product_brand?post=27119"},{"taxonomy":"product_cat","embeddable":true,"href":"https:\/\/dupescents.co\/fr\/wp-json\/wp\/v2\/product_cat?post=27119"},{"taxonomy":"product_tag","embeddable":true,"href":"https:\/\/dupescents.co\/fr\/wp-json\/wp\/v2\/product_tag?post=27119"}],"curies":[{"name":"wp","href":"https:\/\/api.w.org\/{rel}","templated":true}]}}