{"id":27102,"date":"2025-03-29T17:57:27","date_gmt":"2025-03-29T16:57:27","guid":{"rendered":"https:\/\/dupescents.co\/products\/sent-comme-boss-orange-2\/"},"modified":"2025-11-05T19:25:28","modified_gmt":"2025-11-05T18:25:28","slug":"sent-comme-boss-orange-2","status":"publish","type":"product","link":"https:\/\/dupescents.co\/fr\/products\/sent-comme-boss-orange-2\/","title":{"rendered":"Sent comme&#8230; Boss Orange"},"content":{"rendered":"<p>243M - Hugo Boss Orange Ersatz<br \/>\nEAU DE PARFUM NO 243M - HUGO BOSS ORANGE ERSATZ<\/p>\n<p>DUFTNOTEN UNSERES ERSATZES:<\/p>\n<p>ROTER APFEL<br \/>\nVANILLE<br \/>\nHOLZIGE NOTEN<br \/>\nHISBAND<br \/>\nSICHUAN-PFEFFER<br \/>\nCOLLENDRA<br \/>\nDUFTBESCHREIBUNG:<\/p>\n<p>Ein verf\u00fchrerischer, holziger Duft f\u00fcr den Mann, der dem zeitlosen Motto &lsquo;Carpe Diem&rsquo; im Leben folgt. Unser 243M Eau de Parfum, das \u00c4quivalent zu Hugo Boss Boss Orange, ist f\u00fcr Menschen mit grenzenloser Energie und Lebensfreude, f\u00fcr die das Unm\u00f6gliche nicht existiert. Dieser frische, sinnliche Duft ist ideal, um ihn an warmen Sommertagen zu tragen.<\/p>\n<p>MERKMALE DES ORANGEFARBENEN PARF\u00dcMGEGENST\u00dcCKS:<br \/>\nDufttyp: holzig<br \/>\nF\u00fcr wen: m\u00e4nnlich<br \/>\nInhalt: 30 ml \/ 50 ml \/ 100 ml<br \/>\nProdukt-Code: 243M<br \/>\nDer Preis f\u00fcr dieses Parf\u00fcm h\u00e4ngt von der angegebenen Menge ab.<br \/>\nBitte geben Sie uns Ihr Feedback nach dem Kauf!<\/p>\n<p>Sehen Sie auch andere Hugo Boss Parfums und ihre Ersatzprodukte.<\/p>\n","protected":false},"excerpt":{"rendered":"<p class=\"product__text inline-richtext\">Inspiration : Hugo Boss Boss Orange EDT 100ML<\/p>\n<p class=\"product__text inline-richtext\"><strong>\u2705 Eau de toilette 19-21% Parfum<\/strong><\/p>\n<p class=\"product__text inline-richtext\"><strong>\u2705 Le parfum dure une seconde journ\u00e9e<\/strong><\/p>\n<p class=\"product__text inline-richtext\"><strong>Achetez le parfum, pas la marque - \u00e9conomisez de l&rsquo;argent<\/strong><\/p>\n","protected":false},"featured_media":0,"comment_status":"open","ping_status":"closed","template":"","meta":{"_acf_changed":false},"product_brand":[],"product_cat":[201],"product_tag":[],"class_list":{"0":"post-27102","1":"product","2":"type-product","3":"status-publish","5":"product_cat-pour-les-hommes","7":"first","8":"instock","9":"shipping-taxable","10":"purchasable","11":"product-type-variable"},"acf":[],"aioseo_notices":[],"jetpack_sharing_enabled":true,"_links":{"self":[{"href":"https:\/\/dupescents.co\/fr\/wp-json\/wp\/v2\/product\/27102","targetHints":{"allow":["GET"]}}],"collection":[{"href":"https:\/\/dupescents.co\/fr\/wp-json\/wp\/v2\/product"}],"about":[{"href":"https:\/\/dupescents.co\/fr\/wp-json\/wp\/v2\/types\/product"}],"replies":[{"embeddable":true,"href":"https:\/\/dupescents.co\/fr\/wp-json\/wp\/v2\/comments?post=27102"}],"wp:attachment":[{"href":"https:\/\/dupescents.co\/fr\/wp-json\/wp\/v2\/media?parent=27102"}],"wp:term":[{"taxonomy":"product_brand","embeddable":true,"href":"https:\/\/dupescents.co\/fr\/wp-json\/wp\/v2\/product_brand?post=27102"},{"taxonomy":"product_cat","embeddable":true,"href":"https:\/\/dupescents.co\/fr\/wp-json\/wp\/v2\/product_cat?post=27102"},{"taxonomy":"product_tag","embeddable":true,"href":"https:\/\/dupescents.co\/fr\/wp-json\/wp\/v2\/product_tag?post=27102"}],"curies":[{"name":"wp","href":"https:\/\/api.w.org\/{rel}","templated":true}]}}