{"id":27085,"date":"2025-03-29T17:58:37","date_gmt":"2025-03-29T16:58:37","guid":{"rendered":"https:\/\/dupescents.co\/products\/sent-comme-pour-homme-1994\/"},"modified":"2025-11-05T19:25:27","modified_gmt":"2025-11-05T18:25:27","slug":"sent-comme-pour-homme-1994","status":"publish","type":"product","link":"https:\/\/dupescents.co\/fr\/products\/sent-comme-pour-homme-1994\/","title":{"rendered":"Sent comme&#8230; Pour Homme 1994"},"content":{"rendered":"<p>217M - Eau de Parfum<br \/>\nPARF\u00dcMIERTES WASSER NR. 217M<\/p>\n<p>DUFTNOTEN VON UNSEREM ERSATZ:<\/p>\n<p>LAWENDA<br \/>\nLTRY<br \/>\nPRINZ<br \/>\nTOAST<br \/>\nBERGAMOT<br \/>\nCLARY SAGE<br \/>\nSANDALWOOD<br \/>\nTONKA FR\u00dcCHTE<br \/>\nZINNAMON<br \/>\nCOLLENDRA<br \/>\nGERANIUM<br \/>\nESTRAGON<br \/>\nPI\u017bMO<br \/>\nZEDER<br \/>\nSIOAL<br \/>\nCUMARIN<br \/>\nJASMINE<br \/>\nBURSHINE<br \/>\nNEROLI<br \/>\nORANGE<br \/>\nMANDARINE<br \/>\nROSA<br \/>\nIRIS<br \/>\nDUFTBESCHREIBUNG:<\/p>\n<p>Ein einzigartiger Duft f\u00fcr entschlossene M\u00e4nner. Unser Duft217M zeichnet sich durch seine hohe Best\u00e4ndigkeit aus. Er wird von M\u00e4nnern gesch\u00e4tzt, die Eleganz und raffinierten Stil m\u00f6gen. Dieser umwerfende Aromareichtum ist perfekt f\u00fcr den Alltag und besondere Anl\u00e4sse.<\/p>\n<p>MERKMALE DES \u00c4QUIVALENTS:<br \/>\nDufttyp: aromatisch<br \/>\nF\u00fcr wen: m\u00e4nnlich<br \/>\nInhalt: 10 ml \/ 30 ml \/ 50 ml \/ 100 ml<br \/>\nProdukt-Code: 217M<br \/>\nDer Preis f\u00fcr dieses Parf\u00fcm h\u00e4ngt von der angegebenen Menge ab.<br \/>\nBitte geben Sie uns nach dem Kauf Ihr Feedback!<\/p>\n","protected":false},"excerpt":{"rendered":"<p class=\"product__text inline-richtext\">Inspiration : Dolce &amp; Gabbana Pour Homme 1994 EDT 75ML<\/p>\n<p class=\"product__text inline-richtext\"><strong>\u2705 Eau de toilette 19-21% Parfum<\/strong><\/p>\n<p class=\"product__text inline-richtext\"><strong>\u2705 Le parfum dure une seconde journ\u00e9e<\/strong><\/p>\n<p class=\"product__text inline-richtext\"><strong>Achetez le parfum, pas la marque - \u00e9conomisez de l&rsquo;argent<\/strong><\/p>\n","protected":false},"featured_media":22051,"comment_status":"open","ping_status":"closed","template":"","meta":{"_acf_changed":false},"product_brand":[],"product_cat":[201],"product_tag":[],"class_list":{"0":"post-27085","1":"product","2":"type-product","3":"status-publish","4":"has-post-thumbnail","6":"product_cat-pour-les-hommes","8":"first","9":"instock","10":"shipping-taxable","11":"purchasable","12":"product-type-variable"},"acf":[],"aioseo_notices":[],"jetpack_sharing_enabled":true,"_links":{"self":[{"href":"https:\/\/dupescents.co\/fr\/wp-json\/wp\/v2\/product\/27085","targetHints":{"allow":["GET"]}}],"collection":[{"href":"https:\/\/dupescents.co\/fr\/wp-json\/wp\/v2\/product"}],"about":[{"href":"https:\/\/dupescents.co\/fr\/wp-json\/wp\/v2\/types\/product"}],"replies":[{"embeddable":true,"href":"https:\/\/dupescents.co\/fr\/wp-json\/wp\/v2\/comments?post=27085"}],"wp:featuredmedia":[{"embeddable":true,"href":"https:\/\/dupescents.co\/fr\/wp-json\/wp\/v2\/media\/22051"}],"wp:attachment":[{"href":"https:\/\/dupescents.co\/fr\/wp-json\/wp\/v2\/media?parent=27085"}],"wp:term":[{"taxonomy":"product_brand","embeddable":true,"href":"https:\/\/dupescents.co\/fr\/wp-json\/wp\/v2\/product_brand?post=27085"},{"taxonomy":"product_cat","embeddable":true,"href":"https:\/\/dupescents.co\/fr\/wp-json\/wp\/v2\/product_cat?post=27085"},{"taxonomy":"product_tag","embeddable":true,"href":"https:\/\/dupescents.co\/fr\/wp-json\/wp\/v2\/product_tag?post=27085"}],"curies":[{"name":"wp","href":"https:\/\/api.w.org\/{rel}","templated":true}]}}