{"id":27066,"date":"2025-03-29T18:07:00","date_gmt":"2025-03-29T17:07:00","guid":{"rendered":"https:\/\/dupescents.co\/products\/sent-comme-blue-label\/"},"modified":"2026-02-22T00:46:27","modified_gmt":"2026-02-21T23:46:27","slug":"sent-comme-blue-label","status":"publish","type":"product","link":"https:\/\/dupescents.co\/fr\/products\/sent-comme-blue-label\/","title":{"rendered":"Sent comme&#8230; Label bleu"},"content":{"rendered":"<p>233M - Remplacement pour Givenchy Blue Label<br \/>\nEAU PARFUM\u00c9E N\u00b0 233M - REMPLACEMENT POUR GIVENCHY BLUE LABEL<\/p>\n<p>PARFUMS DE NOS SUBSTITUTS :<\/p>\n<p>GREJPFRUT<br \/>\nBERGAMOTE<br \/>\nPRINCE<br \/>\nC\u00c8DRE<br \/>\nLAVANDE<br \/>\nCARDAMOME<br \/>\nV\u00c9T\u00c9RINAIRE<br \/>\nGINGEMBRE<br \/>\nOLIBAN<br \/>\nDESCRIPTION DU PARFUM :<\/p>\n<p>Une fra\u00eecheur et une l\u00e9g\u00e8ret\u00e9 frappantes, parfaites pour \u00eatre port\u00e9es les jours de grande chaleur. Cette Eau de Parfum est le pendant de Givenchy Blue Label et s&rsquo;adresse aux hommes qui aiment l&rsquo;optimisme et la joie de vivre. Toute une s\u00e9rie d&rsquo;ar\u00f4mes expressifs ont \u00e9t\u00e9 habilement r\u00e9unis pour cr\u00e9er une combinaison coh\u00e9rente et harmonieuse qui stimule et rafra\u00eechit.  <\/p>\n<p>CARACTERISTIQUES DU PARFUM GIVENCHY BLUE LABEL EQUIVALENT :<br \/>\nType de parfum : \u00e9pic\u00e9, bois\u00e9<br \/>\nPour qui : masculin<br \/>\nContenu : 30 ml \/ 50 ml \/ 100 ml<br \/>\nCode produit : 233M<br \/>\nLe prix de ce parfum d\u00e9pend de la quantit\u00e9 indiqu\u00e9e.<br \/>\nMerci de nous faire part de vos commentaires apr\u00e8s l&rsquo;achat !<\/p>\n<p>Voir aussi les autres parfums Givenchy et leurs produits de remplacement.<\/p>\n<p>Quelle est l&rsquo;odeur du parfum Givenchy Blue Label correspondant ?<br \/>\nC&rsquo;est un parfum masculin, consid\u00e9r\u00e9 comme bois\u00e9 et \u00e9pic\u00e9. En le sentant, vous pouvez d\u00e9couvrir des notes de cardamome, de poivre, de bergamote, de c\u00e8dre ou de v\u00e9tiver, entre autres, dans son ar\u00f4me. D\u00e9finitivement un parfum stimulant, pour les hommes qui veulent montrer leur \u00e9nergie. En bref, ce parfum \u00e9pic\u00e9 a une odeur sensationnelle !   <\/p>\n","protected":false},"excerpt":{"rendered":"<p>Inspiration : Givenchy Blue Label EDT 100ML<\/p>\n<p class=\"product__text inline-richtext\"><strong>\u2705 Eau de toilette 19-21% Parfum<\/strong><\/p>\n<p class=\"product__text inline-richtext\"><strong>\u2705 Le parfum dure une seconde journ\u00e9e<\/strong><\/p>\n<p class=\"product__text inline-richtext\"><strong>Achetez le parfum, pas la marque - \u00e9conomisez de l&rsquo;argent<\/strong><\/p>\n","protected":false},"featured_media":35946,"comment_status":"open","ping_status":"closed","template":"","meta":{"_acf_changed":false},"product_brand":[],"product_cat":[201],"product_tag":[],"class_list":{"0":"post-27066","1":"product","2":"type-product","3":"status-publish","4":"has-post-thumbnail","6":"product_cat-pour-les-hommes","8":"first","9":"instock","10":"shipping-taxable","11":"purchasable","12":"product-type-variable"},"acf":[],"aioseo_notices":[],"jetpack_sharing_enabled":true,"_links":{"self":[{"href":"https:\/\/dupescents.co\/fr\/wp-json\/wp\/v2\/product\/27066","targetHints":{"allow":["GET"]}}],"collection":[{"href":"https:\/\/dupescents.co\/fr\/wp-json\/wp\/v2\/product"}],"about":[{"href":"https:\/\/dupescents.co\/fr\/wp-json\/wp\/v2\/types\/product"}],"replies":[{"embeddable":true,"href":"https:\/\/dupescents.co\/fr\/wp-json\/wp\/v2\/comments?post=27066"}],"wp:featuredmedia":[{"embeddable":true,"href":"https:\/\/dupescents.co\/fr\/wp-json\/wp\/v2\/media\/35946"}],"wp:attachment":[{"href":"https:\/\/dupescents.co\/fr\/wp-json\/wp\/v2\/media?parent=27066"}],"wp:term":[{"taxonomy":"product_brand","embeddable":true,"href":"https:\/\/dupescents.co\/fr\/wp-json\/wp\/v2\/product_brand?post=27066"},{"taxonomy":"product_cat","embeddable":true,"href":"https:\/\/dupescents.co\/fr\/wp-json\/wp\/v2\/product_cat?post=27066"},{"taxonomy":"product_tag","embeddable":true,"href":"https:\/\/dupescents.co\/fr\/wp-json\/wp\/v2\/product_tag?post=27066"}],"curies":[{"name":"wp","href":"https:\/\/api.w.org\/{rel}","templated":true}]}}