{"id":27050,"date":"2025-03-29T18:08:33","date_gmt":"2025-03-29T17:08:33","guid":{"rendered":"https:\/\/dupescents.co\/products\/sent-comme-homme-edition-blanche\/"},"modified":"2025-11-05T19:25:22","modified_gmt":"2025-11-05T18:25:22","slug":"sent-comme-homme-edition-blanche","status":"publish","type":"product","link":"https:\/\/dupescents.co\/fr\/products\/sent-comme-homme-edition-blanche\/","title":{"rendered":"Sent comme&#8230; Homme Edition Blanche"},"content":{"rendered":"<p>322M - Ersatz f\u00fcr Chanel Allure Homme Edition Blanche<br \/>\nEAU DE PARFUM NR. 322M - \u00c4QUIVALENT ZU CHANEL ALLURE HOMME EDITION BLANCHE<\/p>\n<p>DUFTNOTEN UNSERES ERSATZES:<\/p>\n<p>LEMON<br \/>\nBERGAMOT<br \/>\nSANDELHOLZ<br \/>\nHOLZIGE NOTIZEN<br \/>\nVETIVER<br \/>\nVANILLE<br \/>\nDUFTBESCHREIBUNG:<\/p>\n<p>Inspiriert von Allure Homme Edition Blanche, wurde dieses Parf\u00fcm f\u00fcr Liebhaber klassischer D\u00fcfte kreiert, die ihrem Stil einen Hauch von Extravaganz verleihen wollen. Sie schaffen ein Gleichgewicht zwischen orientalischen Noten und der Frische von Zitrusakzenten. Sie werden Bergamotte, Zitrone, Vanille, Sandelholz und holzige Noten finden.<\/p>\n","protected":false},"excerpt":{"rendered":"<p class=\"product__text inline-richtext\">Inspiration : Chanel Allure Homme Edition Blanche EDP 50ML<\/p>\n<p class=\"product__text inline-richtext\"><strong>\u2705 Eau de toilette 19-21% Parfum<\/strong><\/p>\n<p class=\"product__text inline-richtext\"><strong>\u2705 Le parfum dure une seconde journ\u00e9e<\/strong><\/p>\n<p class=\"product__text inline-richtext\"><strong>Achetez le parfum, pas la marque - \u00e9conomisez de l&rsquo;argent<\/strong><\/p>\n","protected":false},"featured_media":36285,"comment_status":"open","ping_status":"closed","template":"","meta":{"_acf_changed":false},"product_brand":[],"product_cat":[201],"product_tag":[],"class_list":{"0":"post-27050","1":"product","2":"type-product","3":"status-publish","4":"has-post-thumbnail","6":"product_cat-pour-les-hommes","8":"first","9":"instock","10":"shipping-taxable","11":"purchasable","12":"product-type-variable"},"acf":[],"aioseo_notices":[],"jetpack_sharing_enabled":true,"_links":{"self":[{"href":"https:\/\/dupescents.co\/fr\/wp-json\/wp\/v2\/product\/27050","targetHints":{"allow":["GET"]}}],"collection":[{"href":"https:\/\/dupescents.co\/fr\/wp-json\/wp\/v2\/product"}],"about":[{"href":"https:\/\/dupescents.co\/fr\/wp-json\/wp\/v2\/types\/product"}],"replies":[{"embeddable":true,"href":"https:\/\/dupescents.co\/fr\/wp-json\/wp\/v2\/comments?post=27050"}],"wp:featuredmedia":[{"embeddable":true,"href":"https:\/\/dupescents.co\/fr\/wp-json\/wp\/v2\/media\/36285"}],"wp:attachment":[{"href":"https:\/\/dupescents.co\/fr\/wp-json\/wp\/v2\/media?parent=27050"}],"wp:term":[{"taxonomy":"product_brand","embeddable":true,"href":"https:\/\/dupescents.co\/fr\/wp-json\/wp\/v2\/product_brand?post=27050"},{"taxonomy":"product_cat","embeddable":true,"href":"https:\/\/dupescents.co\/fr\/wp-json\/wp\/v2\/product_cat?post=27050"},{"taxonomy":"product_tag","embeddable":true,"href":"https:\/\/dupescents.co\/fr\/wp-json\/wp\/v2\/product_tag?post=27050"}],"curies":[{"name":"wp","href":"https:\/\/api.w.org\/{rel}","templated":true}]}}