{"id":27042,"date":"2025-03-29T18:05:44","date_gmt":"2025-03-29T17:05:44","guid":{"rendered":"https:\/\/dupescents.co\/products\/ca-sent-comme-hugo-red\/"},"modified":"2025-11-05T19:25:21","modified_gmt":"2025-11-05T18:25:21","slug":"ca-sent-comme-hugo-red","status":"publish","type":"product","link":"https:\/\/dupescents.co\/fr\/products\/ca-sent-comme-hugo-red\/","title":{"rendered":"\u00c7a sent comme&#8230; Hugo Red"},"content":{"rendered":"<p>253M - Hugo Boss Hugo Red Ersatz<br \/>\nEAU DE PARFUM NR. 253M - HUGO BOSS HUGO RED ERSATZ<\/p>\n<p>DUFTNOTEN UNSERES ERSATZES:<\/p>\n<p>RABARBAR<br \/>\nGREYFRUIT<br \/>\nMETALLISCHE NOTIZEN<br \/>\nANANAS<br \/>\nPINK PEPPER<br \/>\nBURSHINE<br \/>\nTONKA FASOL<br \/>\nGALBANUM<br \/>\nZEDER<br \/>\nDUFTBESCHREIBUNG:<\/p>\n<p>Ein einzigartiges Parf\u00fcm, das das grenzenlose Streben nach Tr\u00e4umen symbolisiert. Unser Eau de Parfum Nr. 253M ist das \u00c4quivalent des Hugo Boss Hugo Red Duftes mit hoher Langlebigkeit und Intensit\u00e4t. Rhabarber, Grapefruit, rosa Pfeffer und holzige Noten bilden eine ausdrucksstarke, orientalische Kombination. Dank seiner Vielseitigkeit ist dieses Parf\u00fcm ideal, um es zu allen Gelegenheiten und Jahreszeiten zu tragen.<\/p>\n<p>EIGENSCHAFTEN VON HUGO RED PARF\u00dcM GEGENST\u00dcCK:<br \/>\nDufttyp: orientalisch, w\u00fcrzig<br \/>\nF\u00fcr wen: m\u00e4nnlich<br \/>\nVolumen: 10 ml \/ 30 ml \/ 50 ml \/ 100 ml<br \/>\nProdukt-Code: 253M<br \/>\nDer Preis f\u00fcr dieses Parf\u00fcm h\u00e4ngt von der angegebenen Menge ab.<br \/>\nBitte geben Sie uns Ihr Feedback nach dem Kauf!<\/p>\n<p>Sehen Sie auch andere Hugo Boss Parfums und ihre Ersatzprodukte.<\/p>\n<p>Wie riecht das entsprechende Parf\u00fcm Hugo Boss Red?<br \/>\nEs ist ein sehr angenehmer, maskuliner Duft, der als w\u00fcrzig, aber auch orientalisch eingestuft wird. Man kann unter anderem Duftnoten wie Grapefruit, Amber, Zedernholz und rosa Pfeffer wahrnehmen, aber auch einen Hauch von metallischen Noten.<\/p>\n","protected":false},"excerpt":{"rendered":"<p class=\"product__text inline-richtext\">Inspiration : Hugo Boss Hugo Red EDT 75ML<\/p>\n<p class=\"product__text inline-richtext\"><strong>\u2705 Eau de toilette 19-21% Parfum<\/strong><\/p>\n<p class=\"product__text inline-richtext\"><strong>\u2705 Le parfum dure une seconde journ\u00e9e<\/strong><\/p>\n<p class=\"product__text inline-richtext\"><strong>Achetez le parfum, pas la marque - \u00e9conomisez de l&rsquo;argent<\/strong><\/p>\n","protected":false},"featured_media":36288,"comment_status":"open","ping_status":"closed","template":"","meta":{"_acf_changed":false},"product_brand":[],"product_cat":[201],"product_tag":[],"class_list":{"0":"post-27042","1":"product","2":"type-product","3":"status-publish","4":"has-post-thumbnail","6":"product_cat-pour-les-hommes","8":"first","9":"instock","10":"shipping-taxable","11":"purchasable","12":"product-type-variable"},"acf":[],"aioseo_notices":[],"jetpack_sharing_enabled":true,"_links":{"self":[{"href":"https:\/\/dupescents.co\/fr\/wp-json\/wp\/v2\/product\/27042","targetHints":{"allow":["GET"]}}],"collection":[{"href":"https:\/\/dupescents.co\/fr\/wp-json\/wp\/v2\/product"}],"about":[{"href":"https:\/\/dupescents.co\/fr\/wp-json\/wp\/v2\/types\/product"}],"replies":[{"embeddable":true,"href":"https:\/\/dupescents.co\/fr\/wp-json\/wp\/v2\/comments?post=27042"}],"wp:featuredmedia":[{"embeddable":true,"href":"https:\/\/dupescents.co\/fr\/wp-json\/wp\/v2\/media\/36288"}],"wp:attachment":[{"href":"https:\/\/dupescents.co\/fr\/wp-json\/wp\/v2\/media?parent=27042"}],"wp:term":[{"taxonomy":"product_brand","embeddable":true,"href":"https:\/\/dupescents.co\/fr\/wp-json\/wp\/v2\/product_brand?post=27042"},{"taxonomy":"product_cat","embeddable":true,"href":"https:\/\/dupescents.co\/fr\/wp-json\/wp\/v2\/product_cat?post=27042"},{"taxonomy":"product_tag","embeddable":true,"href":"https:\/\/dupescents.co\/fr\/wp-json\/wp\/v2\/product_tag?post=27042"}],"curies":[{"name":"wp","href":"https:\/\/api.w.org\/{rel}","templated":true}]}}