{"id":27034,"date":"2025-03-29T18:09:22","date_gmt":"2025-03-29T17:09:22","guid":{"rendered":"https:\/\/dupescents.co\/products\/sent-comme-en-mouvement\/"},"modified":"2025-11-05T19:25:20","modified_gmt":"2025-11-05T18:25:20","slug":"sent-comme-en-mouvement","status":"publish","type":"product","link":"https:\/\/dupescents.co\/fr\/products\/sent-comme-en-mouvement\/","title":{"rendered":"Sent comme&#8230; en mouvement"},"content":{"rendered":"<p>308M - Hugo Boss in Motion Ersatz<br \/>\n308M EAU DE PARFUM - HUGO BOSS IN MOTION ERSATZ<\/p>\n<p>DUFTNOTEN UNSERES ERSATZES:<\/p>\n<p>ORANGE<br \/>\nBERGAMOT<br \/>\nVIOLETTENBLATT<br \/>\nBASILIE<br \/>\nROSENPAPRIKA<br \/>\nZINNAMON<br \/>\nNUTMEG<br \/>\nKARDAMON<br \/>\nPIZMUM<br \/>\nSANDELHOLZ<br \/>\nHOLZIGE ANMERKUNGEN<br \/>\nVETIVERIEN<br \/>\nDUFTBESCHREIBUNG:<\/p>\n<p>Sp\u00fcren Sie das Selbstbewusstsein und die Individualit\u00e4t des Mannes! Das Gegenst\u00fcck zum Boss In Motion Parfum ist ein zart-s\u00fc\u00dfer orientalischer Duft mit einem Hauch von Frische. Seine Tiefe wird durch holzige Noten und sinnlichen Moschus bestimmt. Sie werden auch Bergamotte, Veilchenbl\u00e4tter, rosa Pfeffer, Muskatnuss und Zimt finden. Probieren Sie es aus und Sie werden einen Schub unb\u00e4ndiger Energie sp\u00fcren, der Sie vorw\u00e4rts treibt und Sie mit voller Entschlossenheit handeln l\u00e4sst.<\/p>\n<p>EIGENSCHAFTEN VON HUGO BOSS IN MOTION :<br \/>\nDufttyp: Orientalisch, Fougere.<br \/>\nF\u00fcr wen: m\u00e4nnlich<br \/>\nInhalt 10 ml \/ 30 ml \/ 50 ml \/ 100 ml<br \/>\nProdukt-Code: 308M<br \/>\nDer Preis f\u00fcr dieses Parf\u00fcm h\u00e4ngt von der angegebenen Menge ab.<br \/>\nBitte geben Sie uns nach dem Kauf Ihr Feedback!<\/p>\n","protected":false},"excerpt":{"rendered":"<p class=\"product__text inline-richtext\">Inspiration : Hugo Boss in Motion EDT 100ML<\/p>\n<p class=\"product__text inline-richtext\"><strong>\u2705 Eau de toilette 19-21% Parfum<\/strong><\/p>\n<p class=\"product__text inline-richtext\"><strong>\u2705 Le parfum dure une seconde journ\u00e9e<\/strong><\/p>\n<p class=\"product__text inline-richtext\"><strong>Achetez le parfum, pas la marque - \u00e9conomisez de l&rsquo;argent<\/strong><\/p>\n","protected":false},"featured_media":36282,"comment_status":"open","ping_status":"closed","template":"","meta":{"_acf_changed":false},"product_brand":[],"product_cat":[201],"product_tag":[],"class_list":{"0":"post-27034","1":"product","2":"type-product","3":"status-publish","4":"has-post-thumbnail","6":"product_cat-pour-les-hommes","8":"first","9":"instock","10":"shipping-taxable","11":"purchasable","12":"product-type-variable"},"acf":[],"aioseo_notices":[],"jetpack_sharing_enabled":true,"_links":{"self":[{"href":"https:\/\/dupescents.co\/fr\/wp-json\/wp\/v2\/product\/27034","targetHints":{"allow":["GET"]}}],"collection":[{"href":"https:\/\/dupescents.co\/fr\/wp-json\/wp\/v2\/product"}],"about":[{"href":"https:\/\/dupescents.co\/fr\/wp-json\/wp\/v2\/types\/product"}],"replies":[{"embeddable":true,"href":"https:\/\/dupescents.co\/fr\/wp-json\/wp\/v2\/comments?post=27034"}],"wp:featuredmedia":[{"embeddable":true,"href":"https:\/\/dupescents.co\/fr\/wp-json\/wp\/v2\/media\/36282"}],"wp:attachment":[{"href":"https:\/\/dupescents.co\/fr\/wp-json\/wp\/v2\/media?parent=27034"}],"wp:term":[{"taxonomy":"product_brand","embeddable":true,"href":"https:\/\/dupescents.co\/fr\/wp-json\/wp\/v2\/product_brand?post=27034"},{"taxonomy":"product_cat","embeddable":true,"href":"https:\/\/dupescents.co\/fr\/wp-json\/wp\/v2\/product_cat?post=27034"},{"taxonomy":"product_tag","embeddable":true,"href":"https:\/\/dupescents.co\/fr\/wp-json\/wp\/v2\/product_tag?post=27034"}],"curies":[{"name":"wp","href":"https:\/\/api.w.org\/{rel}","templated":true}]}}