{"id":26975,"date":"2025-03-29T18:24:55","date_gmt":"2025-03-29T17:24:55","guid":{"rendered":"https:\/\/dupescents.co\/products\/magic-perfume-remplacement-226m\/"},"modified":"2025-11-05T19:25:09","modified_gmt":"2025-11-05T18:25:09","slug":"magic-perfume-remplacement-226m","status":"publish","type":"product","link":"https:\/\/dupescents.co\/fr\/products\/magic-perfume-remplacement-226m\/","title":{"rendered":"MAGIC PERFUME REMPLACEMENT 226M"},"content":{"rendered":"<p>226M - Lacoste Challenge \u00c4quivalent<br \/>\n226M EAU DE PARFUM - \u00c4QUIVALENT ZU LACOSTE CHALLENGE<\/p>\n<p>DUFTNOTEN UNSERES ERSATZES:<\/p>\n<p>AMALFI-ZITRONE<br \/>\nTANGERINE<br \/>\nIMBIR<br \/>\nTEEBAUM<br \/>\nBERGAMOT<br \/>\nLAVENDER<br \/>\nEBONYHOLZ<br \/>\nVIOLETTENBLATT<br \/>\nDUFTBESCHREIBUNG:<\/p>\n<p>Sie lieben es, sich immer wieder neuen Herausforderungen zu stellen und kennen keine Langeweile? Dann ist dieser Duft genau das Richtige f\u00fcr Sie! Unser Eau de Parfum Nr. 226M ist das \u00c4quivalent zu Lacoste Challenge mit einer sehr hohen Langlebigkeit und Aromareichtum. Nehmen Sie die Herausforderung an und w\u00e4hlen Sie einen Duft, der Sie den Ruf des Abenteuers sp\u00fcren l\u00e4sst!<\/p>\n<p>EIGENSCHAFTEN DES LACOSTE CHALLENGE PARF\u00dcM-GEGENST\u00dcCKS:<br \/>\nDufttyp: Zitrusfr\u00fcchte, aromatisch<br \/>\nF\u00fcr wen: m\u00e4nnlich<br \/>\nVolumen: 30 ml \/ 50 ml \/ 100 ml<br \/>\nProdukt-Code: 226M<br \/>\nDer Preis f\u00fcr dieses Parf\u00fcm h\u00e4ngt von der angegebenen Menge ab.<br \/>\nBitte geben Sie uns Ihr Feedback nach dem Kauf!<\/p>\n<p>Sehen Sie auch andere Lacoste Parfums und ihre Ersatzprodukte.<\/p>\n<p>&nbsp;<\/p>\n<p>Wie riecht das \u00c4quivalent des Parfums Lacoste Challenge?<br \/>\nEs handelt sich um eine sehr aromatische Komposition, die als zitrusartig gilt. Unter den vorhandenen Duftakkorden sind unter anderem Lavendel, Zitrone, Ebenholz und Bergamotte zu erkennen. Insgesamt unterstreicht es den Charakter und eignet sich f\u00fcr viele Situationen.<\/p>\n","protected":false},"excerpt":{"rendered":"<p>Inspiration : LACOSTE CHALLENGE EDP<\/p>\n<p class=\"product__text inline-richtext\"><strong>\u2705 Eau de toilette 19-21% Parfum<\/strong><\/p>\n<p class=\"product__text inline-richtext\"><strong>\u2705 Le parfum dure une seconde journ\u00e9e<\/strong><\/p>\n<p class=\"product__text inline-richtext\"><strong>Achetez le parfum, pas la marque - \u00e9conomisez de l&rsquo;argent<\/strong><\/p>\n","protected":false},"featured_media":0,"comment_status":"open","ping_status":"closed","template":"","meta":{"_acf_changed":false},"product_brand":[],"product_cat":[201],"product_tag":[],"class_list":{"0":"post-26975","1":"product","2":"type-product","3":"status-publish","5":"product_cat-pour-les-hommes","7":"first","8":"instock","9":"shipping-taxable","10":"purchasable","11":"product-type-variable"},"acf":[],"aioseo_notices":[],"jetpack_sharing_enabled":true,"_links":{"self":[{"href":"https:\/\/dupescents.co\/fr\/wp-json\/wp\/v2\/product\/26975","targetHints":{"allow":["GET"]}}],"collection":[{"href":"https:\/\/dupescents.co\/fr\/wp-json\/wp\/v2\/product"}],"about":[{"href":"https:\/\/dupescents.co\/fr\/wp-json\/wp\/v2\/types\/product"}],"replies":[{"embeddable":true,"href":"https:\/\/dupescents.co\/fr\/wp-json\/wp\/v2\/comments?post=26975"}],"wp:attachment":[{"href":"https:\/\/dupescents.co\/fr\/wp-json\/wp\/v2\/media?parent=26975"}],"wp:term":[{"taxonomy":"product_brand","embeddable":true,"href":"https:\/\/dupescents.co\/fr\/wp-json\/wp\/v2\/product_brand?post=26975"},{"taxonomy":"product_cat","embeddable":true,"href":"https:\/\/dupescents.co\/fr\/wp-json\/wp\/v2\/product_cat?post=26975"},{"taxonomy":"product_tag","embeddable":true,"href":"https:\/\/dupescents.co\/fr\/wp-json\/wp\/v2\/product_tag?post=26975"}],"curies":[{"name":"wp","href":"https:\/\/api.w.org\/{rel}","templated":true}]}}