{"id":26966,"date":"2025-03-29T18:18:04","date_gmt":"2025-03-29T17:18:04","guid":{"rendered":"https:\/\/dupescents.co\/products\/sent-comme-amen\/"},"modified":"2025-11-05T19:25:09","modified_gmt":"2025-11-05T18:25:09","slug":"sent-comme-amen","status":"publish","type":"product","link":"https:\/\/dupescents.co\/fr\/products\/sent-comme-amen\/","title":{"rendered":"Sent comme&#8230; A*Men"},"content":{"rendered":"<p>255M - Ersatz f\u00fcr Thierry Mugler A*Men<br \/>\nEAU DE PARFUM NO 255M - ERSATZ F\u00dcR THIERRY MUGLER A*MEN<\/p>\n<p>DUFTNOTEN UNSERES ERSATZES:<\/p>\n<p>CARAMEL<br \/>\nKAFFEE<br \/>\nPACULA<br \/>\nVANILLE<br \/>\nHONIG<br \/>\nMILCH<br \/>\nTONKA FASOL<br \/>\nBENZOES<br \/>\nLAVENDER<br \/>\nM\u00dcNZE<br \/>\nBURTISMUS<br \/>\nFRUCHTIGE UND W\u00dcRZIGE NOTEN<br \/>\nSANDELWOOD<br \/>\nCOLLENDRA<br \/>\nPIZMERE<br \/>\nZEDER<br \/>\nJASMINE<br \/>\nGR\u00dcNE N\u00dcSSE<br \/>\nBERGAMOTTE<br \/>\nCONVALIA<br \/>\nDUFTBESCHREIBUNG:<\/p>\n<p>Ein sinnliches Parf\u00fcm f\u00fcr M\u00e4nner, das mit angeborenem Charme ausgestattet ist. Unser Eau de Parfum Nr. 255M ist das \u00c4quivalent zu Thierry Muglers A*Men-Duft mit einer hohen Langlebigkeit. Die harmonische Kombination aus holzigen, s\u00fc\u00dfen und Kaffee-Noten ergibt einen unverwechselbaren orientalischen Charakter. Dieser Duft wird sicherlich von M\u00e4nnern mit raffiniertem Geschmack, die unbeschwerte Momente lieben, gesch\u00e4tzt werden.<\/p>\n","protected":false},"excerpt":{"rendered":"<p>Inspiration : Thierry Mugler A*Men EDT 30ML<\/p>\n<p class=\"product__text inline-richtext\"><strong>\u2705 Eau de toilette 19-21% Parfum<\/strong><\/p>\n<p class=\"product__text inline-richtext\"><strong>\u2705 Le parfum dure une seconde journ\u00e9e<\/strong><\/p>\n<p class=\"product__text inline-richtext\"><strong>Achetez le parfum, pas la marque - \u00e9conomisez de l&rsquo;argent<\/strong><\/p>\n","protected":false},"featured_media":0,"comment_status":"open","ping_status":"closed","template":"","meta":{"_acf_changed":false},"product_brand":[],"product_cat":[201],"product_tag":[],"class_list":{"0":"post-26966","1":"product","2":"type-product","3":"status-publish","5":"product_cat-pour-les-hommes","7":"first","8":"instock","9":"shipping-taxable","10":"purchasable","11":"product-type-variable"},"acf":[],"aioseo_notices":[],"jetpack_sharing_enabled":true,"_links":{"self":[{"href":"https:\/\/dupescents.co\/fr\/wp-json\/wp\/v2\/product\/26966","targetHints":{"allow":["GET"]}}],"collection":[{"href":"https:\/\/dupescents.co\/fr\/wp-json\/wp\/v2\/product"}],"about":[{"href":"https:\/\/dupescents.co\/fr\/wp-json\/wp\/v2\/types\/product"}],"replies":[{"embeddable":true,"href":"https:\/\/dupescents.co\/fr\/wp-json\/wp\/v2\/comments?post=26966"}],"wp:attachment":[{"href":"https:\/\/dupescents.co\/fr\/wp-json\/wp\/v2\/media?parent=26966"}],"wp:term":[{"taxonomy":"product_brand","embeddable":true,"href":"https:\/\/dupescents.co\/fr\/wp-json\/wp\/v2\/product_brand?post=26966"},{"taxonomy":"product_cat","embeddable":true,"href":"https:\/\/dupescents.co\/fr\/wp-json\/wp\/v2\/product_cat?post=26966"},{"taxonomy":"product_tag","embeddable":true,"href":"https:\/\/dupescents.co\/fr\/wp-json\/wp\/v2\/product_tag?post=26966"}],"curies":[{"name":"wp","href":"https:\/\/api.w.org\/{rel}","templated":true}]}}