{"id":26956,"date":"2025-03-29T18:26:30","date_gmt":"2025-03-29T17:26:30","guid":{"rendered":"https:\/\/dupescents.co\/products\/sent-comme-euphoria-men\/"},"modified":"2026-02-22T00:36:28","modified_gmt":"2026-02-21T23:36:28","slug":"sent-comme-euphoria-men","status":"publish","type":"product","link":"https:\/\/dupescents.co\/fr\/products\/sent-comme-euphoria-men\/","title":{"rendered":"Sent comme&#8230; Euphoria Hommes"},"content":{"rendered":"<p>204M - Remplacement pour Calvin Klein Euphoria Men<br \/>\nEAU DE PARFUM 204M - REMPLACEMENT POUR CALVIN KLEIN EUPHORIA MEN<\/p>\n<p>PARFUMS DE NOS SUBSTITUTS :<\/p>\n<p>IMBIR<br \/>\nPOUDRE<br \/>\nBASIL NOIR<br \/>\nSAGE<br \/>\nC\u00c8DRE<br \/>\nBURSHINE<br \/>\nZAMSH<br \/>\nSEQUOIA BR\u00c9SILIEN<br \/>\nPACULA<br \/>\nDESCRIPTION DU PARFUM :<\/p>\n<p>Un parfum masculin \u00e0 la fois intense, frais et s\u00e9duisant, qui \u00e9voque la joie et l&rsquo;exaltation sensuelle. Notre \u00e9quivalent de Calvin Klein Euphoria Men est une Eau de Parfum longue dur\u00e9e qui exalte les sens. Le caract\u00e8re profond et bois\u00e9 de cette composition parfum\u00e9e s\u00e9duit efficacement et ne vous laisse pas oublier pendant longtemps.  <\/p>\n<p>CARACTERISTIQUES DE EUPHORIA MEN PARFUM \u00c9QUIVALENT :<br \/>\nType de parfum : bois\u00e9<br \/>\nPour qui : masculin<br \/>\nContenu 30 ml \/ 50 ml \/ 100 ml<br \/>\nCode produit : 204M<br \/>\nLe prix de ce parfum d\u00e9pend de la quantit\u00e9 indiqu\u00e9e.<br \/>\nMerci de nous donner votre avis apr\u00e8s l&rsquo;achat !<\/p>\n<p>Voir aussi les autres parfums Calvin Klein et leurs substituts.<\/p>\n<p>Existe-t-il d&rsquo;autres versions du parfum Euphoria ?<br \/>\nOui, outre le parfum pour homme mentionn\u00e9 ci-dessus, il existe \u00e9galement des versions pour femme de Calvin Klein Euphoria Women (la version de base) ainsi que Deep Euphoria et CK Euphoria Blossom. Cela vaut la peine de les tester et de se faire une opinion. <\/p>\n","protected":false},"excerpt":{"rendered":"<p>Inspiration : Calvin Klein Euphoria Men EDT 30ML<\/p>\n<p class=\"product__text inline-richtext\"><strong>\u2705 Eau de toilette 19-21% Parfum<\/strong><\/p>\n<p class=\"product__text inline-richtext\"><strong>\u2705 Le parfum dure une seconde journ\u00e9e<\/strong><\/p>\n<p class=\"product__text inline-richtext\"><strong>Achetez le parfum, pas la marque - \u00e9conomisez de l&rsquo;argent<\/strong><\/p>\n","protected":false},"featured_media":35925,"comment_status":"open","ping_status":"closed","template":"","meta":{"_acf_changed":false},"product_brand":[],"product_cat":[201],"product_tag":[],"class_list":{"0":"post-26956","1":"product","2":"type-product","3":"status-publish","4":"has-post-thumbnail","6":"product_cat-pour-les-hommes","8":"first","9":"instock","10":"shipping-taxable","11":"purchasable","12":"product-type-variable"},"acf":[],"aioseo_notices":[],"jetpack_sharing_enabled":true,"_links":{"self":[{"href":"https:\/\/dupescents.co\/fr\/wp-json\/wp\/v2\/product\/26956","targetHints":{"allow":["GET"]}}],"collection":[{"href":"https:\/\/dupescents.co\/fr\/wp-json\/wp\/v2\/product"}],"about":[{"href":"https:\/\/dupescents.co\/fr\/wp-json\/wp\/v2\/types\/product"}],"replies":[{"embeddable":true,"href":"https:\/\/dupescents.co\/fr\/wp-json\/wp\/v2\/comments?post=26956"}],"wp:featuredmedia":[{"embeddable":true,"href":"https:\/\/dupescents.co\/fr\/wp-json\/wp\/v2\/media\/35925"}],"wp:attachment":[{"href":"https:\/\/dupescents.co\/fr\/wp-json\/wp\/v2\/media?parent=26956"}],"wp:term":[{"taxonomy":"product_brand","embeddable":true,"href":"https:\/\/dupescents.co\/fr\/wp-json\/wp\/v2\/product_brand?post=26956"},{"taxonomy":"product_cat","embeddable":true,"href":"https:\/\/dupescents.co\/fr\/wp-json\/wp\/v2\/product_cat?post=26956"},{"taxonomy":"product_tag","embeddable":true,"href":"https:\/\/dupescents.co\/fr\/wp-json\/wp\/v2\/product_tag?post=26956"}],"curies":[{"name":"wp","href":"https:\/\/api.w.org\/{rel}","templated":true}]}}