{"id":26949,"date":"2025-03-29T18:22:49","date_gmt":"2025-03-29T17:22:49","guid":{"rendered":"https:\/\/dupescents.co\/products\/magic-perfume-remplacement-298m\/"},"modified":"2025-11-05T19:25:07","modified_gmt":"2025-11-05T18:25:07","slug":"magic-perfume-remplacement-298m","status":"publish","type":"product","link":"https:\/\/dupescents.co\/fr\/products\/magic-perfume-remplacement-298m\/","title":{"rendered":"MAGIC PERFUME REMPLACEMENT 298M"},"content":{"rendered":"<p>298M - Versace Dylan Blue Ersatz<br \/>\nEAU DE PARFUM NR. 298M - ERSATZ VON VERSACE DYLAN BLUE<\/p>\n<p>DUFTNOTEN UNSERES ERSATZES:<\/p>\n<p>AMBROXAN<br \/>\nKALABRISCHE BERGAMOTTE<br \/>\nGREYFRUIT<br \/>\nAQUATISCHE N\u00dcSSE<br \/>\nHONIG<br \/>\nPAKULA<br \/>\nSCHWARZER PRINZ<br \/>\nPIZMO<br \/>\nVIOLETTENBLATT<br \/>\nTONKA-BEAN<br \/>\nFEIGELBLATT<br \/>\nPAPIRUS<br \/>\nSAFFRON<br \/>\nDUFTBESCHREIBUNG:<\/p>\n<p>Unwiderstehliche Kraft und Sinnlichkeit versteckt in einem Parfumflakon. Unser \u00c4quivalent zum Duft Versace Dylan Blue ist eine Komposition f\u00fcr mutige M\u00e4nner, die sich darauf konzentrieren, ihre eigenen Grenzen zu \u00fcberwinden. Der aromatische Reichtum der Duftnoten zieht mit seiner Anziehungskraft an und verzaubert mit seiner Tiefe.<\/p>\n<p>MERKMALE DES \u00c4QUIVALENTS VON VERSACE DYLAN BLUE PARF\u00dcM:<br \/>\nDufttyp: aromatisch<br \/>\nF\u00fcr wen: m\u00e4nnlich<br \/>\nVolumen: 10 ml \/ 30 ml \/ 50 ml \/ 100 ml<br \/>\nProdukt-Code: 298M<br \/>\nDer Preis f\u00fcr dieses Parf\u00fcm h\u00e4ngt von der angegebenen Menge ab.<br \/>\nBitte geben Sie uns Ihr Feedback nach dem Kauf!<\/p>\n<p>Siehe auch andere Versace-Parf\u00fcms und ihre Ersatzprodukte.<\/p>\n<p>Wie riecht das \u00c4quivalent des Parfums Versace Dylan Blue?<br \/>\nEs ist ein charaktervoller Duft, der als stark aromatisch eingestuft wird. Sie k\u00f6nnen unter anderem Akzente von Weihrauch, Safran, Grapefruit, Pfeffer, Tonkabohne oder aquatische Noten wahrnehmen. Die Komposition zeigt gleichzeitig den verf\u00fchrerischen Charakter des Duftes und ist gleichzeitig alltagstauglich. Er passt einfach zu jeder Gelegenheit.<\/p>\n","protected":false},"excerpt":{"rendered":"<p class=\"product__text inline-richtext\">Inspiration : VERSACE DYLAN BLUE EDP<\/p>\n<p class=\"product__text inline-richtext\"><strong>\u2705 Eau de toilette 19-21% Parfum<\/strong><\/p>\n<p class=\"product__text inline-richtext\"><strong>\u2705 Le parfum dure une seconde journ\u00e9e<\/strong><\/p>\n<p class=\"product__text inline-richtext\"><strong>Achetez le parfum, pas la marque - \u00e9conomisez de l&rsquo;argent<\/strong><\/p>\n","protected":false},"featured_media":0,"comment_status":"open","ping_status":"closed","template":"","meta":{"_acf_changed":false},"product_brand":[],"product_cat":[201],"product_tag":[],"class_list":{"0":"post-26949","1":"product","2":"type-product","3":"status-publish","5":"product_cat-pour-les-hommes","7":"first","8":"instock","9":"shipping-taxable","10":"purchasable","11":"product-type-variable"},"acf":[],"aioseo_notices":[],"jetpack_sharing_enabled":true,"_links":{"self":[{"href":"https:\/\/dupescents.co\/fr\/wp-json\/wp\/v2\/product\/26949","targetHints":{"allow":["GET"]}}],"collection":[{"href":"https:\/\/dupescents.co\/fr\/wp-json\/wp\/v2\/product"}],"about":[{"href":"https:\/\/dupescents.co\/fr\/wp-json\/wp\/v2\/types\/product"}],"replies":[{"embeddable":true,"href":"https:\/\/dupescents.co\/fr\/wp-json\/wp\/v2\/comments?post=26949"}],"wp:attachment":[{"href":"https:\/\/dupescents.co\/fr\/wp-json\/wp\/v2\/media?parent=26949"}],"wp:term":[{"taxonomy":"product_brand","embeddable":true,"href":"https:\/\/dupescents.co\/fr\/wp-json\/wp\/v2\/product_brand?post=26949"},{"taxonomy":"product_cat","embeddable":true,"href":"https:\/\/dupescents.co\/fr\/wp-json\/wp\/v2\/product_cat?post=26949"},{"taxonomy":"product_tag","embeddable":true,"href":"https:\/\/dupescents.co\/fr\/wp-json\/wp\/v2\/product_tag?post=26949"}],"curies":[{"name":"wp","href":"https:\/\/api.w.org\/{rel}","templated":true}]}}