{"id":26941,"date":"2025-03-29T18:27:58","date_gmt":"2025-03-29T17:27:58","guid":{"rendered":"https:\/\/dupescents.co\/products\/magic-perfume-remplacement-250m\/"},"modified":"2025-11-05T19:25:04","modified_gmt":"2025-11-05T18:25:04","slug":"magic-perfume-remplacement-250m","status":"publish","type":"product","link":"https:\/\/dupescents.co\/fr\/products\/magic-perfume-remplacement-250m\/","title":{"rendered":"MAGIC PERFUME REMPLACEMENT 250M"},"content":{"rendered":"<p>250M - Lacoste L.12.12 Blanc Ersatz<br \/>\nPARF\u00dcMIERTES WASSER NR. 250M - ERSATZ F\u00dcR LACOSTE L.12.12 BLANC<\/p>\n<p>DUFTNOTEN UNSERES ERSATZES:<\/p>\n<p>GREJPFRUT<br \/>\nYLANG-YLANG<br \/>\nTUBEROZA<br \/>\nAMBER<br \/>\nKARDAMON<br \/>\nROSEMARIE<br \/>\nZEDER VIRGINIA<br \/>\nLEATHER<br \/>\nVETIVERIE<br \/>\nDUFTBESCHREIBUNG:<\/p>\n<p>Fesselnd in seiner Schlichtheit und Eleganz, ein duftender Klassiker f\u00fcr den Mann. Unser Eau de Parfum Nr. 250M ist das \u00c4quivalent des Lacoste-Duftes L.12.12 Blanc mit einer kristallklaren Dimension. Perfekt f\u00fcr den Alltag, ist es eine selbstbewusste Komposition aus Zitrus-, Leder- und Holznoten, die die Aufmerksamkeit der Menschen um sich herum auf sich zieht und den Tr\u00e4ger ermutigt.<\/p>\n<p>MERKMALE DES PARFUMS LACOSTE L.12.12 BLANC EQUIVALENT:<br \/>\nDufttyp: aromatisch und holzig<br \/>\nF\u00fcr wen: m\u00e4nnlich<br \/>\nInhalt 10 ml \/ 30 ml \/ 50 ml \/ 100 ml<br \/>\nProdukt-Code: 250M<br \/>\nDer Preis f\u00fcr dieses Parf\u00fcm h\u00e4ngt von der angegebenen Menge ab.<br \/>\nBitte geben Sie uns Ihr Feedback nach dem Kauf!<\/p>\n<p>Sehen Sie auch andere Lacoste Parfums und ihre Ersatzprodukte.<\/p>\n","protected":false},"excerpt":{"rendered":"<p class=\"product__text inline-richtext\">Inspiration : LACOST L .12.12 BLANC EDP<\/p>\n<p class=\"product__text inline-richtext\"><strong>\u2705 Eau de toilette 19-21% Parfum<\/strong><\/p>\n<p class=\"product__text inline-richtext\"><strong>\u2705 Le parfum dure une seconde journ\u00e9e<\/strong><\/p>\n<p class=\"product__text inline-richtext\"><strong>Achetez le parfum, pas la marque - \u00e9conomisez de l&rsquo;argent<\/strong><\/p>\n","protected":false},"featured_media":0,"comment_status":"open","ping_status":"closed","template":"","meta":{"_acf_changed":false},"product_brand":[],"product_cat":[201],"product_tag":[],"class_list":{"0":"post-26941","1":"product","2":"type-product","3":"status-publish","5":"product_cat-pour-les-hommes","7":"first","8":"instock","9":"shipping-taxable","10":"purchasable","11":"product-type-variable"},"acf":[],"aioseo_notices":[],"jetpack_sharing_enabled":true,"_links":{"self":[{"href":"https:\/\/dupescents.co\/fr\/wp-json\/wp\/v2\/product\/26941","targetHints":{"allow":["GET"]}}],"collection":[{"href":"https:\/\/dupescents.co\/fr\/wp-json\/wp\/v2\/product"}],"about":[{"href":"https:\/\/dupescents.co\/fr\/wp-json\/wp\/v2\/types\/product"}],"replies":[{"embeddable":true,"href":"https:\/\/dupescents.co\/fr\/wp-json\/wp\/v2\/comments?post=26941"}],"wp:attachment":[{"href":"https:\/\/dupescents.co\/fr\/wp-json\/wp\/v2\/media?parent=26941"}],"wp:term":[{"taxonomy":"product_brand","embeddable":true,"href":"https:\/\/dupescents.co\/fr\/wp-json\/wp\/v2\/product_brand?post=26941"},{"taxonomy":"product_cat","embeddable":true,"href":"https:\/\/dupescents.co\/fr\/wp-json\/wp\/v2\/product_cat?post=26941"},{"taxonomy":"product_tag","embeddable":true,"href":"https:\/\/dupescents.co\/fr\/wp-json\/wp\/v2\/product_tag?post=26941"}],"curies":[{"name":"wp","href":"https:\/\/api.w.org\/{rel}","templated":true}]}}