{"id":26925,"date":"2025-03-29T18:28:48","date_gmt":"2025-03-29T17:28:48","guid":{"rendered":"https:\/\/dupescents.co\/products\/magic-perfume-remplacement-271m\/"},"modified":"2025-11-05T19:25:02","modified_gmt":"2025-11-05T18:25:02","slug":"magic-perfume-remplacement-271m","status":"publish","type":"product","link":"https:\/\/dupescents.co\/fr\/products\/magic-perfume-remplacement-271m\/","title":{"rendered":"MAGIC PERFUME REMPLACEMENT 271M"},"content":{"rendered":"<p>271M - Lacoste Style In Play RED Ersatz<br \/>\nEAU DE PARFUM NR. 271M - ERSATZ F\u00dcR LACOSTE STYLE IN PLAY RED<\/p>\n<p>DUFTNOTEN UNSERES ERSATZES:<\/p>\n<p>GR\u00dcNER APFEL<br \/>\nKIEFER<br \/>\nTUJA<br \/>\nJASMINE<br \/>\nWEISSER PIZMUM<br \/>\nZEDER<br \/>\nVETIVER<br \/>\nPACULA<br \/>\nDUFTBESCHREIBUNG:<\/p>\n<p>Ein raubtierhaftes Eau de Parfum f\u00fcr mutige M\u00e4nner, die zu den geborenen Gewinnern geh\u00f6ren. Unser Gegenst\u00fcck zu Lacoste Style in Play Red ist ein aromatischer Cocktail, der Anmut, einen Hauch von Eleganz und sportlichen Stil vereint. Es ist f\u00fcr den Mann, der das Leben in vollen Z\u00fcgen genie\u00dft und sich nie langweilt oder unt\u00e4tig ist.<\/p>\n<p>EIGENSCHAFTEN DES LACOSTE STYLE IN PLAY RED \u00c4QUIVALENT PARF\u00dcMS:<br \/>\nDufttyp: aromatisch<br \/>\nF\u00fcr wen: m\u00e4nnlich<br \/>\nInhalt 10 ml \/ 30 ml \/ 50 ml \/ 100 ml<br \/>\nProdukt-Code: 271M<br \/>\nDer Preis f\u00fcr dieses Parf\u00fcm h\u00e4ngt von der angegebenen Menge ab.<br \/>\nBitte geben Sie uns Ihr Feedback nach dem Kauf!<\/p>\n<p>Sehen Sie auch andere Lacoste Parfums und ihre Ersatzprodukte.<\/p>\n","protected":false},"excerpt":{"rendered":"<p class=\"product__text inline-richtext\">Inspiration : LACOSTE STYLE IN PLAY RED EDP<\/p>\n<p class=\"product__text inline-richtext\"><strong>\u2705 Eau de toilette 19-21% Parfum<\/strong><\/p>\n<p class=\"product__text inline-richtext\"><strong>\u2705 Le parfum dure une seconde journ\u00e9e<\/strong><\/p>\n<p class=\"product__text inline-richtext\"><strong>Achetez le parfum, pas la marque - \u00e9conomisez de l&rsquo;argent<\/strong><\/p>\n","protected":false},"featured_media":0,"comment_status":"open","ping_status":"closed","template":"","meta":{"_acf_changed":false},"product_brand":[],"product_cat":[201],"product_tag":[],"class_list":{"0":"post-26925","1":"product","2":"type-product","3":"status-publish","5":"product_cat-pour-les-hommes","7":"first","8":"instock","9":"shipping-taxable","10":"purchasable","11":"product-type-variable"},"acf":[],"aioseo_notices":[],"jetpack_sharing_enabled":true,"_links":{"self":[{"href":"https:\/\/dupescents.co\/fr\/wp-json\/wp\/v2\/product\/26925","targetHints":{"allow":["GET"]}}],"collection":[{"href":"https:\/\/dupescents.co\/fr\/wp-json\/wp\/v2\/product"}],"about":[{"href":"https:\/\/dupescents.co\/fr\/wp-json\/wp\/v2\/types\/product"}],"replies":[{"embeddable":true,"href":"https:\/\/dupescents.co\/fr\/wp-json\/wp\/v2\/comments?post=26925"}],"wp:attachment":[{"href":"https:\/\/dupescents.co\/fr\/wp-json\/wp\/v2\/media?parent=26925"}],"wp:term":[{"taxonomy":"product_brand","embeddable":true,"href":"https:\/\/dupescents.co\/fr\/wp-json\/wp\/v2\/product_brand?post=26925"},{"taxonomy":"product_cat","embeddable":true,"href":"https:\/\/dupescents.co\/fr\/wp-json\/wp\/v2\/product_cat?post=26925"},{"taxonomy":"product_tag","embeddable":true,"href":"https:\/\/dupescents.co\/fr\/wp-json\/wp\/v2\/product_tag?post=26925"}],"curies":[{"name":"wp","href":"https:\/\/api.w.org\/{rel}","templated":true}]}}