{"id":26906,"date":"2025-03-29T18:29:46","date_gmt":"2025-03-29T17:29:46","guid":{"rendered":"https:\/\/dupescents.co\/products\/magic-perfume-remplacement-263m\/"},"modified":"2025-11-05T19:25:01","modified_gmt":"2025-11-05T18:25:01","slug":"magic-perfume-remplacement-263m","status":"publish","type":"product","link":"https:\/\/dupescents.co\/fr\/products\/magic-perfume-remplacement-263m\/","title":{"rendered":"MAGIC PERFUME REMPLACEMENT 263M"},"content":{"rendered":"<p>263M - Versace Eau Fraiche Men \u00c4quivalent<br \/>\nPARF\u00dcMWASSER NR. 263M - \u00c4QUIVALENT VON VERSACE EAU FRAICHE MEN<\/p>\n<p>DUFTNOTEN UNSERES ERSATZES:<\/p>\n<p>ZITRONE<br \/>\nBERGAMOT<br \/>\nCARAMBOLA<br \/>\nZEDER<br \/>\nPI\u017bMO<br \/>\nESTRAGON<br \/>\nHOLZNOTEN<br \/>\nKARAMON<br \/>\nPFEFFER<br \/>\nSAGE<br \/>\nBRASILIANISCHES ROSENHOLZ<br \/>\nSAFFRON<br \/>\nBURSHINE<br \/>\nJAWOR<br \/>\nDUFTBESCHREIBUNG:<\/p>\n<p>Die Essenz der wunderbaren Frische f\u00fcr charismatische Individualisten. Unser Eau de Parfum No. 263M ist das Pendant zum Herrenduft Versace Eau Fraiche, der mit erfrischenden aquatischen Noten und holzigen Akkorden mit ausdrucksstarker Tiefe besticht. Der Besitzer dieses Parfums ist sich sicher, dass er damit im Mittelpunkt der Aufmerksamkeit der anderen steht.<\/p>\n<p>EIGENSCHAFTEN DES \u00c4QUIVALENTS VON VERSACE EAU FRAICHE MEN:<br \/>\nDufttyp: aquatisch, holzig<br \/>\nF\u00fcr wen: m\u00e4nnlich<br \/>\nInhalt 10 ml \/ 30 ml \/ 50 ml \/ 100 ml<br \/>\nProdukt-Code: 263M<br \/>\nDer Preis f\u00fcr dieses Parf\u00fcm h\u00e4ngt von der angegebenen Menge ab.<br \/>\nBitte geben Sie uns Ihr Feedback nach dem Kauf!<\/p>\n<p>Siehe auch andere Versace Parfums und deren Ersatzprodukte.<\/p>\n","protected":false},"excerpt":{"rendered":"<p class=\"product__text inline-richtext\">Inspiration : VERSACE EAU FRAICHE MEN EDP<\/p>\n<p class=\"product__text inline-richtext\"><strong>\u2705 Eau de toilette 19-21% Parfum<\/strong><\/p>\n<p class=\"product__text inline-richtext\"><strong>\u2705 Le parfum dure une seconde journ\u00e9e<\/strong><\/p>\n<p class=\"product__text inline-richtext\"><strong>Achetez le parfum, pas la marque - \u00e9conomisez de l&rsquo;argent<\/strong><\/p>\n","protected":false},"featured_media":0,"comment_status":"open","ping_status":"closed","template":"","meta":{"_acf_changed":false},"product_brand":[],"product_cat":[201],"product_tag":[],"class_list":{"0":"post-26906","1":"product","2":"type-product","3":"status-publish","5":"product_cat-pour-les-hommes","7":"first","8":"instock","9":"shipping-taxable","10":"purchasable","11":"product-type-variable"},"acf":[],"aioseo_notices":[],"jetpack_sharing_enabled":true,"_links":{"self":[{"href":"https:\/\/dupescents.co\/fr\/wp-json\/wp\/v2\/product\/26906","targetHints":{"allow":["GET"]}}],"collection":[{"href":"https:\/\/dupescents.co\/fr\/wp-json\/wp\/v2\/product"}],"about":[{"href":"https:\/\/dupescents.co\/fr\/wp-json\/wp\/v2\/types\/product"}],"replies":[{"embeddable":true,"href":"https:\/\/dupescents.co\/fr\/wp-json\/wp\/v2\/comments?post=26906"}],"wp:attachment":[{"href":"https:\/\/dupescents.co\/fr\/wp-json\/wp\/v2\/media?parent=26906"}],"wp:term":[{"taxonomy":"product_brand","embeddable":true,"href":"https:\/\/dupescents.co\/fr\/wp-json\/wp\/v2\/product_brand?post=26906"},{"taxonomy":"product_cat","embeddable":true,"href":"https:\/\/dupescents.co\/fr\/wp-json\/wp\/v2\/product_cat?post=26906"},{"taxonomy":"product_tag","embeddable":true,"href":"https:\/\/dupescents.co\/fr\/wp-json\/wp\/v2\/product_tag?post=26906"}],"curies":[{"name":"wp","href":"https:\/\/api.w.org\/{rel}","templated":true}]}}