{"id":26897,"date":"2025-03-29T18:33:17","date_gmt":"2025-03-29T17:33:17","guid":{"rendered":"https:\/\/dupescents.co\/products\/ca-sent-comme-aventure\/"},"modified":"2025-11-05T19:24:58","modified_gmt":"2025-11-05T18:24:58","slug":"ca-sent-comme-aventure","status":"publish","type":"product","link":"https:\/\/dupescents.co\/fr\/products\/ca-sent-comme-aventure\/","title":{"rendered":"\u00c7a sent comme&#8230; Aventure"},"content":{"rendered":"<p>213M - Ersatz f\u00fcr Davidoff Adventure<br \/>\nPARF\u00dcMWASSER NR. 213M - ERSATZ F\u00dcR DAVIDOFF ADVENTURE<\/p>\n<p>DUFTNOTEN UNSERES ERSATZES:<\/p>\n<p>MANDARINE<br \/>\nTIEFE<br \/>\nVETIVERRY<br \/>\nZITRONE<br \/>\nZEDER<br \/>\nPIMENTO-PFEFFER<br \/>\nBERGAMOTTE<br \/>\nTEEBLATT<br \/>\nWEISSER PIZMUS<br \/>\nSEASAM<br \/>\nMATE<br \/>\nDUFTBESCHREIBUNG:<\/p>\n<p>Ein aromatischer Cocktail f\u00fcr den Mann, der immer bereit ist, neue Abenteuer zu erleben. Unser Eau de Parfum No. 213M ist das lang anhaltende Pendant zum Davidoff Adventure-Duft. Holzige Aromen, angereichert mit markanten Gew\u00fcrzen, locken mit der Projektion ferner, exotischer Abenteuer. Ein Duft, der sowohl f\u00fcr den Alltag als auch f\u00fcr besondere Anl\u00e4sse geeignet ist.<\/p>\n","protected":false},"excerpt":{"rendered":"<p>Inspiration : Davidoff Adventure EDT 50ML<\/p>\n<p class=\"product__text inline-richtext\"><strong>\u2705 Eau de toilette 19-21% Parfum<\/strong><\/p>\n<p class=\"product__text inline-richtext\"><strong>\u2705 Le parfum dure une seconde journ\u00e9e<\/strong><\/p>\n<p class=\"product__text inline-richtext\"><strong>Achetez le parfum, pas la marque - \u00e9conomisez de l&rsquo;argent<\/strong><\/p>\n","protected":false},"featured_media":0,"comment_status":"open","ping_status":"closed","template":"","meta":{"_acf_changed":false},"product_brand":[],"product_cat":[201],"product_tag":[],"class_list":{"0":"post-26897","1":"product","2":"type-product","3":"status-publish","5":"product_cat-pour-les-hommes","7":"first","8":"instock","9":"shipping-taxable","10":"purchasable","11":"product-type-variable"},"acf":[],"aioseo_notices":[],"jetpack_sharing_enabled":true,"_links":{"self":[{"href":"https:\/\/dupescents.co\/fr\/wp-json\/wp\/v2\/product\/26897","targetHints":{"allow":["GET"]}}],"collection":[{"href":"https:\/\/dupescents.co\/fr\/wp-json\/wp\/v2\/product"}],"about":[{"href":"https:\/\/dupescents.co\/fr\/wp-json\/wp\/v2\/types\/product"}],"replies":[{"embeddable":true,"href":"https:\/\/dupescents.co\/fr\/wp-json\/wp\/v2\/comments?post=26897"}],"wp:attachment":[{"href":"https:\/\/dupescents.co\/fr\/wp-json\/wp\/v2\/media?parent=26897"}],"wp:term":[{"taxonomy":"product_brand","embeddable":true,"href":"https:\/\/dupescents.co\/fr\/wp-json\/wp\/v2\/product_brand?post=26897"},{"taxonomy":"product_cat","embeddable":true,"href":"https:\/\/dupescents.co\/fr\/wp-json\/wp\/v2\/product_cat?post=26897"},{"taxonomy":"product_tag","embeddable":true,"href":"https:\/\/dupescents.co\/fr\/wp-json\/wp\/v2\/product_tag?post=26897"}],"curies":[{"name":"wp","href":"https:\/\/api.w.org\/{rel}","templated":true}]}}