{"id":26889,"date":"2025-03-30T11:26:59","date_gmt":"2025-03-30T09:26:59","guid":{"rendered":"https:\/\/dupescents.co\/products\/sent-comme-cerise-perdue\/"},"modified":"2026-02-21T20:45:34","modified_gmt":"2026-02-21T19:45:34","slug":"sent-comme-cerise-perdue","status":"publish","type":"product","link":"https:\/\/dupescents.co\/fr\/products\/sent-comme-cerise-perdue\/","title":{"rendered":"Sent comme&#8230; Cerise perdue"},"content":{"rendered":"<p>438W - Remplacement pour Tom Ford Lost Cherry<br \/>\nEAU DE PARFUM NR. 438W - REMPLACEMENT POUR TOM FORD LOST CHERRY PARFUM<\/p>\n<p>PARFUMS DE NOS SUBSTITUTS :<\/p>\n<p>ALMONDE MORTEE<br \/>\nKIRSCHE<br \/>\nLIQUEUR DE CERISE<br \/>\nROSE TURQUE<br \/>\nPLAUME<br \/>\nJASMIN \u00c0 GRANDES FEUILLES<br \/>\nVANILLE<br \/>\nTONKA FRUITS<br \/>\nZIMT<br \/>\nBAUME P\u00c9RUVIEN<br \/>\nBENZOES<br \/>\nSANDELWALD<br \/>\nCLOVE (L\u00c9GUMINEUX)<br \/>\nC\u00c9DRE<br \/>\nPACULA<br \/>\nVETIVER<br \/>\nDESCRIPTION DU PARFUM :<\/p>\n<p>L&rsquo;\u00e9quivalent du parfum Lost Cherry est une f\u00eate pour les sens ! La prune juteuse, la rose romantique, le jasmin d\u00e9licat et l&rsquo;amande am\u00e8re sont entrecoup\u00e9s de notes de vanille, de f\u00e8ve tonka et de bois de santal. Un parfum plein de passion et de douceur, cr\u00e9\u00e9 aussi bien pour les femmes que pour les hommes. Essayez-le et sentez la vague d&rsquo;assurance qui vous permettra de charmer l&rsquo;objet de votre affection ou d&rsquo;attirer l&rsquo;attention de ceux qui vous entourent !   <\/p>\n<p>CARACTERISTIQUES DE TOM FORD LOST CHERRY EQUIVALENT PARFUM :<br \/>\nType de parfum : floral, oriental.<br \/>\nPour qui : unisexe<br \/>\nVolume : 10 ml \/ 30 ml \/ 50 ml \/ 100 ml<br \/>\nCode produit : 438W<br \/>\nLe prix de ce parfum d\u00e9pend de la quantit\u00e9 indiqu\u00e9e.<br \/>\nVeuillez nous donner votre avis apr\u00e8s l&rsquo;achat !<\/p>\n<p>Parfum \u00e9quivalent \u00e0 Tom Form Lost Cherry<br \/>\nTOM FORD Lost Cherry Eau de Parfum est un parfum unisexe unique qui s&rsquo;\u00e9panouit parfaitement sur la peau des femmes et des hommes. Ce produit unique attire l&rsquo;attention gr\u00e2ce \u00e0 une combinaison inhabituelle de notes parfum\u00e9es qui cr\u00e9ent une aura sensuelle et fascinante autour de celui ou celle qui le porte. <\/p>\n","protected":false},"excerpt":{"rendered":"<p>Inspiration : Tom Ford Lost Cherry EDP 100ML<\/p>\n<p class=\"product__text inline-richtext\"><strong>\u2705 Eau de toilette 19-21% Parfum<\/strong><\/p>\n<p class=\"product__text inline-richtext\"><strong>\u2705 Le parfum dure une seconde journ\u00e9e<\/strong><\/p>\n<p class=\"product__text inline-richtext\"><strong>Achetez le parfum, pas la marque - \u00e9conomisez de l&rsquo;argent<\/strong><\/p>\n","protected":false},"featured_media":35836,"comment_status":"open","ping_status":"closed","template":"","meta":{"_acf_changed":false},"product_brand":[],"product_cat":[203],"product_tag":[],"class_list":{"0":"post-26889","1":"product","2":"type-product","3":"status-publish","4":"has-post-thumbnail","6":"product_cat-pour-les-femmes","8":"first","9":"instock","10":"shipping-taxable","11":"purchasable","12":"product-type-variable"},"acf":[],"aioseo_notices":[],"jetpack_sharing_enabled":true,"_links":{"self":[{"href":"https:\/\/dupescents.co\/fr\/wp-json\/wp\/v2\/product\/26889","targetHints":{"allow":["GET"]}}],"collection":[{"href":"https:\/\/dupescents.co\/fr\/wp-json\/wp\/v2\/product"}],"about":[{"href":"https:\/\/dupescents.co\/fr\/wp-json\/wp\/v2\/types\/product"}],"replies":[{"embeddable":true,"href":"https:\/\/dupescents.co\/fr\/wp-json\/wp\/v2\/comments?post=26889"}],"wp:featuredmedia":[{"embeddable":true,"href":"https:\/\/dupescents.co\/fr\/wp-json\/wp\/v2\/media\/35836"}],"wp:attachment":[{"href":"https:\/\/dupescents.co\/fr\/wp-json\/wp\/v2\/media?parent=26889"}],"wp:term":[{"taxonomy":"product_brand","embeddable":true,"href":"https:\/\/dupescents.co\/fr\/wp-json\/wp\/v2\/product_brand?post=26889"},{"taxonomy":"product_cat","embeddable":true,"href":"https:\/\/dupescents.co\/fr\/wp-json\/wp\/v2\/product_cat?post=26889"},{"taxonomy":"product_tag","embeddable":true,"href":"https:\/\/dupescents.co\/fr\/wp-json\/wp\/v2\/product_tag?post=26889"}],"curies":[{"name":"wp","href":"https:\/\/api.w.org\/{rel}","templated":true}]}}