{"id":26871,"date":"2025-03-30T11:31:42","date_gmt":"2025-03-30T09:31:42","guid":{"rendered":"https:\/\/dupescents.co\/products\/ca-sent-comme-bonne-fille\/"},"modified":"2026-02-15T08:20:01","modified_gmt":"2026-02-15T07:20:01","slug":"ca-sent-comme-bonne-fille","status":"publish","type":"product","link":"https:\/\/dupescents.co\/fr\/products\/ca-sent-comme-bonne-fille\/","title":{"rendered":"\u00c7a sent comme&#8230; Bonne fille"},"content":{"rendered":"<p>461W - Ersatz f\u00fcr Carolina Herrera Good Girl Velvet Fatale<br \/>\nEAU DE PARFUM NO 461W - ERSATZ F\u00dcR CAROLINA HERRERA GOOD GIRL VELVET FATALE<\/p>\n<p>DUFTNOTEN VON UNSEREM ERSATZ:<\/p>\n<p>MIGAD<br \/>\nKAFFEE<br \/>\nLTRY<br \/>\nBERGAMOT<br \/>\nTUBEROZA<br \/>\nJASMINE<br \/>\nBULGAR ROSE<br \/>\nIRIS<br \/>\nORANGENBLUME<br \/>\nPRALINE<br \/>\nKAKAO<br \/>\nTONKA FR\u00dcCHTE<br \/>\nVANILLE<br \/>\nPACULA<br \/>\nPI\u017bMO<br \/>\nBURSHINE<br \/>\nSANDALWOOD<br \/>\nCINNAMON<br \/>\nCASHMERE HOLZ<br \/>\nZEDERNHOLZ<br \/>\nDUFTBESCHREIBUNG:<\/p>\n<p>Lassen Sie sich \u00fcberraschen! Probieren Sie unser Pendant zum Good Girl Velvet Fatale Duft. Es ist eine k\u00f6stliche orientalisch-florale Mischung aus Kaffee, Zitrone, Tuberose, Praline, Kakao, Vanille, Moschus, warmem Zedernholz, Kaschmir und Sandelholz. Der Duft verf\u00fchrt und verlockt auf eine s\u00fc\u00dfe Art und Weise, die Sie in den Bann zieht und Ihnen einen angenehmen Nervenkitzel beschert! Dieses orientalische Parf\u00fcm ist perfekt f\u00fcr k\u00fchlere Herbst- und Winterabende.<\/p>\n<p>MERKMALE DES \u00c4QUIVALENTS VON CAROLINA HERRERA GOOD GIRL VELVET FATALE PARF\u00dcM:<br \/>\nDufttyp: orientalisch, blumig<br \/>\nF\u00fcr wen: Frauen<br \/>\nInhalt: 10 ml \/ 30 ml \/ 50 ml \/ 100 ml<br \/>\nProdukt-Code: 461W<br \/>\nDer Preis f\u00fcr dieses Parf\u00fcm h\u00e4ngt von der angegebenen Menge ab.<br \/>\nBitte geben Sie uns nach dem Kauf Ihr Feedback!<\/p>\n","protected":false},"excerpt":{"rendered":"<p class=\"product__text inline-richtext\">Inspiration : Carolina Herrera Good Girl Velvet Fatale EDP 80ML<strong><br \/>\n\u2705 Eau de Toilette 19-21% Parfum<\/strong><\/p>\n<p class=\"product__text inline-richtext\"><strong>\u2705 Le parfum dure une seconde journ\u00e9e<\/strong><\/p>\n<p class=\"product__text inline-richtext\"><strong>Achetez le parfum, pas la marque - \u00e9conomisez de l&rsquo;argent<\/strong><\/p>\n","protected":false},"featured_media":35300,"comment_status":"open","ping_status":"closed","template":"","meta":{"_acf_changed":false},"product_brand":[],"product_cat":[203],"product_tag":[],"class_list":{"0":"post-26871","1":"product","2":"type-product","3":"status-publish","4":"has-post-thumbnail","6":"product_cat-pour-les-femmes","8":"first","9":"instock","10":"shipping-taxable","11":"purchasable","12":"product-type-variable"},"acf":[],"aioseo_notices":[],"jetpack_sharing_enabled":true,"_links":{"self":[{"href":"https:\/\/dupescents.co\/fr\/wp-json\/wp\/v2\/product\/26871","targetHints":{"allow":["GET"]}}],"collection":[{"href":"https:\/\/dupescents.co\/fr\/wp-json\/wp\/v2\/product"}],"about":[{"href":"https:\/\/dupescents.co\/fr\/wp-json\/wp\/v2\/types\/product"}],"replies":[{"embeddable":true,"href":"https:\/\/dupescents.co\/fr\/wp-json\/wp\/v2\/comments?post=26871"}],"wp:featuredmedia":[{"embeddable":true,"href":"https:\/\/dupescents.co\/fr\/wp-json\/wp\/v2\/media\/35300"}],"wp:attachment":[{"href":"https:\/\/dupescents.co\/fr\/wp-json\/wp\/v2\/media?parent=26871"}],"wp:term":[{"taxonomy":"product_brand","embeddable":true,"href":"https:\/\/dupescents.co\/fr\/wp-json\/wp\/v2\/product_brand?post=26871"},{"taxonomy":"product_cat","embeddable":true,"href":"https:\/\/dupescents.co\/fr\/wp-json\/wp\/v2\/product_cat?post=26871"},{"taxonomy":"product_tag","embeddable":true,"href":"https:\/\/dupescents.co\/fr\/wp-json\/wp\/v2\/product_tag?post=26871"}],"curies":[{"name":"wp","href":"https:\/\/api.w.org\/{rel}","templated":true}]}}