{"id":26844,"date":"2025-03-30T11:41:57","date_gmt":"2025-03-30T09:41:57","guid":{"rendered":"https:\/\/dupescents.co\/products\/sent-comme-no-5\/"},"modified":"2025-11-05T19:24:52","modified_gmt":"2025-11-05T18:24:52","slug":"sent-comme-no-5","status":"publish","type":"product","link":"https:\/\/dupescents.co\/fr\/products\/sent-comme-no-5\/","title":{"rendered":"Sent comme&#8230; No.5"},"content":{"rendered":"<p>077W - Ersatz f\u00fcr Chanel Chanel No 5<br \/>\nEAU DE PARFUM NO 077W - ERSATZ F\u00dcR CHANEL CHANEL NO 5<\/p>\n<p>DUFTNOTEN UNSERES ERSATZES:<\/p>\n<p>ALDEHYDES<br \/>\nYLANG-YLANG<br \/>\nIRYS<br \/>\nSANDELWOOD<br \/>\nJASMINE<br \/>\nROSE<br \/>\nVANILLA<br \/>\nNEROLI<br \/>\nBERGAMOT<br \/>\nKONWALIA<br \/>\nBROSCOSE<br \/>\nEICHENMOSS<br \/>\nVETIVERIE<br \/>\nPACULA<br \/>\nDUFTBESCHREIBUNG:<\/p>\n<p>Eine luxuri\u00f6se Komposition f\u00fcr elegante Frauen. Das Pendant zum Chanel-Parf\u00fcm Chanel No 5 ist eine exakte Reproduktion des weltweit beliebtesten Duftes. Aldehyde, blumige Noten und Sandelholz verleihen dem Eau de Parfum die Klasse und den Chic, die es kunstvoll verk\u00f6rpert. Dieser zeitlose Duft ist ein echtes Muss f\u00fcr jeden Liebhaber hochwertiger Parfums.<\/p>\n<p>Eigenschaften des Gegenst\u00fccks zu Chanel Nr. 5:<br \/>\nDufttyp: blumig, aldehydisch<br \/>\nF\u00fcr wen: Frauen<br \/>\nInhalt: 10ml \/ 30ml \/ 50ml \/ 100ml<br \/>\nProdukt-Code: 077W<br \/>\nDer Preis f\u00fcr dieses Parf\u00fcm h\u00e4ngt von der angegebenen Menge ab.<br \/>\nBitte geben Sie uns Ihr Feedback nach dem Kauf!<\/p>\n<p>\u00c4hnliche Parfums wie Chanel 5<br \/>\nEau de Toilette No 077W ist ein Gegenst\u00fcck zum Parf\u00fcm Chanel No 5, das wie das Original Hunderte von Frauen \u00fcberzeugt hat. Die hochwertigen Inhaltsstoffe des Parf\u00fcmersatzes machen das Eau de Toilette langanhaltend und intensiv. Bestellen Sie das \u00c4quivalent von Chanel No 5!<\/p>\n<p>Chanel No 5 Parf\u00fcm<br \/>\nIm Fragrance Factory Shop k\u00f6nnen Sie eine 10 ml oder 30 ml Parf\u00fcmette bestellen, die vom Chanel No 5 Duft inspiriert ist! Wenn Sie gerne neue Parfums testen oder je nach Stimmung, Anlass oder Jahreszeit die D\u00fcfte wechseln m\u00f6chten, dann schauen Sie sich das Angebot an Parf\u00fcmetten von Fragrance Factory an!<\/p>\n","protected":false},"excerpt":{"rendered":"<p class=\"product__text inline-richtext\">Inspiration : Chanel Chanel No 5 EDP 50ML<\/p>\n<p class=\"product__text inline-richtext\"><strong>\u2705 Eau de toilette 19-21% Parfum<\/strong><\/p>\n<p class=\"product__text inline-richtext\"><strong>\u2705 Le parfum dure une seconde journ\u00e9e<\/strong><\/p>\n<p class=\"product__text inline-richtext\"><strong>Achetez le parfum, pas la marque - \u00e9conomisez de l&rsquo;argent<\/strong><\/p>\n","protected":false},"featured_media":35249,"comment_status":"open","ping_status":"closed","template":"","meta":{"_acf_changed":false},"product_brand":[],"product_cat":[203],"product_tag":[],"class_list":{"0":"post-26844","1":"product","2":"type-product","3":"status-publish","4":"has-post-thumbnail","6":"product_cat-pour-les-femmes","8":"first","9":"instock","10":"shipping-taxable","11":"purchasable","12":"product-type-variable"},"acf":[],"aioseo_notices":[],"jetpack_sharing_enabled":true,"_links":{"self":[{"href":"https:\/\/dupescents.co\/fr\/wp-json\/wp\/v2\/product\/26844","targetHints":{"allow":["GET"]}}],"collection":[{"href":"https:\/\/dupescents.co\/fr\/wp-json\/wp\/v2\/product"}],"about":[{"href":"https:\/\/dupescents.co\/fr\/wp-json\/wp\/v2\/types\/product"}],"replies":[{"embeddable":true,"href":"https:\/\/dupescents.co\/fr\/wp-json\/wp\/v2\/comments?post=26844"}],"wp:featuredmedia":[{"embeddable":true,"href":"https:\/\/dupescents.co\/fr\/wp-json\/wp\/v2\/media\/35249"}],"wp:attachment":[{"href":"https:\/\/dupescents.co\/fr\/wp-json\/wp\/v2\/media?parent=26844"}],"wp:term":[{"taxonomy":"product_brand","embeddable":true,"href":"https:\/\/dupescents.co\/fr\/wp-json\/wp\/v2\/product_brand?post=26844"},{"taxonomy":"product_cat","embeddable":true,"href":"https:\/\/dupescents.co\/fr\/wp-json\/wp\/v2\/product_cat?post=26844"},{"taxonomy":"product_tag","embeddable":true,"href":"https:\/\/dupescents.co\/fr\/wp-json\/wp\/v2\/product_tag?post=26844"}],"curies":[{"name":"wp","href":"https:\/\/api.w.org\/{rel}","templated":true}]}}