{"id":26834,"date":"2025-03-30T11:37:09","date_gmt":"2025-03-30T09:37:09","guid":{"rendered":"https:\/\/dupescents.co\/products\/ca-sent-comme-ne-a-roma\/"},"modified":"2026-02-21T20:49:49","modified_gmt":"2026-02-21T19:49:49","slug":"ca-sent-comme-ne-a-roma","status":"publish","type":"product","link":"https:\/\/dupescents.co\/fr\/products\/ca-sent-comme-ne-a-roma\/","title":{"rendered":"\u00c7a sent comme&#8230; N\u00e9 \u00e0 Roma"},"content":{"rendered":"<p>469W - R\u00e9plique Valentino Donna Born In Roma<br \/>\nPERFUMED VOCA No 469W - Remplacement de Valentino Donna Born In Roma<br \/>\nPARFUM DE NOTRE REMPLACEMENT :<\/p>\n<p>Cassis<br \/>\nPoivre rose<br \/>\nBergamote<br \/>\nJasmin<br \/>\nJasmin \u00e0 grandes feuilles<br \/>\nTh\u00e9 au jasmin<br \/>\nVanille de Bourbon<br \/>\nBois de cachemire<br \/>\nBois de ga\u00efac<br \/>\nDESCRIPTION DE LA PARFUMATION :<\/p>\n<p>Le pendant du parfum Valentino Donna Born In Roma enthousiasme par son caract\u00e8re italien. Ce m\u00e9lange oriental et floral, qui peut \u00eatre port\u00e9 toute l&rsquo;ann\u00e9e, cache du jasmin, de la vanille bourbon et des notes bois\u00e9es profondes qui sous-tendent le parfum. \u00c0 l&rsquo;int\u00e9rieur du flacon se cache un parfum moderne mais intemporel pour les femmes. Essayez 469W si vous voulez affirmer votre individualit\u00e9 !   <\/p>\n<p>CARACTERISTIQUES DE VALENTINO DONNA BORN IN ROMA :<br \/>\nType de parfum : oriental, floral<br \/>\nPour qui : Femmes<br \/>\nContenu : 10ml \/ 30ml \/ 50ml \/ 100ml<br \/>\nCode produit : 469W<br \/>\nLe prix de ce parfum d\u00e9pend de la quantit\u00e9 indiqu\u00e9e.<br \/>\nMerci de nous donner votre avis apr\u00e8s l&rsquo;achat !<\/p>\n<p>Voir les parfums Valentino et leurs \u00e9quivalents.<\/p>\n","protected":false},"excerpt":{"rendered":"<p>Inspiration : Valentino Donna Born In Roma EDP 30ML<\/p>\n<p class=\"product__text inline-richtext\"><strong>\u2705 Eau de toilette 19-21% Parfum<\/strong><\/p>\n<p class=\"product__text inline-richtext\"><strong>\u2705 Le parfum dure une seconde journ\u00e9e<\/strong><\/p>\n<p class=\"product__text inline-richtext\"><strong>Achetez le parfum, pas la marque - \u00e9conomisez de l&rsquo;argent<\/strong><\/p>\n","protected":false},"featured_media":35838,"comment_status":"open","ping_status":"closed","template":"","meta":{"_acf_changed":false},"product_brand":[],"product_cat":[203],"product_tag":[],"class_list":{"0":"post-26834","1":"product","2":"type-product","3":"status-publish","4":"has-post-thumbnail","6":"product_cat-pour-les-femmes","8":"first","9":"instock","10":"shipping-taxable","11":"purchasable","12":"product-type-variable"},"acf":[],"aioseo_notices":[],"jetpack_sharing_enabled":true,"_links":{"self":[{"href":"https:\/\/dupescents.co\/fr\/wp-json\/wp\/v2\/product\/26834","targetHints":{"allow":["GET"]}}],"collection":[{"href":"https:\/\/dupescents.co\/fr\/wp-json\/wp\/v2\/product"}],"about":[{"href":"https:\/\/dupescents.co\/fr\/wp-json\/wp\/v2\/types\/product"}],"replies":[{"embeddable":true,"href":"https:\/\/dupescents.co\/fr\/wp-json\/wp\/v2\/comments?post=26834"}],"wp:featuredmedia":[{"embeddable":true,"href":"https:\/\/dupescents.co\/fr\/wp-json\/wp\/v2\/media\/35838"}],"wp:attachment":[{"href":"https:\/\/dupescents.co\/fr\/wp-json\/wp\/v2\/media?parent=26834"}],"wp:term":[{"taxonomy":"product_brand","embeddable":true,"href":"https:\/\/dupescents.co\/fr\/wp-json\/wp\/v2\/product_brand?post=26834"},{"taxonomy":"product_cat","embeddable":true,"href":"https:\/\/dupescents.co\/fr\/wp-json\/wp\/v2\/product_cat?post=26834"},{"taxonomy":"product_tag","embeddable":true,"href":"https:\/\/dupescents.co\/fr\/wp-json\/wp\/v2\/product_tag?post=26834"}],"curies":[{"name":"wp","href":"https:\/\/api.w.org\/{rel}","templated":true}]}}