{"id":26826,"date":"2025-03-30T11:42:39","date_gmt":"2025-03-30T09:42:39","guid":{"rendered":"https:\/\/dupescents.co\/products\/perfume-magic-no-129w\/"},"modified":"2026-02-21T19:35:19","modified_gmt":"2026-02-21T18:35:19","slug":"perfume-magic-no-129w","status":"publish","type":"product","link":"https:\/\/dupescents.co\/fr\/products\/perfume-magic-no-129w\/","title":{"rendered":"PERFUME MAGIC No. 129W"},"content":{"rendered":"<p>129W EAU DE PARFUM - REMPLACEMENT DE GIORGIO ARMANI SI<br \/>\nPARFUMS DE NOTRE REMPLACEMENT :<\/p>\n<p>FEUILLE DE MIRACLE NOIRE<br \/>\nVANILLE<br \/>\nPACULA<br \/>\nROSE PRINCIPALE<br \/>\nFRAIS<br \/>\nAMBROXAN<br \/>\nNOTES BOIS\u00c9ES<br \/>\nDESCRIPTION DU PARFUM FRAN\u00c7AIS SI :<br \/>\nUn parfum chypr\u00e9 intense que de nombreuses femmes ont appris \u00e0 aimer. L&rsquo;Eau de Parfum No. 129W est l&rsquo;incarnation du style et de l&rsquo;\u00e9l\u00e9gance italienne et est le pendant du parfum Giorgio Armani Armani Si. Une composition pleine de charisme et de bon go\u00fbt qui r\u00e9pond aux attentes les plus exigeantes et convient \u00e0 toutes les occasions. Si vous aimez les parfums sophistiqu\u00e9s, vous devriez jeter un \u0153il \u00e0 ce substitut.   <\/p>\n<p>CARACTERISTIQUES DE L&rsquo;ARMANI SI EQUIVALENT :<br \/>\nType de parfum : fruit\u00e9, floral, chypr\u00e9<br \/>\nPour qui : femmes<br \/>\nVolume : 10 ml \/ 30 ml \/ 50 ml \/ 100 ml<br \/>\nCode produit : 129W<br \/>\nLe prix de ce parfum d\u00e9pend de la quantit\u00e9 indiqu\u00e9e.<br \/>\nMerci de nous donner votre avis apr\u00e8s l&rsquo;achat !<\/p>\n<p>Voir aussi les autres substituts de parfum Giorgio Armani.<\/p>\n<p>Parfums similaires \u00e0 Si<br \/>\nSi de Giorgio Armani est un parfum classique et embl\u00e9matique. C&rsquo;est un parfum floral oriental pour les femmes, avec une odeur douce et sucr\u00e9e entrelac\u00e9e de notes de vanille, de patchouli, de rose de mai et de freesia. Pour celles qui recherchent un parfum similaire, nous proposons une eau de parfum de Fragrance Factory inspir\u00e9e du parfum Si de Giorgio Armani.  <\/p>\n<p>Quelle est l&rsquo;odeur de l&rsquo;\u00e9quivalent du parfum Armani Si ?<br \/>\nIl s&rsquo;agit d&rsquo;une composition olfactive associ\u00e9e, entre autres, \u00e0 la feuille de cassis, \u00e0 la vanille ou \u00e0 des notes bois\u00e9es. La fragrance est vraiment jolie et peut \u00eatre qualifi\u00e9e de raffin\u00e9e. <\/p>\n<p>Le substitut de parfum Si est-il de longue dur\u00e9e ?<br \/>\nLes substituts sous forme d&rsquo;eau de parfum offrent une dur\u00e9e de vie tr\u00e8s satisfaisante.<\/p>\n<p>Remplacement Si est un parfum pour femme est un beau parfum associ\u00e9 au luxe, id\u00e9al pour de nombreuses situations, particuli\u00e8rement appr\u00e9ci\u00e9 en \u00e9t\u00e9 et au printemps, m\u00eame si pas exclusivement.<\/p>\n<p>Si Giorgio Armani Parfum<br \/>\nVous pouvez acheter Giorgio Armani Si Parfummette en 10 ml ou 30 ml dans la boutique Fragrance Factory. Pourquoi miser sur les Parfummettes ? En raison de sa petite contenance, vous pouvez toujours l&#8217;emporter facilement dans votre sac \u00e0 main : \u00e0 un rendez-vous, au travail ou m\u00eame en avion dans votre bagage \u00e0 main. De plus, gr\u00e2ce \u00e0 son faible prix, vous pouvez essayer de nombreux parfums de notre boutique plut\u00f4t que de vous limiter \u00e0 une seule fragrance !   <\/p>\n<p>Parfum fran\u00e7ais Si Armani<br \/>\nSi vous \u00eates \u00e0 la recherche d&rsquo;une alternative moins ch\u00e8re au parfum Si, jetez un coup d&rsquo;\u0153il \u00e0 nos parfums fran\u00e7ais Lane ! Des ingr\u00e9dients de parfum de haute qualit\u00e9, une production certifi\u00e9e et des milliers de clients satisfaits ! Commandez en ligne avec livraison \u00e0 domicile.  <\/p>\n","protected":false},"excerpt":{"rendered":"<p class=\"product__text inline-richtext\">Inspiration : Giorgio Armani Si EDP 50ML<\/p>\n<p class=\"product__text inline-richtext\"><strong>\u2705 Eau de toilette 19-21% Parfum<\/strong><\/p>\n<p class=\"product__text inline-richtext\"><strong>\u2705 Le parfum dure une seconde journ\u00e9e<\/strong><\/p>\n<p class=\"product__text inline-richtext\"><strong>Achetez le parfum, pas la marque - \u00e9conomisez de l&rsquo;argent<\/strong><\/p>\n","protected":false},"featured_media":35781,"comment_status":"open","ping_status":"closed","template":"","meta":{"_acf_changed":false},"product_brand":[],"product_cat":[203],"product_tag":[],"class_list":{"0":"post-26826","1":"product","2":"type-product","3":"status-publish","4":"has-post-thumbnail","6":"product_cat-pour-les-femmes","8":"first","9":"instock","10":"shipping-taxable","11":"purchasable","12":"product-type-variable"},"acf":[],"aioseo_notices":[],"jetpack_sharing_enabled":true,"_links":{"self":[{"href":"https:\/\/dupescents.co\/fr\/wp-json\/wp\/v2\/product\/26826","targetHints":{"allow":["GET"]}}],"collection":[{"href":"https:\/\/dupescents.co\/fr\/wp-json\/wp\/v2\/product"}],"about":[{"href":"https:\/\/dupescents.co\/fr\/wp-json\/wp\/v2\/types\/product"}],"replies":[{"embeddable":true,"href":"https:\/\/dupescents.co\/fr\/wp-json\/wp\/v2\/comments?post=26826"}],"wp:featuredmedia":[{"embeddable":true,"href":"https:\/\/dupescents.co\/fr\/wp-json\/wp\/v2\/media\/35781"}],"wp:attachment":[{"href":"https:\/\/dupescents.co\/fr\/wp-json\/wp\/v2\/media?parent=26826"}],"wp:term":[{"taxonomy":"product_brand","embeddable":true,"href":"https:\/\/dupescents.co\/fr\/wp-json\/wp\/v2\/product_brand?post=26826"},{"taxonomy":"product_cat","embeddable":true,"href":"https:\/\/dupescents.co\/fr\/wp-json\/wp\/v2\/product_cat?post=26826"},{"taxonomy":"product_tag","embeddable":true,"href":"https:\/\/dupescents.co\/fr\/wp-json\/wp\/v2\/product_tag?post=26826"}],"curies":[{"name":"wp","href":"https:\/\/api.w.org\/{rel}","templated":true}]}}