{"id":26808,"date":"2025-03-30T11:43:21","date_gmt":"2025-03-30T09:43:21","guid":{"rendered":"https:\/\/dupescents.co\/products\/sent-comme-emporio-she\/"},"modified":"2026-02-21T19:30:34","modified_gmt":"2026-02-21T18:30:34","slug":"sent-comme-emporio-she","status":"publish","type":"product","link":"https:\/\/dupescents.co\/fr\/products\/sent-comme-emporio-she\/","title":{"rendered":"Sent comme&#8230; Emporio She"},"content":{"rendered":"<p>150W - Remplacement pour Giorgio Armani Emporio She<br \/>\n150W EAU DE PARFUM - REMPLACEMENT POUR GIORGIO ARMANI EMPORIO SHE<\/p>\n<p>PARFUMS DE NOS SUBSTITUTS :<\/p>\n<p>BOIS DE SABLE<br \/>\nVANILLA<br \/>\nHELIOTROP<br \/>\nPI\u017bMO<br \/>\nALMOND<br \/>\nTONKA FASOL<br \/>\nC\u00c9DRE<br \/>\nLIMA<br \/>\nIRIS BARK<br \/>\nBURSHITE<br \/>\nTUBEROZA<br \/>\nJASMINE<br \/>\nBERGAMOT<br \/>\nGRUSH<br \/>\nKONWALIA<br \/>\nMANDARIN<br \/>\nANANAS<br \/>\nDESCRIPTION DU PARFUM :<\/p>\n<p>Un parfum exotique et f\u00e9minin avec une touche de myst\u00e8re. Notre pendant de Giorgio Armani Emporio She est une eau de parfum unique et s\u00e9duisante, qui convient aussi bien pour la journ\u00e9e que pour la soir\u00e9e. L&rsquo;association raffin\u00e9e de notes bois\u00e9es et d&rsquo;accords fruit\u00e9s juteux lui conf\u00e8re une dimension d\u00e9licieusement orientale. Il met en valeur la beaut\u00e9 et la modernit\u00e9 de celle qui le porte !   <\/p>\n<p>CARACTERISTIQUES DU PARFUM EMPORIO SHE :<br \/>\nType de parfum : oriental<br \/>\nPour qui : femmes<br \/>\nContenu : 10 ml \/ 30 ml \/ 50 ml \/ 100 ml<br \/>\nCode produit : 150W<br \/>\nLe prix de ce parfum d\u00e9pend de la quantit\u00e9 indiqu\u00e9e.<br \/>\nMerci de nous donner votre avis apr\u00e8s l&rsquo;achat !<\/p>\n<p>Voir aussi les autres parfums Giorgio Armani et leurs produits de remplacement.<\/p>\n<p>Quelle est l&rsquo;odeur du parfum Armani She correspondant ?<br \/>\nC&rsquo;est un parfum oriental tr\u00e8s captivant, dans lequel vous pouvez percevoir de nombreuses notes olfactives, dont la racine d&rsquo;iris, la fleur de jasmin ou des accords de mandarine, de vanille et de bergamote, pour n&rsquo;en citer que quelques-unes. Tout cela donne une composition tr\u00e8s harmonieuse, un parfum frais pour les femmes qui aiment d\u00e9couvrir de nouvelles choses. <\/p>\n<p>Consultez \u00e9galement le remplacement d&rsquo;Emporio Diamonds et son homologue Emporio He.<\/p>\n","protected":false},"excerpt":{"rendered":"<p class=\"product__text inline-richtext\">Inspiration : Giorgio Armani Emporio She EDP 30ML<\/p>\n<p class=\"product__text inline-richtext\"><strong>\u2705 Eau de toilette 19-21% Parfum<\/strong><\/p>\n<p class=\"product__text inline-richtext\"><strong>\u2705 Le parfum dure une seconde journ\u00e9e<\/strong><\/p>\n<p class=\"product__text inline-richtext\"><strong>Achetez le parfum, pas la marque - \u00e9conomisez de l&rsquo;argent<\/strong><\/p>\n","protected":false},"featured_media":35773,"comment_status":"open","ping_status":"closed","template":"","meta":{"_acf_changed":false},"product_brand":[],"product_cat":[203],"product_tag":[],"class_list":{"0":"post-26808","1":"product","2":"type-product","3":"status-publish","4":"has-post-thumbnail","6":"product_cat-pour-les-femmes","8":"first","9":"instock","10":"shipping-taxable","11":"purchasable","12":"product-type-variable"},"acf":[],"aioseo_notices":[],"jetpack_sharing_enabled":true,"_links":{"self":[{"href":"https:\/\/dupescents.co\/fr\/wp-json\/wp\/v2\/product\/26808","targetHints":{"allow":["GET"]}}],"collection":[{"href":"https:\/\/dupescents.co\/fr\/wp-json\/wp\/v2\/product"}],"about":[{"href":"https:\/\/dupescents.co\/fr\/wp-json\/wp\/v2\/types\/product"}],"replies":[{"embeddable":true,"href":"https:\/\/dupescents.co\/fr\/wp-json\/wp\/v2\/comments?post=26808"}],"wp:featuredmedia":[{"embeddable":true,"href":"https:\/\/dupescents.co\/fr\/wp-json\/wp\/v2\/media\/35773"}],"wp:attachment":[{"href":"https:\/\/dupescents.co\/fr\/wp-json\/wp\/v2\/media?parent=26808"}],"wp:term":[{"taxonomy":"product_brand","embeddable":true,"href":"https:\/\/dupescents.co\/fr\/wp-json\/wp\/v2\/product_brand?post=26808"},{"taxonomy":"product_cat","embeddable":true,"href":"https:\/\/dupescents.co\/fr\/wp-json\/wp\/v2\/product_cat?post=26808"},{"taxonomy":"product_tag","embeddable":true,"href":"https:\/\/dupescents.co\/fr\/wp-json\/wp\/v2\/product_tag?post=26808"}],"curies":[{"name":"wp","href":"https:\/\/api.w.org\/{rel}","templated":true}]}}