{"id":26800,"date":"2025-03-30T11:49:35","date_gmt":"2025-03-30T09:49:35","guid":{"rendered":"https:\/\/dupescents.co\/products\/ca-sent-comme-mademoiselle\/"},"modified":"2026-02-21T19:32:39","modified_gmt":"2026-02-21T18:32:39","slug":"ca-sent-comme-mademoiselle","status":"publish","type":"product","link":"https:\/\/dupescents.co\/fr\/products\/ca-sent-comme-mademoiselle\/","title":{"rendered":"Sent comme&#8230; Mademoiselle"},"content":{"rendered":"<p>139W - Chanel Coco Mademoiselle contre<br \/>\nEAU DE PARFUM NO 139W - CHANEL COCO MADEMOISELLE \u00c9QUIVALENT<\/p>\n<p>PARFUMS DE NOS SUBSTITUTS :<\/p>\n<p>PACULA<br \/>\nORANGE<br \/>\nROSE TURQUE<br \/>\nMANDARINE<br \/>\nBERGAMOTE<br \/>\nFLEUR D&rsquo;ORANGER<br \/>\nJASMIN<br \/>\nVANILLE<br \/>\nPIZZAS BLANCHES<br \/>\nMIMOZA<br \/>\nV\u00c9TIVER<br \/>\nFRUITS TONKA<br \/>\nYLANG-YLANG<br \/>\nOPOPONAKS<br \/>\nDESCRIPTION DE LA FRAGRANCE :<\/p>\n<p>Un parfum l\u00e9g\u00e8rement provocateur pour les femmes audacieuses et lib\u00e9r\u00e9es. Notre Eau de Parfum num\u00e9ro 139W est l&rsquo;\u00e9quivalent fran\u00e7ais de Chanel Coco Mademoiselle. Cette fragrance inhabituelle, fleurie et am\u00e8re, convient aussi bien \u00e0 la vie quotidienne qu&rsquo;aux occasions sp\u00e9ciales, par exemple comme parfum de mariage. Il souligne la sensualit\u00e9 et s\u00e9duit par son temp\u00e9rament.   <\/p>\n<p>CARACTERISTIQUES DU PARFUM COCO CHANEL MADEMOISELLE EQUIVALENT :<br \/>\nType de parfum : floral, chypr\u00e9<br \/>\nPour qui : femmes<br \/>\nVolume : 10 ml \/ 30 ml \/ 50 ml \/ 100 ml<br \/>\nCode produit : 139W<br \/>\nLe prix de ce parfum d\u00e9pend de la quantit\u00e9 indiqu\u00e9e.<br \/>\nMerci de nous donner votre avis apr\u00e8s l&rsquo;achat !<\/p>\n<p>Parfum similaire \u00e0 Chanel Mademoiselle - Remplacement<br \/>\nRemplacement n\u00b0 139W est une eau de parfum inspir\u00e9e par le parfum embl\u00e9matique de Chanel Mademoiselle. Des ingr\u00e9dients de qualit\u00e9 se combinent pour cr\u00e9er un parfum floral et chypr\u00e9 que des milliers de femmes adorent ! L&rsquo;\u00e9quivalent de Fragrance Factory n&rsquo;est pas seulement similaire \u00e0 Coco Mademoiselle, mais ajoute sa propre touche au parfum !  <\/p>\n<p>Coco Chanel Mademoiselle - Flacon de parfum<br \/>\nSi vous aimez tester de nouvelles fragrances, optez pour un flacon de parfum inspir\u00e9 de Coco Mademoiselle. Avec une contenance de 10 ml ou 30 ml et un flacon \u00e9l\u00e9gant, vous allez adorer la parfumeuse ! Commandez en ligne dans la boutique de Fragrance Factory !  <\/p>\n<p>Voir aussi les autres parfums Chanel et leurs produits de remplacement.<\/p>\n<p>Quelle est l&rsquo;odeur du substitut Coco Chanel Mademoiselle ?<br \/>\nL&rsquo;odeur de ce parfum peut \u00eatre d\u00e9crite comme \u00e9tant chypr\u00e9e et florale. Ses notes olfactives incluent la bergamote, la vanille et la fleur de jasmin. <\/p>\n<p>Parmi les successeurs de Chanel, quel est le plus beau parfum ?<br \/>\nCela d\u00e9pend des pr\u00e9f\u00e9rences de chacun. On peut toutefois supposer que l&rsquo;\u00e9quivalent du parfum Coco Mademoiselle sera l&rsquo;un des choix les plus int\u00e9ressants. <\/p>\n<p>Consultez les commentaires sur l&rsquo;\u00e9quivalent de Mademoiselle<br \/>\nParmi les parfums Chanel, Mademoiselle est l&rsquo;un des favoris des femmes qui n&rsquo;ont pas peur des d\u00e9fis et qui allient modernit\u00e9 et \u00e9l\u00e9gance. Notre \u00e9quivalent du parfum Mademoiselle correspond parfaitement \u00e0 l&rsquo;ensemble de la composition de l&rsquo;original. Consultez les commentaires ci-dessous !  <\/p>\n","protected":false},"excerpt":{"rendered":"<p class=\"product__text inline-richtext\">Inspiration : Chanel Coco Mademoiselle EDP 50ML<\/p>\n<p class=\"product__text inline-richtext\"><strong>\u2705 Eau de toilette 19-21% Parfum<\/strong><\/p>\n<p class=\"product__text inline-richtext\"><strong>\u2705 Le parfum dure une seconde journ\u00e9e<\/strong><\/p>\n<p class=\"product__text inline-richtext\"><strong>Achetez le parfum, pas la marque - \u00e9conomisez de l&rsquo;argent<\/strong><\/p>\n","protected":false},"featured_media":35777,"comment_status":"open","ping_status":"closed","template":"","meta":{"_acf_changed":false},"product_brand":[],"product_cat":[203],"product_tag":[],"class_list":{"0":"post-26800","1":"product","2":"type-product","3":"status-publish","4":"has-post-thumbnail","6":"product_cat-pour-les-femmes","8":"first","9":"instock","10":"shipping-taxable","11":"purchasable","12":"product-type-variable"},"acf":[],"aioseo_notices":[],"jetpack_sharing_enabled":true,"_links":{"self":[{"href":"https:\/\/dupescents.co\/fr\/wp-json\/wp\/v2\/product\/26800","targetHints":{"allow":["GET"]}}],"collection":[{"href":"https:\/\/dupescents.co\/fr\/wp-json\/wp\/v2\/product"}],"about":[{"href":"https:\/\/dupescents.co\/fr\/wp-json\/wp\/v2\/types\/product"}],"replies":[{"embeddable":true,"href":"https:\/\/dupescents.co\/fr\/wp-json\/wp\/v2\/comments?post=26800"}],"wp:featuredmedia":[{"embeddable":true,"href":"https:\/\/dupescents.co\/fr\/wp-json\/wp\/v2\/media\/35777"}],"wp:attachment":[{"href":"https:\/\/dupescents.co\/fr\/wp-json\/wp\/v2\/media?parent=26800"}],"wp:term":[{"taxonomy":"product_brand","embeddable":true,"href":"https:\/\/dupescents.co\/fr\/wp-json\/wp\/v2\/product_brand?post=26800"},{"taxonomy":"product_cat","embeddable":true,"href":"https:\/\/dupescents.co\/fr\/wp-json\/wp\/v2\/product_cat?post=26800"},{"taxonomy":"product_tag","embeddable":true,"href":"https:\/\/dupescents.co\/fr\/wp-json\/wp\/v2\/product_tag?post=26800"}],"curies":[{"name":"wp","href":"https:\/\/api.w.org\/{rel}","templated":true}]}}