{"id":26791,"date":"2025-03-30T11:46:24","date_gmt":"2025-03-30T09:46:24","guid":{"rendered":"https:\/\/dupescents.co\/products\/sent-comme-la-vie-est-belle\/"},"modified":"2026-02-15T11:15:17","modified_gmt":"2026-02-15T10:15:17","slug":"sent-comme-la-vie-est-belle","status":"publish","type":"product","link":"https:\/\/dupescents.co\/fr\/products\/sent-comme-la-vie-est-belle\/","title":{"rendered":"Sent comme&#8230; La Vie Est Belle"},"content":{"rendered":"<p>101W - Ersatz f\u00fcr Lancome La Vie Est Belle<br \/>\nEAU DE PARFUM NO 101W - ERSATZ F\u00dcR LANCOME LA VIE EST BELLE<\/p>\n<p>DUFTNOTEN UNSERES ERSATZES:<\/p>\n<p>PRALINE<br \/>\nVANILLA<br \/>\nPACULA<br \/>\nBLACKCURRANT<br \/>\nTONKA FASOL<br \/>\nIRYS<br \/>\nGRUSCH<br \/>\nJASMINE<br \/>\nORANGENBL\u00dcTE<br \/>\nDUFTBESCHREIBUNG:<\/p>\n<p>Ein s\u00fc\u00dfes Damenparf\u00fcm voller Gl\u00fcck, das ein L\u00e4cheln auf Ihr Gesicht zaubert. Das Eau de Parfum 101W ist das Gegenst\u00fcck zu Lancome La Vie Est Belle und ein wunderbar optimistischer Duft f\u00fcr jede Frau, die das Leben liebt. Die sch\u00f6ne Kombination aus s\u00fc\u00dfen Pralinen und Vanille korrespondiert spielerisch mit dem charakteristischen Aroma von Birne und Jasmin. Ein Flakon dieses Parfums wird seine Rolle als Alltagsbegleiter perfekt erf\u00fcllen.<\/p>\n<p>EIGENSCHAFTEN DES \u00c4QUIVALENTS VON LA VIE EST BELLE PARF\u00dcM:<br \/>\nDufttyp: fruchtig, blumig<br \/>\nF\u00fcr wen: weiblich<br \/>\nInhalt: 10ml \/ 30ml \/ 50ml \/ 100ml<br \/>\nProdukt-Code: 101W<br \/>\nDer Preis f\u00fcr dieses Parf\u00fcm h\u00e4ngt von der angegebenen Menge ab.<\/p>\n<p>\u00c4hnliche Parfums wie La Vie Est Belle - ein Ersatz von Fragrance Factory<br \/>\nLa Vie Est Belle ist ein beliebtes Parf\u00fcm, das einen sch\u00f6nen und eleganten Duft hat. Es ist bekannt f\u00fcr seine blumigen Noten und subtile S\u00fc\u00dfe. F\u00fcr alle, die nach einem \u00e4hnlichen Duft suchen. Das franz\u00f6sisch inspirierte Parf\u00fcm La Vie Est Belle ist dem Original t\u00e4uschend \u00e4hnlich, bringt aber auch einen eigenen Hauch von Extravaganz mit.<\/p>\n<p>Siehe auch andere Parfums von Lancome und ihre Ersatzprodukte.<\/p>\n<p>Wie riecht das \u00c4quivalent des Parfums La Vie Est Belle von Lancome?<br \/>\nDie Komposition kann als fruchtig und blumig bezeichnet werden. Sie enth\u00e4lt u. a. Duftnoten von Iris, Praline, Jasmin und Orangenbl\u00fcten.<\/p>\n","protected":false},"excerpt":{"rendered":"<p>Inspiration : Lancome La Vie Est Belle EDP 30ML<\/p>\n<p class=\"product__text inline-richtext\"><strong>  Eau de toilette 19-21% Parfum<\/strong><\/p>\n<p class=\"product__text inline-richtext\"><strong>\u2705 Le parfum dure une seconde journ\u00e9e<\/strong><\/p>\n<p class=\"product__text inline-richtext\"><strong>Achetez le parfum, pas la marque - \u00e9conomisez de l&rsquo;argent<\/strong><\/p>\n","protected":false},"featured_media":35326,"comment_status":"open","ping_status":"closed","template":"","meta":{"_acf_changed":false},"product_brand":[],"product_cat":[203],"product_tag":[],"class_list":{"0":"post-26791","1":"product","2":"type-product","3":"status-publish","4":"has-post-thumbnail","6":"product_cat-pour-les-femmes","8":"first","9":"instock","10":"shipping-taxable","11":"purchasable","12":"product-type-variable"},"acf":[],"aioseo_notices":[],"jetpack_sharing_enabled":true,"_links":{"self":[{"href":"https:\/\/dupescents.co\/fr\/wp-json\/wp\/v2\/product\/26791","targetHints":{"allow":["GET"]}}],"collection":[{"href":"https:\/\/dupescents.co\/fr\/wp-json\/wp\/v2\/product"}],"about":[{"href":"https:\/\/dupescents.co\/fr\/wp-json\/wp\/v2\/types\/product"}],"replies":[{"embeddable":true,"href":"https:\/\/dupescents.co\/fr\/wp-json\/wp\/v2\/comments?post=26791"}],"wp:featuredmedia":[{"embeddable":true,"href":"https:\/\/dupescents.co\/fr\/wp-json\/wp\/v2\/media\/35326"}],"wp:attachment":[{"href":"https:\/\/dupescents.co\/fr\/wp-json\/wp\/v2\/media?parent=26791"}],"wp:term":[{"taxonomy":"product_brand","embeddable":true,"href":"https:\/\/dupescents.co\/fr\/wp-json\/wp\/v2\/product_brand?post=26791"},{"taxonomy":"product_cat","embeddable":true,"href":"https:\/\/dupescents.co\/fr\/wp-json\/wp\/v2\/product_cat?post=26791"},{"taxonomy":"product_tag","embeddable":true,"href":"https:\/\/dupescents.co\/fr\/wp-json\/wp\/v2\/product_tag?post=26791"}],"curies":[{"name":"wp","href":"https:\/\/api.w.org\/{rel}","templated":true}]}}