{"id":26782,"date":"2025-03-30T11:50:10","date_gmt":"2025-03-30T09:50:10","guid":{"rendered":"https:\/\/dupescents.co\/products\/sent-comme-jadore\/"},"modified":"2025-12-24T17:01:44","modified_gmt":"2025-12-24T16:01:44","slug":"sent-comme-jadore","status":"publish","type":"product","link":"https:\/\/dupescents.co\/fr\/products\/sent-comme-jadore\/","title":{"rendered":"Sent comme&#8230; J&rsquo;Adore"},"content":{"rendered":"<p>159W - Ein \u00e4hnlicher Duft wie Christian Dior J&rsquo;adore<\/p>\n<p>DUFTNOTEN UNSERES ERSATZES:<\/p>\n<p>JASMINE<br \/>\nGRUSCH<br \/>\nMELON<br \/>\nKONWALIA<br \/>\nMAGNOLIEN<br \/>\nTUBEROZA<br \/>\nBROSKOSA<br \/>\nFRISCH<br \/>\nROSE<br \/>\nPI\u017bMO<br \/>\nVANILLA<br \/>\nORCHIDEA<br \/>\nPFLAUME<br \/>\nMANDARINE<br \/>\nSIOOL<br \/>\nBERGAMOT<br \/>\nZITRONE<br \/>\nZEDER<br \/>\nDUFTBESCHREIBUNG:<\/p>\n<p>Ein extrem berauschender Duft f\u00fcr Frauen, die ihre Sinnlichkeit betonen wollen. 159W ist eine sch\u00f6ne blumige Komposition mit saftigen, fruchtigen Noten, die mit einem zarten Charme verf\u00fchrt. Es eignet sich sowohl als Tagesparf\u00fcm als auch f\u00fcr besondere Anl\u00e4sse.<\/p>\n<p>Dufttyp: fruchtig, blumig<br \/>\nF\u00fcr wen: f\u00fcr Frauen<br \/>\nInhalt: 10 ml \/ 30 ml \/ 50 ml \/ 100 ml<br \/>\nProdukt-Code: 159W<br \/>\nDer Preis des Parfums J&rsquo;adore h\u00e4ngt von der angegebenen Menge ab.<br \/>\nBitte hinterlassen Sie eine Bewertung nach dem Kauf!<\/p>\n<p>Wonach riecht 159W?<br \/>\nEs ist ein sehr intensiver Duft, der sich als stark blumig klassifiziert, aber auch fruchtige und frische Noten enth\u00e4lt. Das Parf\u00fcm schimmert sehr feminin, mit Akzenten wie Orchidee, Rose, Jasminbl\u00fcte, Maigl\u00f6ckchen, Pfirsich oder Brombeere und Veilchen.<\/p>\n","protected":false},"excerpt":{"rendered":"<p class=\"product__text inline-richtext\">Inspiration : Christian Dior J&rsquo;adore EDP 30ML<\/p>\n<p class=\"product__text inline-richtext\"><strong>\u2705 Eau de toilette 19-21% Parfum<\/strong><\/p>\n<p class=\"product__text inline-richtext\"><strong>\u2705 Le parfum dure une seconde journ\u00e9e<\/strong><\/p>\n<p class=\"product__text inline-richtext\"><strong>Achetez le parfum, pas la marque - \u00e9conomisez de l&rsquo;argent<\/strong><\/p>\n","protected":false},"featured_media":36274,"comment_status":"open","ping_status":"closed","template":"","meta":{"_acf_changed":false},"product_brand":[],"product_cat":[203],"product_tag":[],"class_list":{"0":"post-26782","1":"product","2":"type-product","3":"status-publish","4":"has-post-thumbnail","6":"product_cat-pour-les-femmes","8":"first","9":"instock","10":"shipping-taxable","11":"purchasable","12":"product-type-variable"},"acf":[],"aioseo_notices":[],"jetpack_sharing_enabled":true,"_links":{"self":[{"href":"https:\/\/dupescents.co\/fr\/wp-json\/wp\/v2\/product\/26782","targetHints":{"allow":["GET"]}}],"collection":[{"href":"https:\/\/dupescents.co\/fr\/wp-json\/wp\/v2\/product"}],"about":[{"href":"https:\/\/dupescents.co\/fr\/wp-json\/wp\/v2\/types\/product"}],"replies":[{"embeddable":true,"href":"https:\/\/dupescents.co\/fr\/wp-json\/wp\/v2\/comments?post=26782"}],"wp:featuredmedia":[{"embeddable":true,"href":"https:\/\/dupescents.co\/fr\/wp-json\/wp\/v2\/media\/36274"}],"wp:attachment":[{"href":"https:\/\/dupescents.co\/fr\/wp-json\/wp\/v2\/media?parent=26782"}],"wp:term":[{"taxonomy":"product_brand","embeddable":true,"href":"https:\/\/dupescents.co\/fr\/wp-json\/wp\/v2\/product_brand?post=26782"},{"taxonomy":"product_cat","embeddable":true,"href":"https:\/\/dupescents.co\/fr\/wp-json\/wp\/v2\/product_cat?post=26782"},{"taxonomy":"product_tag","embeddable":true,"href":"https:\/\/dupescents.co\/fr\/wp-json\/wp\/v2\/product_tag?post=26782"}],"curies":[{"name":"wp","href":"https:\/\/api.w.org\/{rel}","templated":true}]}}