{"id":26768,"date":"2025-03-30T11:51:23","date_gmt":"2025-03-30T09:51:23","guid":{"rendered":"https:\/\/dupescents.co\/products\/sent-comme-hypnotic-poison\/"},"modified":"2026-02-15T11:18:30","modified_gmt":"2026-02-15T10:18:30","slug":"sent-comme-hypnotic-poison","status":"publish","type":"product","link":"https:\/\/dupescents.co\/fr\/products\/sent-comme-hypnotic-poison\/","title":{"rendered":"Sent comme&#8230; Hypnotic Poison"},"content":{"rendered":"<p>145W - \u00e4hnlicher Duft wie Christian Dior Hypnotic Poison<\/p>\n<p>DUFTNOTEN UNSERES ERSATZES:<\/p>\n<p>VANILLA<br \/>\nM\u00dcNZE<br \/>\nHAZELNUSS<br \/>\nSANDELWOOD<br \/>\nBRASILIANISCHES ROSENHOLZ<br \/>\nPFLAUME<br \/>\nKIEFER<br \/>\nJASMINE<br \/>\nPI\u017bMO<br \/>\nTUBEROZA<br \/>\nMORELA<br \/>\nROSE<br \/>\nCONVALIA<br \/>\nDUFTBESCHREIBUNG:<\/p>\n<p>Lassen Sie sich faszinieren und verf\u00fchren von einem einzigartigen orientalischen Duft mit verf\u00fchrerischen Akkorden. 145W ist ein w\u00e4rmendes, sinnliches Eau de Parfum f\u00fcr selbstbewusste Frauen. Die leicht verf\u00fchrerische Kombination aus s\u00fc\u00dfer Vanille mit holzigen Noten, Pflaume und Blumen entf\u00fchrt Sie direkt in ferne hei\u00dfe L\u00e4nder. Geeignet f\u00fcr den t\u00e4glichen Gebrauch.<\/p>\n<p>Dufttyp: orientalisch<br \/>\nF\u00fcr wen: f\u00fcr Frauen<br \/>\nInhalt: 30 ml \/ 50 ml \/ 100 ml<br \/>\nProdukt-Code: 145W<br \/>\nDer Preis f\u00fcr dieses Parf\u00fcm h\u00e4ngt von der angegebenen Menge ab.<br \/>\nBitte teilen Sie uns Ihre Meinung nach dem Kauf mit!<\/p>\n<p>Wie riecht das Parf\u00fcm 145W equivalent?<br \/>\nDieser Duft ist eindeutig orientalisch und enth\u00e4lt Duftnoten wie Maigl\u00f6ckchen, Rosen- und Jasminbl\u00fcten, Pflaume, Vanille und Sandelholz.<\/p>\n<p>Ist der Duft 145W ein verf\u00fchrerischer Ersatz?<br \/>\nDie Komposition wurde geschaffen, um langsam und allm\u00e4hlich die Sinne zu stimulieren und mit orientalischen Aromen zu verf\u00fchren.<\/p>\n<p>F\u00fcr wen ist das \u00c4quivalent des Parfums 145W am besten geeignet?<\/p>\n<p>Dieser sch\u00f6ne Duft ist ideal f\u00fcr Frauen, die es geheimnisvoll und verf\u00fchrerisch m\u00f6gen.<\/p>\n","protected":false},"excerpt":{"rendered":"<p class=\"product__text inline-richtext\">Inspiration : Christian Dior Hypnotic Poison EDT 50ML<\/p>\n<p class=\"product__text inline-richtext\"><strong>\u2705 Eau de toilette 19-21% Parfum<\/strong><\/p>\n<p class=\"product__text inline-richtext\"><strong>\u2705 Le parfum dure une seconde journ\u00e9e<\/strong><\/p>\n<p class=\"product__text inline-richtext\"><strong>Achetez le parfum, pas la marque - \u00e9conomisez de l&rsquo;argent<\/strong><\/p>\n","protected":false},"featured_media":35330,"comment_status":"open","ping_status":"closed","template":"","meta":{"_acf_changed":false},"product_brand":[],"product_cat":[203],"product_tag":[],"class_list":{"0":"post-26768","1":"product","2":"type-product","3":"status-publish","4":"has-post-thumbnail","6":"product_cat-pour-les-femmes","8":"first","9":"instock","10":"shipping-taxable","11":"purchasable","12":"product-type-variable"},"acf":[],"aioseo_notices":[],"jetpack_sharing_enabled":true,"_links":{"self":[{"href":"https:\/\/dupescents.co\/fr\/wp-json\/wp\/v2\/product\/26768","targetHints":{"allow":["GET"]}}],"collection":[{"href":"https:\/\/dupescents.co\/fr\/wp-json\/wp\/v2\/product"}],"about":[{"href":"https:\/\/dupescents.co\/fr\/wp-json\/wp\/v2\/types\/product"}],"replies":[{"embeddable":true,"href":"https:\/\/dupescents.co\/fr\/wp-json\/wp\/v2\/comments?post=26768"}],"wp:featuredmedia":[{"embeddable":true,"href":"https:\/\/dupescents.co\/fr\/wp-json\/wp\/v2\/media\/35330"}],"wp:attachment":[{"href":"https:\/\/dupescents.co\/fr\/wp-json\/wp\/v2\/media?parent=26768"}],"wp:term":[{"taxonomy":"product_brand","embeddable":true,"href":"https:\/\/dupescents.co\/fr\/wp-json\/wp\/v2\/product_brand?post=26768"},{"taxonomy":"product_cat","embeddable":true,"href":"https:\/\/dupescents.co\/fr\/wp-json\/wp\/v2\/product_cat?post=26768"},{"taxonomy":"product_tag","embeddable":true,"href":"https:\/\/dupescents.co\/fr\/wp-json\/wp\/v2\/product_tag?post=26768"}],"curies":[{"name":"wp","href":"https:\/\/api.w.org\/{rel}","templated":true}]}}