{"id":26753,"date":"2025-03-30T11:55:35","date_gmt":"2025-03-30T09:55:35","guid":{"rendered":"https:\/\/dupescents.co\/products\/sent-comme-la-belle\/"},"modified":"2026-02-21T20:38:28","modified_gmt":"2026-02-21T19:38:28","slug":"sent-comme-la-belle","status":"publish","type":"product","link":"https:\/\/dupescents.co\/fr\/products\/sent-comme-la-belle\/","title":{"rendered":"Sent comme&#8230; La Belle"},"content":{"rendered":"<p>412W - Remplacement pour Jean Paul Gaultier La Belle<br \/>\nPERFUMED WATER NO. 412W - Jean Paul Gaultier La Belle&rsquo;s remplacement<\/p>\n<p>PARFUMS DE NOS SUBSTITUTS :<\/p>\n<p>Poire<br \/>\nBergamote<br \/>\nNotes florales<br \/>\nCuir<br \/>\nVanille<br \/>\nV\u00e9tiver<br \/>\nAmbre<br \/>\nMusc<br \/>\nDESCRIPTION DE LA PARFUM\u00c9E :<\/p>\n<p>412W est le pendant du parfum Jean Paul Gaultier La Belle, lanc\u00e9 en 2019. Cette fragrance tr\u00e8s sensuelle vous transporte dans un jardin de senteurs d\u00e9licieuses et vous accompagne toute la journ\u00e9e gr\u00e2ce \u00e0 sa persistance ! Essayez-le si vous aimez les parfums intenses, doux et orientaux avec des accords de vanille.  <\/p>\n<p>CARACTERISTIQUES DU PARFUM Jean Paul Gaultier La Belle :<br \/>\nType de parfum : oriental, vanille<br \/>\nPour qui : femmes<br \/>\nVolume : 10 ml \/ 30 ml \/ 50 ml \/ 100 ml<br \/>\nCode produit : 412W<br \/>\nLe prix de ce parfum d\u00e9pend de la quantit\u00e9 indiqu\u00e9e.<br \/>\nMerci de nous donner votre avis apr\u00e8s l&rsquo;achat !<\/p>\n<p>Voir aussi les autres parfums J.P. Gaultier et leurs produits de remplacement.<\/p>\n","protected":false},"excerpt":{"rendered":"<p>Inspiration : Jean Paul Gaultier La Belle EDP 50ML<\/p>\n<p class=\"product__text inline-richtext\"><strong>\u2705 Eau de toilette 19-21% Parfum<\/strong><\/p>\n<p class=\"product__text inline-richtext\"><strong>\u2705 Le parfum dure une seconde journ\u00e9e<\/strong><\/p>\n<p class=\"product__text inline-richtext\"><strong>Achetez le parfum, pas la marque - \u00e9conomisez de l&rsquo;argent<\/strong><\/p>\n","protected":false},"featured_media":35828,"comment_status":"open","ping_status":"closed","template":"","meta":{"_acf_changed":false},"product_brand":[],"product_cat":[203],"product_tag":[],"class_list":{"0":"post-26753","1":"product","2":"type-product","3":"status-publish","4":"has-post-thumbnail","6":"product_cat-pour-les-femmes","8":"first","9":"instock","10":"shipping-taxable","11":"purchasable","12":"product-type-variable"},"acf":[],"aioseo_notices":[],"jetpack_sharing_enabled":true,"_links":{"self":[{"href":"https:\/\/dupescents.co\/fr\/wp-json\/wp\/v2\/product\/26753","targetHints":{"allow":["GET"]}}],"collection":[{"href":"https:\/\/dupescents.co\/fr\/wp-json\/wp\/v2\/product"}],"about":[{"href":"https:\/\/dupescents.co\/fr\/wp-json\/wp\/v2\/types\/product"}],"replies":[{"embeddable":true,"href":"https:\/\/dupescents.co\/fr\/wp-json\/wp\/v2\/comments?post=26753"}],"wp:featuredmedia":[{"embeddable":true,"href":"https:\/\/dupescents.co\/fr\/wp-json\/wp\/v2\/media\/35828"}],"wp:attachment":[{"href":"https:\/\/dupescents.co\/fr\/wp-json\/wp\/v2\/media?parent=26753"}],"wp:term":[{"taxonomy":"product_brand","embeddable":true,"href":"https:\/\/dupescents.co\/fr\/wp-json\/wp\/v2\/product_brand?post=26753"},{"taxonomy":"product_cat","embeddable":true,"href":"https:\/\/dupescents.co\/fr\/wp-json\/wp\/v2\/product_cat?post=26753"},{"taxonomy":"product_tag","embeddable":true,"href":"https:\/\/dupescents.co\/fr\/wp-json\/wp\/v2\/product_tag?post=26753"}],"curies":[{"name":"wp","href":"https:\/\/api.w.org\/{rel}","templated":true}]}}