{"id":26748,"date":"2025-03-30T11:52:56","date_gmt":"2025-03-30T09:52:56","guid":{"rendered":"https:\/\/dupescents.co\/products\/sent-comme-fame\/"},"modified":"2026-02-21T20:51:30","modified_gmt":"2026-02-21T19:51:30","slug":"sent-comme-fame","status":"publish","type":"product","link":"https:\/\/dupescents.co\/fr\/products\/sent-comme-fame\/","title":{"rendered":"Sent comme&#8230; Fame"},"content":{"rendered":"<p>498W - Remplacement pour Paco Rabanne Fame<br \/>\nEAU DE PARFUM NO 498W - REMPLACEMENT POUR PACO RABANNE FAME<\/p>\n<p>PARFUMS DE NOS SUBSTITUTS :<\/p>\n<p>MANGUE<br \/>\nBERGAMOTE<br \/>\nJASMIN<br \/>\nOLIBAN<br \/>\nVANILLE<br \/>\nBOIS DE SANTAL<br \/>\nDESCRIPTION DE LA FRAGRANCE :<\/p>\n<p>Brillez de mille feux ! Soyez comme une star sur le tapis rouge. L&rsquo;\u00e9quivalent de la fragrance Fame de Paco Rabanne vous donnera confiance en vous et enchantera tout le monde autour de vous. Sentez le luxe sur votre peau avec sa composition unique de mangue sucr\u00e9e, de bergamote croquante, de jasmin enveloppant, d&rsquo;oliban, de vanille et de bois de santal. Cette eau de parfum est parfaite pour le quotidien et attire tous les regards !    <\/p>\n<p>CARACTERISTIQUES DU PARFUM PACO RABANNE FAME EQUIVALENT :<br \/>\nType de parfum : floral, bois\u00e9, musqu\u00e9<br \/>\nPour qui : femmes<br \/>\nContenu : 10 ml \/ 30 ml \/ 50 ml \/ 100 ml<br \/>\nCode produit : 498W<br \/>\nLe prix de ce parfum d\u00e9pend de la quantit\u00e9 indiqu\u00e9e.<br \/>\nMerci de nous donner votre avis apr\u00e8s l&rsquo;achat !<\/p>\n<p>Voir les autres parfums Paco Rabanne.<\/p>\n","protected":false},"excerpt":{"rendered":"<p>Inspiration : Paco Rabanne Fame EDP 50ML<\/p>\n<p class=\"product__text inline-richtext\"><strong>\u2705 Eau de toilette 19-21% Parfum<\/strong><\/p>\n<p class=\"product__text inline-richtext\"><strong>\u2705 Le parfum dure une seconde journ\u00e9e<\/strong><\/p>\n<p class=\"product__text inline-richtext\"><strong>Achetez le parfum, pas la marque - \u00e9conomisez de l&rsquo;argent<\/strong><\/p>\n","protected":false},"featured_media":35840,"comment_status":"open","ping_status":"closed","template":"","meta":{"_acf_changed":false},"product_brand":[],"product_cat":[203],"product_tag":[],"class_list":{"0":"post-26748","1":"product","2":"type-product","3":"status-publish","4":"has-post-thumbnail","6":"product_cat-pour-les-femmes","8":"first","9":"instock","10":"shipping-taxable","11":"purchasable","12":"product-type-variable"},"acf":[],"aioseo_notices":[],"jetpack_sharing_enabled":true,"_links":{"self":[{"href":"https:\/\/dupescents.co\/fr\/wp-json\/wp\/v2\/product\/26748","targetHints":{"allow":["GET"]}}],"collection":[{"href":"https:\/\/dupescents.co\/fr\/wp-json\/wp\/v2\/product"}],"about":[{"href":"https:\/\/dupescents.co\/fr\/wp-json\/wp\/v2\/types\/product"}],"replies":[{"embeddable":true,"href":"https:\/\/dupescents.co\/fr\/wp-json\/wp\/v2\/comments?post=26748"}],"wp:featuredmedia":[{"embeddable":true,"href":"https:\/\/dupescents.co\/fr\/wp-json\/wp\/v2\/media\/35840"}],"wp:attachment":[{"href":"https:\/\/dupescents.co\/fr\/wp-json\/wp\/v2\/media?parent=26748"}],"wp:term":[{"taxonomy":"product_brand","embeddable":true,"href":"https:\/\/dupescents.co\/fr\/wp-json\/wp\/v2\/product_brand?post=26748"},{"taxonomy":"product_cat","embeddable":true,"href":"https:\/\/dupescents.co\/fr\/wp-json\/wp\/v2\/product_cat?post=26748"},{"taxonomy":"product_tag","embeddable":true,"href":"https:\/\/dupescents.co\/fr\/wp-json\/wp\/v2\/product_tag?post=26748"}],"curies":[{"name":"wp","href":"https:\/\/api.w.org\/{rel}","templated":true}]}}