{"id":26732,"date":"2025-03-30T12:07:50","date_gmt":"2025-03-30T10:07:50","guid":{"rendered":"https:\/\/dupescents.co\/products\/sent-comme-tobacco-vanille\/"},"modified":"2025-11-05T19:24:36","modified_gmt":"2025-11-05T18:24:36","slug":"sent-comme-tobacco-vanille","status":"publish","type":"product","link":"https:\/\/dupescents.co\/fr\/products\/sent-comme-tobacco-vanille\/","title":{"rendered":"Sent comme&#8230; Tobacco Vanille"},"content":{"rendered":"<p>193W - Tom Ford Tobacco Vanille-Ersatz<br \/>\nPARF\u00dcMWASSER NR. 193W - TOM FORD TABAK VANILLE ERSATZ<\/p>\n<p>DUFTNOTEN UNSERES ERSATZES:<\/p>\n<p>VANILLA<br \/>\nTABAKBL\u00c4TTER<br \/>\nGETROCKNETE FR\u00dcCHTE<br \/>\nCOCO<br \/>\nSPICY NOTES<br \/>\nTONKA FR\u00dcCHTE<br \/>\nTABAKBL\u00dcTE<br \/>\nHOLZIGE NOTEN<br \/>\nDUFTBESCHREIBUNG:<\/p>\n<p>Ein hypnotisierender und fesselnder orientalisch-w\u00fcrziger Duft f\u00fcr M\u00e4nner und Frauen. Unser Gegenst\u00fcck zu Tom Ford Tobacco Vanille ist ein sehr lang anhaltendes Eau de Parfum. Mit seinem ungew\u00f6hnlichen Gef\u00fchl und der bemerkenswerten Kombination aus Tabakblatt- und Vanillearoma zieht er die Aufmerksamkeit auf sich und fasziniert. Ein Duft, der sowohl f\u00fcr den Alltag als auch f\u00fcr besondere Anl\u00e4sse geeignet ist. Also sehr vielseitig.<\/p>\n<p>MERKMALE DES PARFUMS TOM FORD TOBACCO VANILLE \u00c4QUIVALENT:<br \/>\nDufttyp: orientalisch, w\u00fcrzig<br \/>\nF\u00fcr wen: Unisex<br \/>\nInhalt: 10 ml \/ 30 ml \/ 50 ml \/ 100 ml<br \/>\nProdukt-Code: 193W<\/p>\n<p>Wonach riecht das \u00c4quivalent von Tom Ford Tobacco Vanille Parf\u00fcm?<br \/>\nEs ist ein Duft, der als w\u00fcrzig, aber auch als orientalisch eingestuft wird. Er vereint unter anderem holzige Noten, Vanillebl\u00fcten und Tabakbl\u00fcte. Hinzu kommen Akkorde wie Kakao und Trockenfr\u00fcchte. All dies sorgt f\u00fcr ein Gleichgewicht zwischen S\u00fc\u00dfe und Tiefe.<\/p>\n<p>F\u00fcr wen ist das Parf\u00fcm Tom Ford Tobacco Vanille ein Ersatz?<br \/>\nF\u00fcr einen Duft, der gut f\u00fcr diejenigen ist, die etwas Neues (oder sogar Modernes) suchen und dabei Charakter und St\u00e4rke betonen. Erw\u00e4hnenswert ist, dass dieser Duft einfach berauschend ist. Hinzu kommt, dass dieser Duft gut f\u00fcr formelle Anl\u00e4sse geeignet ist.<\/p>\n","protected":false},"excerpt":{"rendered":"<p>Inspiration : Tom Ford Tobacco Vanille EDP 50ML<\/p>\n<p class=\"product__text inline-richtext\"><strong>\u2705 Eau de toilette 19-21% Parfum<\/strong><\/p>\n<p class=\"product__text inline-richtext\"><strong>\u2705 Le parfum dure une seconde journ\u00e9e<\/strong><\/p>\n<p class=\"product__text inline-richtext\"><strong>Achetez le parfum, pas la marque - \u00e9conomisez de l&rsquo;argent<\/strong><\/p>\n","protected":false},"featured_media":36267,"comment_status":"open","ping_status":"closed","template":"","meta":{"_acf_changed":false},"product_brand":[],"product_cat":[203],"product_tag":[],"class_list":{"0":"post-26732","1":"product","2":"type-product","3":"status-publish","4":"has-post-thumbnail","6":"product_cat-pour-les-femmes","8":"first","9":"instock","10":"shipping-taxable","11":"purchasable","12":"product-type-variable"},"acf":[],"aioseo_notices":[],"jetpack_sharing_enabled":true,"_links":{"self":[{"href":"https:\/\/dupescents.co\/fr\/wp-json\/wp\/v2\/product\/26732","targetHints":{"allow":["GET"]}}],"collection":[{"href":"https:\/\/dupescents.co\/fr\/wp-json\/wp\/v2\/product"}],"about":[{"href":"https:\/\/dupescents.co\/fr\/wp-json\/wp\/v2\/types\/product"}],"replies":[{"embeddable":true,"href":"https:\/\/dupescents.co\/fr\/wp-json\/wp\/v2\/comments?post=26732"}],"wp:featuredmedia":[{"embeddable":true,"href":"https:\/\/dupescents.co\/fr\/wp-json\/wp\/v2\/media\/36267"}],"wp:attachment":[{"href":"https:\/\/dupescents.co\/fr\/wp-json\/wp\/v2\/media?parent=26732"}],"wp:term":[{"taxonomy":"product_brand","embeddable":true,"href":"https:\/\/dupescents.co\/fr\/wp-json\/wp\/v2\/product_brand?post=26732"},{"taxonomy":"product_cat","embeddable":true,"href":"https:\/\/dupescents.co\/fr\/wp-json\/wp\/v2\/product_cat?post=26732"},{"taxonomy":"product_tag","embeddable":true,"href":"https:\/\/dupescents.co\/fr\/wp-json\/wp\/v2\/product_tag?post=26732"}],"curies":[{"name":"wp","href":"https:\/\/api.w.org\/{rel}","templated":true}]}}