{"id":26722,"date":"2025-03-30T12:09:10","date_gmt":"2025-03-30T10:09:10","guid":{"rendered":"https:\/\/dupescents.co\/products\/sent-comme-eau-fraiche-chance\/"},"modified":"2026-02-21T20:41:38","modified_gmt":"2026-02-21T19:41:38","slug":"sent-comme-eau-fraiche-chance","status":"publish","type":"product","link":"https:\/\/dupescents.co\/fr\/products\/sent-comme-eau-fraiche-chance\/","title":{"rendered":"Sent comme&#8230; Eau Fraiche Chance"},"content":{"rendered":"<p>422W - Chanel Chance Eau Fraiche remplacement<br \/>\nPARFUM N\u00b0 422W - PARFUM DE REMPLACEMENT CHANEL CHANCE EAU FRAICHE<\/p>\n<p>PARFUMS DE NOS SUBSTITUTS :<\/p>\n<p>CITRON<br \/>\nCEDR<br \/>\nCITRON<br \/>\nEAU HIACITE<br \/>\nPINK PEPPER<br \/>\nJASMINE<br \/>\nPACULA<br \/>\nPOIVRE BLANC<br \/>\nV\u00c9TIVERIE<br \/>\nTEK-ARBRE<br \/>\nIRYS<br \/>\nBURSHINE<br \/>\nDESCRIPTION DE LA FRAGRANCE :<\/p>\n<p>Avec l&rsquo;\u00e9quivalent du parfum Chance Eau Fraiche, vous partez en voyage dans un pays plein d&rsquo;\u00e9nergie et d\u00e9bordant de fra\u00eecheur ! Ce parfum a \u00e9t\u00e9 cr\u00e9\u00e9 pour des femmes vraiment exceptionnelles. C&rsquo;est donc le parfum parfait pour vous si vous aimez les ar\u00f4mes rafra\u00eechissants sur un musc sensuel ! En outre, le flacon contient du citron, de la jacinthe, du jasmin et de l&rsquo;ambre. Ce m\u00e9lange est parfait pour les chaudes journ\u00e9es d&rsquo;\u00e9t\u00e9.    <\/p>\n<p>CARACTERISTIQUES DE L&rsquo;EQUIPEMENT DE CHANEL CHANCE EAU FEMME PARFUM :<br \/>\nType de parfum : Chypre, floral<br \/>\nPour qui : Femmes<br \/>\nVolume : 10 ml \/ 30 ml \/ 50 ml \/ 100 ml<br \/>\nCode produit : 422W<br \/>\nLe prix de ce parfum d\u00e9pend de la quantit\u00e9 indiqu\u00e9e.<br \/>\nMerci de nous donner votre avis apr\u00e8s l&rsquo;achat !<\/p>\n<p>Regardez les autres parfums Chanel et leurs substituts !<\/p>\n","protected":false},"excerpt":{"rendered":"<p class=\"product__text inline-richtext\">Inspiration : Chanel Chance Eau Fraiche EDT 35ML<\/p>\n<p class=\"product__text inline-richtext\"><strong>\u2705 Eau de toilette 19-21% Parfum<\/strong><\/p>\n<p class=\"product__text inline-richtext\"><strong>\u2705 Le parfum dure une seconde journ\u00e9e<\/strong><\/p>\n<p class=\"product__text inline-richtext\"><strong>Achetez le parfum, pas la marque - \u00e9conomisez de l&rsquo;argent<\/strong><\/p>\n","protected":false},"featured_media":35831,"comment_status":"open","ping_status":"closed","template":"","meta":{"_acf_changed":false},"product_brand":[],"product_cat":[203],"product_tag":[],"class_list":{"0":"post-26722","1":"product","2":"type-product","3":"status-publish","4":"has-post-thumbnail","6":"product_cat-pour-les-femmes","8":"first","9":"instock","10":"shipping-taxable","11":"purchasable","12":"product-type-variable"},"acf":[],"aioseo_notices":[],"jetpack_sharing_enabled":true,"_links":{"self":[{"href":"https:\/\/dupescents.co\/fr\/wp-json\/wp\/v2\/product\/26722","targetHints":{"allow":["GET"]}}],"collection":[{"href":"https:\/\/dupescents.co\/fr\/wp-json\/wp\/v2\/product"}],"about":[{"href":"https:\/\/dupescents.co\/fr\/wp-json\/wp\/v2\/types\/product"}],"replies":[{"embeddable":true,"href":"https:\/\/dupescents.co\/fr\/wp-json\/wp\/v2\/comments?post=26722"}],"wp:featuredmedia":[{"embeddable":true,"href":"https:\/\/dupescents.co\/fr\/wp-json\/wp\/v2\/media\/35831"}],"wp:attachment":[{"href":"https:\/\/dupescents.co\/fr\/wp-json\/wp\/v2\/media?parent=26722"}],"wp:term":[{"taxonomy":"product_brand","embeddable":true,"href":"https:\/\/dupescents.co\/fr\/wp-json\/wp\/v2\/product_brand?post=26722"},{"taxonomy":"product_cat","embeddable":true,"href":"https:\/\/dupescents.co\/fr\/wp-json\/wp\/v2\/product_cat?post=26722"},{"taxonomy":"product_tag","embeddable":true,"href":"https:\/\/dupescents.co\/fr\/wp-json\/wp\/v2\/product_tag?post=26722"}],"curies":[{"name":"wp","href":"https:\/\/api.w.org\/{rel}","templated":true}]}}