{"id":26712,"date":"2025-03-30T12:11:47","date_gmt":"2025-03-30T10:11:47","guid":{"rendered":"https:\/\/dupescents.co\/products\/sent-comme-classique-essence-de-parfum\/"},"modified":"2026-02-21T19:34:44","modified_gmt":"2026-02-21T18:34:44","slug":"sent-comme-classique-essence-de-parfum","status":"publish","type":"product","link":"https:\/\/dupescents.co\/fr\/products\/sent-comme-classique-essence-de-parfum\/","title":{"rendered":"Sent comme&#8230; Classique Essence de Parfum"},"content":{"rendered":"<p>442W - Jean Paul Gaultier Classique Essence de Parfum remplacement<br \/>\nEAU DE PARFUM NR. 442W - REMPLACEMENT DE JEAN PAUL GAULTIER CLASSIQUE ESSENCE DE PARFUM PARFUM<\/p>\n<p>PARFUMS DE NOS SUBSTITUTS :<\/p>\n<p>TANGERINE<br \/>\nALDEHYDRES<br \/>\nIMBIR<br \/>\nFLEUR D&rsquo;ORANGER<br \/>\nJASMIN \u00c0 GRANDES FEUILLES<br \/>\nCR\u00c8ME FOUETT\u00c9E<br \/>\nVANILLE<br \/>\nBENZOES<br \/>\nBOIS DE CASSIS<br \/>\nNOTES BOIS\u00c9ES<br \/>\nDESCRIPTION DE LA FRAGRANCE :<\/p>\n<p>D&rsquo;une part \u00e9l\u00e9gante, d&rsquo;autre part procurant une sensation de confort exceptionnel, enveloppant les sens, cette composition olfactive inspir\u00e9e de Jean Paul Gaultier Classique Essence de Parfum est destin\u00e9e aux femmes ayant un penchant pour les m\u00e9langes fleuris-orientaux. \u00c0 l&rsquo;int\u00e9rieur du flacon, vous trouverez notamment des notes de mandarine, de gingembre, de fleur d&rsquo;oranger, de jasmin, de cachemire, de cr\u00e8me fouett\u00e9e et des notes bois\u00e9es. Essayez-le si vous voulez s\u00e9duire et mettre en valeur votre sensualit\u00e9 !  <\/p>\n<p>CARACTERISTIQUES DE L&rsquo;EQUIPEMENT DE JEAN PAUL GAULTIER CLASSIQUE ESSENCE DE PARFUM :<br \/>\nType de parfum : oriental, floral<br \/>\nPour qui : femme<br \/>\nContenu : 10 ml \/ 30 ml \/ 50 ml \/ 100 ml<br \/>\nCode produit : 442W<br \/>\nLe prix de ce parfum d\u00e9pend de la quantit\u00e9 indiqu\u00e9e.<br \/>\nMerci de nous donner votre avis apr\u00e8s l&rsquo;achat !<\/p>\n<p>D\u00e9couvrez les autres parfums de Jean Paul Gaultier.<\/p>\n","protected":false},"excerpt":{"rendered":"<p>Inspiration : Jean Paul Gaultier Classique Essence de Parfum EDP 100ML<\/p>\n<p class=\"product__text inline-richtext\"><strong>\u2705 Eau de toilette 19-21% Parfum<\/strong><\/p>\n<p class=\"product__text inline-richtext\"><strong>\u2705 Le parfum dure une seconde journ\u00e9e<\/strong><\/p>\n<p class=\"product__text inline-richtext\"><strong>Achetez le parfum, pas la marque - \u00e9conomisez de l&rsquo;argent<\/strong><\/p>\n","protected":false},"featured_media":35779,"comment_status":"open","ping_status":"closed","template":"","meta":{"_acf_changed":false},"product_brand":[],"product_cat":[203],"product_tag":[],"class_list":{"0":"post-26712","1":"product","2":"type-product","3":"status-publish","4":"has-post-thumbnail","6":"product_cat-pour-les-femmes","8":"first","9":"instock","10":"shipping-taxable","11":"purchasable","12":"product-type-variable"},"acf":[],"aioseo_notices":[],"jetpack_sharing_enabled":true,"_links":{"self":[{"href":"https:\/\/dupescents.co\/fr\/wp-json\/wp\/v2\/product\/26712","targetHints":{"allow":["GET"]}}],"collection":[{"href":"https:\/\/dupescents.co\/fr\/wp-json\/wp\/v2\/product"}],"about":[{"href":"https:\/\/dupescents.co\/fr\/wp-json\/wp\/v2\/types\/product"}],"replies":[{"embeddable":true,"href":"https:\/\/dupescents.co\/fr\/wp-json\/wp\/v2\/comments?post=26712"}],"wp:featuredmedia":[{"embeddable":true,"href":"https:\/\/dupescents.co\/fr\/wp-json\/wp\/v2\/media\/35779"}],"wp:attachment":[{"href":"https:\/\/dupescents.co\/fr\/wp-json\/wp\/v2\/media?parent=26712"}],"wp:term":[{"taxonomy":"product_brand","embeddable":true,"href":"https:\/\/dupescents.co\/fr\/wp-json\/wp\/v2\/product_brand?post=26712"},{"taxonomy":"product_cat","embeddable":true,"href":"https:\/\/dupescents.co\/fr\/wp-json\/wp\/v2\/product_cat?post=26712"},{"taxonomy":"product_tag","embeddable":true,"href":"https:\/\/dupescents.co\/fr\/wp-json\/wp\/v2\/product_tag?post=26712"}],"curies":[{"name":"wp","href":"https:\/\/api.w.org\/{rel}","templated":true}]}}