{"id":26707,"date":"2025-03-30T12:09:56","date_gmt":"2025-03-30T10:09:56","guid":{"rendered":"https:\/\/dupescents.co\/products\/sent-comme-chloe\/"},"modified":"2026-02-15T11:20:54","modified_gmt":"2026-02-15T10:20:54","slug":"sent-comme-chloe","status":"publish","type":"product","link":"https:\/\/dupescents.co\/fr\/products\/sent-comme-chloe\/","title":{"rendered":"Sent comme&#8230; Chlo\u00e9"},"content":{"rendered":"<p>024W - Chloe Chloe \u00c4quivalent<br \/>\nEAU DE PARFUM NO 024W - CHLOE CHLOE \u00c4QUIVALENT<\/p>\n<p>DUFTNOTEN VON UNSEREM ERSATZ:<\/p>\n<p>ROSE<br \/>\nPIWONIA<br \/>\nNICE<br \/>\nFRISCH<br \/>\nKONWALIA<br \/>\nMAGNOLIEN<br \/>\nCEDAR VIRGINIA<br \/>\nBURSHINE<br \/>\nDUFTBESCHREIBUNG:<\/p>\n<p>Ein frischer, pudriger, orientalisch-blumiger Duft ist die perfekte Wahl f\u00fcr romantische, enthusiastische und fantasievolle Frauen. Unser Eau de Parfum ist ein perfekt reproduziertes Gegenst\u00fcck zum Parf\u00fcm Chloe Chloe, das mit Aufmerksamkeit f\u00fcr jeden Duftakkord kreiert wurde. Dieser Duft entfesselt Kreativit\u00e4t und inspiriert mit seiner Eleganz. Er eignet sich sowohl f\u00fcr den Alltag als auch f\u00fcr besondere Anl\u00e4sse.<\/p>\n<p>MERKMALE DES GEGENST\u00dcCKS VON CHLOE CHLOE:<br \/>\nDufttyp: orientalisch, blumig<br \/>\nF\u00fcr wen: weiblich<br \/>\nInhalt: 10ml \/ 30ml \/ 50ml \/ 100ml<br \/>\nProdukt-Code: 024W<br \/>\nDer Preis f\u00fcr dieses Parf\u00fcm h\u00e4ngt von der angegebenen Menge ab.<br \/>\nBitte geben Sie uns Ihr Feedback nach dem Kauf!<\/p>\n<p>Parfums \u00e4hnlich Chloe Chloe<br \/>\nParf\u00fcm-\u00c4quivalent 024W ist ein Duft inspiriert von Chloe Chloe Parf\u00fcm, die sehr \u00e4hnlich wie das Original ist. Die orientalisch-blumigen Noten machen dieses Parf\u00fcm perfekt f\u00fcr den Alltag, aber auch f\u00fcr gr\u00f6\u00dfere Feiern. Probieren Sie einen langanhaltenden Parf\u00fcmersatz von Fragrance Factory, der Ihnen sicher in Erinnerung bleiben wird!<\/p>\n<p>Wie riecht das \u00c4quivalent von Chloe Chloe Parf\u00fcm?<br \/>\nEs ist ein ansprechender Duft aus der blumigen Kategorie, der aber auch als orientalisches Aroma eingestuft wird. Es hat Duftnoten wie Pfingstrose oder Freesie, aber auch Magnolie oder Maigl\u00f6ckchen, um nur einige zu nennen. Der gesamte Duft wird mit Koketterie assoziiert und regt die Sinne wunderbar an.<\/p>\n","protected":false},"excerpt":{"rendered":"<p>Inspiration : Chlo\u00e9 EDP 30ML<\/p>\n<p class=\"product__text inline-richtext\"><strong>\u2705 Eau de toilette 19-21% Parfum<\/strong><\/p>\n<p class=\"product__text inline-richtext\"><strong>\u2705 Le parfum dure une seconde journ\u00e9e<\/strong><\/p>\n<p class=\"product__text inline-richtext\"><strong>Achetez le parfum, pas la marque - \u00e9conomisez de l&rsquo;argent<\/strong><\/p>\n","protected":false},"featured_media":35334,"comment_status":"open","ping_status":"closed","template":"","meta":{"_acf_changed":false},"product_brand":[],"product_cat":[203],"product_tag":[],"class_list":{"0":"post-26707","1":"product","2":"type-product","3":"status-publish","4":"has-post-thumbnail","6":"product_cat-pour-les-femmes","8":"first","9":"instock","10":"shipping-taxable","11":"purchasable","12":"product-type-variable"},"acf":[],"aioseo_notices":[],"jetpack_sharing_enabled":true,"_links":{"self":[{"href":"https:\/\/dupescents.co\/fr\/wp-json\/wp\/v2\/product\/26707","targetHints":{"allow":["GET"]}}],"collection":[{"href":"https:\/\/dupescents.co\/fr\/wp-json\/wp\/v2\/product"}],"about":[{"href":"https:\/\/dupescents.co\/fr\/wp-json\/wp\/v2\/types\/product"}],"replies":[{"embeddable":true,"href":"https:\/\/dupescents.co\/fr\/wp-json\/wp\/v2\/comments?post=26707"}],"wp:featuredmedia":[{"embeddable":true,"href":"https:\/\/dupescents.co\/fr\/wp-json\/wp\/v2\/media\/35334"}],"wp:attachment":[{"href":"https:\/\/dupescents.co\/fr\/wp-json\/wp\/v2\/media?parent=26707"}],"wp:term":[{"taxonomy":"product_brand","embeddable":true,"href":"https:\/\/dupescents.co\/fr\/wp-json\/wp\/v2\/product_brand?post=26707"},{"taxonomy":"product_cat","embeddable":true,"href":"https:\/\/dupescents.co\/fr\/wp-json\/wp\/v2\/product_cat?post=26707"},{"taxonomy":"product_tag","embeddable":true,"href":"https:\/\/dupescents.co\/fr\/wp-json\/wp\/v2\/product_tag?post=26707"}],"curies":[{"name":"wp","href":"https:\/\/api.w.org\/{rel}","templated":true}]}}