{"id":26692,"date":"2025-03-30T12:14:50","date_gmt":"2025-03-30T10:14:50","guid":{"rendered":"https:\/\/dupescents.co\/products\/ca-sent-comme-alien\/"},"modified":"2026-02-21T12:24:41","modified_gmt":"2026-02-21T11:24:41","slug":"ca-sent-comme-alien","status":"publish","type":"product","link":"https:\/\/dupescents.co\/fr\/products\/ca-sent-comme-alien\/","title":{"rendered":"Sent comme&#8230; Alien"},"content":{"rendered":"<p>004W - Ersatz f\u00fcr Thierry Mugler Alien<br \/>\nEAU DE PARFUM NO 004W - ERSATZ F\u00dcR THIERRY MUGLER ALIEN<\/p>\n<p>DUFTNOTEN VON UNSEREM ERSATZ:<\/p>\n<p>JASMINE<br \/>\nBURZSHINE<br \/>\nHOLZIGE NOTIZEN<br \/>\nDUFTBESCHREIBUNG:<\/p>\n<p>Ein intensives orientalisch-holziges Damenparf\u00fcm, das die Kraft hat, sich zu l\u00f6sen. Der wunderbare, faszinierende Duft dieses Eau de Parfums spiegelt die urspr\u00fcnglichen Akkorde des Parfums Alien von Thierry Mugler wider. Der ungew\u00f6hnliche Duft von Amber wird hier mit Jasmin und holzigen Noten kombiniert, um eine ikonische, intensive Komposition zu schaffen.<\/p>\n","protected":false},"excerpt":{"rendered":"<p>Inspiration : Thierry Mugler Alien EDP 60ML<\/p>\n<p class=\"product__text inline-richtext\"><strong>\u2705 Eau de toilette 19-21% Parfum<\/strong><\/p>\n<p class=\"product__text inline-richtext\"><strong>\u2705 Le parfum dure une seconde journ\u00e9e<\/strong><\/p>\n<p class=\"product__text inline-richtext\"><strong>Achetez le parfum, pas la marque - \u00e9conomisez de l&rsquo;argent<\/strong><\/p>\n","protected":false},"featured_media":35271,"comment_status":"open","ping_status":"closed","template":"","meta":{"_acf_changed":false},"product_brand":[],"product_cat":[213,203],"product_tag":[],"class_list":{"0":"post-26692","1":"product","2":"type-product","3":"status-publish","4":"has-post-thumbnail","6":"product_cat-meilleures-ventes","7":"product_cat-pour-les-femmes","9":"first","10":"instock","11":"shipping-taxable","12":"purchasable","13":"product-type-variable"},"acf":[],"aioseo_notices":[],"jetpack_sharing_enabled":true,"_links":{"self":[{"href":"https:\/\/dupescents.co\/fr\/wp-json\/wp\/v2\/product\/26692","targetHints":{"allow":["GET"]}}],"collection":[{"href":"https:\/\/dupescents.co\/fr\/wp-json\/wp\/v2\/product"}],"about":[{"href":"https:\/\/dupescents.co\/fr\/wp-json\/wp\/v2\/types\/product"}],"replies":[{"embeddable":true,"href":"https:\/\/dupescents.co\/fr\/wp-json\/wp\/v2\/comments?post=26692"}],"wp:featuredmedia":[{"embeddable":true,"href":"https:\/\/dupescents.co\/fr\/wp-json\/wp\/v2\/media\/35271"}],"wp:attachment":[{"href":"https:\/\/dupescents.co\/fr\/wp-json\/wp\/v2\/media?parent=26692"}],"wp:term":[{"taxonomy":"product_brand","embeddable":true,"href":"https:\/\/dupescents.co\/fr\/wp-json\/wp\/v2\/product_brand?post=26692"},{"taxonomy":"product_cat","embeddable":true,"href":"https:\/\/dupescents.co\/fr\/wp-json\/wp\/v2\/product_cat?post=26692"},{"taxonomy":"product_tag","embeddable":true,"href":"https:\/\/dupescents.co\/fr\/wp-json\/wp\/v2\/product_tag?post=26692"}],"curies":[{"name":"wp","href":"https:\/\/api.w.org\/{rel}","templated":true}]}}